{"id":669,"date":"2011-09-13T22:57:58","date_gmt":"2011-09-13T20:57:58","guid":{"rendered":"http:\/\/csillagpor.hu\/remek\/programok\/?page_id=669"},"modified":"2022-06-30T18:29:56","modified_gmt":"2022-06-30T16:29:56","slug":"artweaver-screenshot","status":"publish","type":"page","link":"https:\/\/csillagpor.hu\/remek\/programok\/artweaver-screenshot","title":{"rendered":"Artweaver k\u00e9perny\u0151k\u00e9pek"},"content":{"rendered":"<p>Ezeket a kiterjeszt\u00e9seket rendeli <a target=\"_blank\" title=\"artweaver\" href=\"\/\/csillagpor.hu\/remek\/programok\/artweaver-kepszerkeszto\" rel=\"noopener noreferrer\">az Artweaverhez<\/a> ha akarjuk&#8230;<br \/>\n<img decoding=\"async\" loading=\"lazy\" alt=\"Artweaver kiterjeszt\u00e9sek\" src=\"\/\/cuccokhalomban.csillagpor.hu\/pict\/artweaver-kepernyokep-1.jpg\" width=\"503\" height=\"388\" \/><\/p>\n<p>Ha nem akarjuk, hogy k\u00e9s\u0151bb is r\u00e1k\u00e9rdezzen a v\u00e1s\u00e1rl\u00e1sra, akkor pipa a Do not show againbe \u00e9s Close.<br \/>\n<img decoding=\"async\" loading=\"lazy\" alt=\"Artweaver nem fizetek\" src=\"\/\/cuccokhalomban.csillagpor.hu\/pict\/artweaver-kepernyokep-2.jpg\" width=\"516\" height=\"379\" \/><\/p>\n<p>Screen mode &#8230; norm\u00e1l vagy teljes k\u00e9perny\u0151s &#8230; am\u00fagy nem ilyen halv\u00e1ny, csak ez a k\u00e9perny\u0151k\u00e9p most \u00edgy siker\u00fclt &#8230;<br \/>\n<img decoding=\"async\" loading=\"lazy\" alt=\"Artweaver n\u00e9zet\" src=\"\/\/cuccokhalomban.csillagpor.hu\/pict\/artweaver-kepernyokep-3.jpg\" width=\"684\" height=\"500\" \/><\/p>\n<p>Sz\u0171r\u0151k &#8230; pl. torz\u00edt\u00e1s.<br \/>\n<img decoding=\"async\" loading=\"lazy\" alt=\"Artweaver sz\u0171r\u0151k\" src=\"\/\/cuccokhalomban.csillagpor.hu\/pict\/artweaver-kepernyokep-5.jpg\" width=\"684\" height=\"500\" \/><\/p>\n<p>PDF-be is export\u00e1lhatjuk ha akarjuk.<br \/>\n<img decoding=\"async\" loading=\"lazy\" alt=\"Artweaver PDF\" src=\"\/\/cuccokhalomban.csillagpor.hu\/pict\/artweaver-kepernyokep-6.jpg\" width=\"684\" height=\"500\" \/><\/p>\n<p>&#8230;&#8230;&#8230;&#8230;..r\u00e9gebbi verzi\u00f3&#8230;&#8230;&#8230;..<\/p>\n<p>Az <a target=\"_blank\" title=\"artweaver\" href=\"\/\/csillagpor.hu\/remek\/programok\/artweaver-kepszerkeszto\" rel=\"noopener noreferrer\">Artweaver<\/a> Photoshop st\u00edlus\u00fa <a target=\"_blank\" href=\"\/\/csillagpor.hu\/remek\/programok\/kepszerkeszto-programok\" rel=\"noopener noreferrer\">k\u00e9pszerkeszt\u0151 program<\/a> elind\u00edtva. Egy hirtelen ping\u00e1lt k\u00e9p.<br \/>\n<img decoding=\"async\" loading=\"lazy\" alt=\"Artweaver, Photoshop st\u00edlusban\" src=\"\/\/cuccokhalomban.csillagpor.hu\/pict\/artweaver-screenshot.jpg\" width=\"688\" height=\"500\" \/><\/p>\n<p>Ecset t\u00edpusok, sz\u00f3r\u00f3pisztolyok, m\u0171v\u00e9szetek, kalligr\u00e1fia, kr\u00e9ta, sz\u00e9n, zs\u00edrkr\u00e9t\u00e1k&#8230;<br \/>\n<img decoding=\"async\" loading=\"lazy\" alt=\"Artweaver eszk\u00f6z\u00f6k\" src=\"\/\/cuccokhalomban.csillagpor.hu\/pict\/artweaver-screenshot-1.jpg\" width=\"688\" height=\"500\" \/>\n<\/p>\n<p>Sz\u00edn\u00e1rnyalat, tel\u00edtetts\u00e9g, vil\u00e1goss\u00e1g \u00e1ll\u00edt\u00e1s.<br \/>\n<img decoding=\"async\" loading=\"lazy\" alt=\"Artweaver sz\u00edn\u00e1rnyalat\" src=\"\/\/cuccokhalomban.csillagpor.hu\/pict\/artweaver-screenshot-2.jpg\" width=\"688\" height=\"500\" \/>\n<\/p>\n<p>Lencse sz\u0171r\u0151 er\u0151ss\u00e9g be\u00e1ll\u00edt\u00e1s.<br \/>\n<img decoding=\"async\" loading=\"lazy\" alt=\"Artweaver lencse sz\u0171r\u0151\" src=\"\/\/cuccokhalomban.csillagpor.hu\/pict\/artweaver-screenshot-3.jpg\" width=\"688\" height=\"500\" \/>\n<\/p>\n<p>N\u00e9vjegy, k\u00e9sz\u00edt\u0151. Boris Eyrich<br \/>\n<img decoding=\"async\" loading=\"lazy\" alt=\"Artweaver k\u00e9sz\u00edt\u0151\" src=\"\/\/cuccokhalomban.csillagpor.hu\/pict\/artweaver-screenshot-4.jpg\" width=\"688\" height=\"500\" \/><\/p>\n","protected":false},"excerpt":{"rendered":"<p><a target=\"_blank\" title=\"artweaver k\u00e9perny\u0151k\u00e9pek\" href=\"\/\/csillagpor.hu\/remek\/programok\/artweaver-screenshot\" rel=\"noopener noreferrer\"><img decoding=\"async\" loading=\"lazy\" alt=\"Artweaver\" src=\"\/\/cuccokhalomban.csillagpor.hu\/pict\/artweaver-kicsi.jpg\" width=\"100\" height=\"73\" class=\"flr\" \/><\/a>Ezeket a kiterjeszt\u00e9seket rendeli az Artweaverhez ha akarjuk&#8230; Ha nem akarjuk, hogy k\u00e9s\u0151bb is r\u00e1k\u00e9rdezzen a v\u00e1s\u00e1rl\u00e1sra, akkor pipa a Do not show againbe \u00e9s Close. Screen mode &#8230; norm\u00e1l vagy teljes k\u00e9perny\u0151s &#8230; am\u00fagy nem ilyen halv\u00e1ny, csak ez a k\u00e9perny\u0151k\u00e9p most \u00edgy siker\u00fclt &#8230; PDF-be is export\u00e1lhatjuk ha akarjuk&#8230;<\/p>\n","protected":false},"author":1,"featured_media":0,"parent":0,"menu_order":0,"comment_status":"closed","ping_status":"closed","template":"","meta":{"footnotes":""},"_links":{"self":[{"href":"https:\/\/csillagpor.hu\/remek\/programok\/wp-json\/wp\/v2\/pages\/669"}],"collection":[{"href":"https:\/\/csillagpor.hu\/remek\/programok\/wp-json\/wp\/v2\/pages"}],"about":[{"href":"https:\/\/csillagpor.hu\/remek\/programok\/wp-json\/wp\/v2\/types\/page"}],"author":[{"embeddable":true,"href":"https:\/\/csillagpor.hu\/remek\/programok\/wp-json\/wp\/v2\/users\/1"}],"replies":[{"embeddable":true,"href":"https:\/\/csillagpor.hu\/remek\/programok\/wp-json\/wp\/v2\/comments?post=669"}],"version-history":[{"count":0,"href":"https:\/\/csillagpor.hu\/remek\/programok\/wp-json\/wp\/v2\/pages\/669\/revisions"}],"wp:attachment":[{"href":"https:\/\/csillagpor.hu\/remek\/programok\/wp-json\/wp\/v2\/media?parent=669"}],"curies":[{"name":"wp","href":"https:\/\/api.w.org\/{rel}","templated":true}]}}