{"id":673,"date":"2011-09-14T16:07:39","date_gmt":"2011-09-14T14:07:39","guid":{"rendered":"http:\/\/csillagpor.hu\/remek\/programok\/?page_id=673"},"modified":"2022-06-30T18:24:47","modified_gmt":"2022-06-30T16:24:47","slug":"easy-photo-effects-screenshot","status":"publish","type":"page","link":"https:\/\/csillagpor.hu\/remek\/programok\/easy-photo-effects-screenshot","title":{"rendered":"Easy Photo Effects k\u00e9perny\u0151k\u00e9pek"},"content":{"rendered":"<p>Az <a target=\"_blank\" title=\"easy photo effects\" href=\"\/\/csillagpor.hu\/remek\/programok\/easy-photo-effects\" rel=\"noopener noreferrer\">Easy Photo Effects<\/a> <a target=\"_blank\" href=\"\/\/csillagpor.hu\/remek\/programok\/kepszerkeszto-programok\" rel=\"noopener noreferrer\">f\u00e9nyk\u00e9p effektez\u0151<\/a>, benne az eredeti k\u00e9p, f\u00f6l\u00f6tte a v\u00e1rakoz\u00f3 effekt gombok.<br \/>\n<img decoding=\"async\" loading=\"lazy\" alt=\"Easy Photo Effects f\u00e9nyk\u00e9p effektez\u0151\" src=\"\/\/cuccokhalomban.csillagpor.hu\/pict\/easy-photo-effects-screenshot.jpg\" width=\"636\" height=\"500\" \/>\n<\/p>\n<p>A sz\u00e9pia effekt sz\u00edn be\u00e1ll\u00edt\u00e1sa.<br \/>\n<img decoding=\"async\" loading=\"lazy\" alt=\"Easy Photo Effects sz\u00e9pia\" src=\"\/\/cuccokhalomban.csillagpor.hu\/pict\/easy-photo-effects-screenshot-1.jpg\" width=\"636\" height=\"500\" \/>\n<\/p>\n<p>Fekete-feh\u00e9r effekt.<br \/>\n<img decoding=\"async\" loading=\"lazy\" alt=\"Easy Photo Effects fekete-feh\u00e9r\" src=\"\/\/cuccokhalomban.csillagpor.hu\/pict\/easy-photo-effects-screenshot-2.jpg\" width=\"636\" height=\"500\" \/>\n<\/p>\n<p>Sz\u00ednezett r\u00e1cs effekt.<br \/>\n<img decoding=\"async\" loading=\"lazy\" alt=\"Easy Photo Effects sz\u00ednezett r\u00e1cs\" src=\"\/\/cuccokhalomban.csillagpor.hu\/pict\/easy-photo-effects-screenshot-3.jpg\" width=\"636\" height=\"500\" \/>\n<\/p>\n<p>Az \u00e1tm\u00e9retez\u00e9s be\u00e1ll\u00edt\u00e1sai.<br \/>\n<img decoding=\"async\" loading=\"lazy\" alt=\"Easy Photo Effects \u00e1tm\u00e9retez\u00e9s\" src=\"\/\/cuccokhalomban.csillagpor.hu\/pict\/easy-photo-effects-screenshot-4.jpg\" width=\"636\" height=\"500\" \/>\n<\/p>\n<p>Az analogica effekt.<br \/>\n<img decoding=\"async\" loading=\"lazy\" alt=\"Easy Photo Effects analogica\" src=\"\/\/cuccokhalomban.csillagpor.hu\/pict\/easy-photo-effects-screenshot-5.jpg\" width=\"636\" height=\"500\" \/><\/p>\n","protected":false},"excerpt":{"rendered":"<p><a target=\"_blank\" title=\"Easy Photo Effects k\u00e9perny\u0151k\u00e9pek\" href=\"\/\/csillagpor.hu\/remek\/programok\/easy-photo-effects-screenshot\" rel=\"noopener noreferrer\"><img decoding=\"async\" loading=\"lazy\" alt=\"Easy Photo Effects\" src=\"\/\/cuccokhalomban.csillagpor.hu\/pict\/easy-photo-effects-kicsi.jpg\" width=\"100\" height=\"79\" class=\"flr\" \/><\/a>Az Easy Photo Effects f\u00e9nyk\u00e9p effektez\u0151, benne az eredeti k\u00e9p, f\u00f6l\u00f6tte a v\u00e1rakoz\u00f3 effekt gombok. A sz\u00e9pia effekt sz\u00edn be\u00e1ll\u00edt\u00e1sa. Fekete-feh\u00e9r effekt. Sz\u00ednezett r\u00e1cs effekt. Az \u00e1tm\u00e9retez\u00e9s be\u00e1ll\u00edt\u00e1sai. Az analogica effekt&#8230;<\/p>\n","protected":false},"author":1,"featured_media":0,"parent":0,"menu_order":0,"comment_status":"closed","ping_status":"closed","template":"","meta":{"footnotes":""},"_links":{"self":[{"href":"https:\/\/csillagpor.hu\/remek\/programok\/wp-json\/wp\/v2\/pages\/673"}],"collection":[{"href":"https:\/\/csillagpor.hu\/remek\/programok\/wp-json\/wp\/v2\/pages"}],"about":[{"href":"https:\/\/csillagpor.hu\/remek\/programok\/wp-json\/wp\/v2\/types\/page"}],"author":[{"embeddable":true,"href":"https:\/\/csillagpor.hu\/remek\/programok\/wp-json\/wp\/v2\/users\/1"}],"replies":[{"embeddable":true,"href":"https:\/\/csillagpor.hu\/remek\/programok\/wp-json\/wp\/v2\/comments?post=673"}],"version-history":[{"count":0,"href":"https:\/\/csillagpor.hu\/remek\/programok\/wp-json\/wp\/v2\/pages\/673\/revisions"}],"wp:attachment":[{"href":"https:\/\/csillagpor.hu\/remek\/programok\/wp-json\/wp\/v2\/media?parent=673"}],"curies":[{"name":"wp","href":"https:\/\/api.w.org\/{rel}","templated":true}]}}