{"id":677,"date":"2011-09-18T16:46:12","date_gmt":"2011-09-18T14:46:12","guid":{"rendered":"http:\/\/csillagpor.hu\/remek\/programok\/?page_id=677"},"modified":"2022-06-30T18:17:51","modified_gmt":"2022-06-30T16:17:51","slug":"hordozhato-free-commander-screenshot","status":"publish","type":"page","link":"https:\/\/csillagpor.hu\/remek\/programok\/hordozhato-free-commander-screenshot","title":{"rendered":"Hordozhat\u00f3 Free Commander k\u00e9perny\u0151k\u00e9pek"},"content":{"rendered":"<p><a target=\"_blank\" title=\"free commander\" href=\"\/\/csillagpor.hu\/remek\/programok\/free-commander-letoltese\" rel=\"noopener noreferrer\">Free Commander<\/a> <a target=\"_blank\" title=\"f\u00e1jlkezel\u0151\" href=\"\/\/csillagpor.hu\/remek\/programok\/fajlkezelo-tomorito-programok\" rel=\"noopener noreferrer\">k\u00e9tpaneles f\u00e1jlkezel\u0151<\/a>, lista n\u00e9zet.<br \/>\n<img decoding=\"async\" loading=\"lazy\" alt=\"Free Commander k\u00e9tpaneles f\u00e1jlkezel\u0151\" src=\"\/\/cuccokhalomban.csillagpor.hu\/pict\/free-commander-screenshot-1.jpg\" width=\"679\" height=\"500\" \/>\n<\/p>\n<p>Be\u00e1ll\u00edt\u00e1sok &#8211; \u00c1ltal\u00e1nos &#8211; Kezel\u0151fel\u00fclet nyelve.<br \/>\n<img decoding=\"async\" loading=\"lazy\" alt=\"Free Commander be\u00e1ll\u00edt\u00e1s\" src=\"\/\/cuccokhalomban.csillagpor.hu\/pict\/free-commander-screenshot-2.jpg\" width=\"679\" height=\"500\" \/>\n<\/p>\n<p>Nagy ikon n\u00e9zet, Gyors n\u00e9zettel.<br \/>\n<img decoding=\"async\" loading=\"lazy\" alt=\"Free Commander gyors n\u00e9zet\" src=\"\/\/cuccokhalomban.csillagpor.hu\/pict\/free-commander-screenshot-3.jpg\" width=\"679\" height=\"500\" \/>\n<\/p>\n<p>K\u00e9pek el\u0151n\u00e9zete.<br \/>\n<img decoding=\"async\" loading=\"lazy\" alt=\"Free Commander el\u0151n\u00e9zet\" src=\"\/\/cuccokhalomban.csillagpor.hu\/pict\/free-commander-screenshot-4.jpg\" width=\"679\" height=\"500\" \/>\n<\/p>\n<p>FTP kapcsolat be\u00e1ll\u00edt\u00e1sai.<br \/>\n<img decoding=\"async\" loading=\"lazy\" alt=\"Free Commander FTP\" src=\"\/\/cuccokhalomban.csillagpor.hu\/pict\/free-commander-screenshot-5.jpg\" width=\"679\" height=\"500\" \/>\n<\/p>\n<p>Lista n\u00e9zettel, funkci\u00f3 billenty\u0171k \u00e9s Eszk\u00f6zt\u00e1r n\u00e9lk\u00fcl.<br \/>\n<img decoding=\"async\" loading=\"lazy\" alt=\"Free Commander lista n\u00e9zet\" src=\"\/\/cuccokhalomban.csillagpor.hu\/pict\/free-commander-screenshot-6.jpg\" width=\"679\" height=\"500\" \/><\/p>\n","protected":false},"excerpt":{"rendered":"<p>Free Commander k\u00e9tpaneles f\u00e1jlkezel\u0151, lista n\u00e9zet. Be\u00e1ll\u00edt\u00e1sok &#8211; \u00c1ltal\u00e1nos &#8211; Kezel\u0151fel\u00fclet nyelve. Nagy ikon n\u00e9zet, Gyors n\u00e9zettel. K\u00e9pek el\u0151n\u00e9zete. FTP kapcsolat be\u00e1ll\u00edt\u00e1sai. Lista&#46;&#46;&#46;<\/p>\n","protected":false},"author":1,"featured_media":0,"parent":0,"menu_order":0,"comment_status":"closed","ping_status":"closed","template":"","meta":{"footnotes":""},"_links":{"self":[{"href":"https:\/\/csillagpor.hu\/remek\/programok\/wp-json\/wp\/v2\/pages\/677"}],"collection":[{"href":"https:\/\/csillagpor.hu\/remek\/programok\/wp-json\/wp\/v2\/pages"}],"about":[{"href":"https:\/\/csillagpor.hu\/remek\/programok\/wp-json\/wp\/v2\/types\/page"}],"author":[{"embeddable":true,"href":"https:\/\/csillagpor.hu\/remek\/programok\/wp-json\/wp\/v2\/users\/1"}],"replies":[{"embeddable":true,"href":"https:\/\/csillagpor.hu\/remek\/programok\/wp-json\/wp\/v2\/comments?post=677"}],"version-history":[{"count":0,"href":"https:\/\/csillagpor.hu\/remek\/programok\/wp-json\/wp\/v2\/pages\/677\/revisions"}],"wp:attachment":[{"href":"https:\/\/csillagpor.hu\/remek\/programok\/wp-json\/wp\/v2\/media?parent=677"}],"curies":[{"name":"wp","href":"https:\/\/api.w.org\/{rel}","templated":true}]}}