{"id":681,"date":"2011-09-23T15:43:57","date_gmt":"2011-09-23T13:43:57","guid":{"rendered":"http:\/\/csillagpor.hu\/remek\/programok\/?page_id=681"},"modified":"2022-06-30T18:10:35","modified_gmt":"2022-06-30T16:10:35","slug":"metro-ui-tweaker-screenshot","status":"publish","type":"page","link":"https:\/\/csillagpor.hu\/remek\/programok\/metro-ui-tweaker-screenshot","title":{"rendered":"Metro UI Tweaker k\u00e9perny\u0151k\u00e9pek"},"content":{"rendered":"<p><a target=\"_blank\" title=\"metro ui tweaker\" href=\"\/\/csillagpor.hu\/remek\/programok\/metro-ui-tweaker\" rel=\"noopener noreferrer\">A Metro UI Tweaker<\/a> alapbe\u00e1ll\u00edt\u00e1sai.<br \/>\n<img decoding=\"async\" loading=\"lazy\" alt=\"Metro UI Tweaker alapbe\u00e1ll\u00edt\u00e1sok\" src=\"\/\/cuccokhalomban.csillagpor.hu\/pict\/metro-ui-tweaker-screenshot.jpg\" width=\"600\" height=\"625\" \/>\n<\/p>\n<p>Letiltjuk a Metro Start men\u00fct \u00e9s az Explorer szalagj\u00e1t is (Ribbon).<br \/>\n<img decoding=\"async\" loading=\"lazy\" alt=\"Metro UI Tweaker\" src=\"\/\/cuccokhalomban.csillagpor.hu\/pict\/metro-ui-tweaker-screenshot-2.jpg\" width=\"800\" height=\"600\" \/>\n<\/p>\n<p>\u00c9s \u00edme a hagyom\u00e1nyos Start men\u00fc Windows 8-on.<br \/>\n<img decoding=\"async\" loading=\"lazy\" alt=\"Metro UI Tweaker Start men\u00fc\" src=\"\/\/cuccokhalomban.csillagpor.hu\/pict\/metro-ui-tweaker-screenshot-1.jpg\" width=\"800\" height=\"600\" \/><\/p>\n","protected":false},"excerpt":{"rendered":"<p>A Metro UI Tweaker alapbe\u00e1ll\u00edt\u00e1sai. Letiltjuk a Metro Start men\u00fct \u00e9s az Explorer szalagj\u00e1t is (Ribbon). \u00c9s \u00edme a hagyom\u00e1nyos Start men\u00fc Windows&#46;&#46;&#46;<\/p>\n","protected":false},"author":1,"featured_media":0,"parent":0,"menu_order":0,"comment_status":"closed","ping_status":"closed","template":"","meta":{"footnotes":""},"_links":{"self":[{"href":"https:\/\/csillagpor.hu\/remek\/programok\/wp-json\/wp\/v2\/pages\/681"}],"collection":[{"href":"https:\/\/csillagpor.hu\/remek\/programok\/wp-json\/wp\/v2\/pages"}],"about":[{"href":"https:\/\/csillagpor.hu\/remek\/programok\/wp-json\/wp\/v2\/types\/page"}],"author":[{"embeddable":true,"href":"https:\/\/csillagpor.hu\/remek\/programok\/wp-json\/wp\/v2\/users\/1"}],"replies":[{"embeddable":true,"href":"https:\/\/csillagpor.hu\/remek\/programok\/wp-json\/wp\/v2\/comments?post=681"}],"version-history":[{"count":0,"href":"https:\/\/csillagpor.hu\/remek\/programok\/wp-json\/wp\/v2\/pages\/681\/revisions"}],"wp:attachment":[{"href":"https:\/\/csillagpor.hu\/remek\/programok\/wp-json\/wp\/v2\/media?parent=681"}],"curies":[{"name":"wp","href":"https:\/\/api.w.org\/{rel}","templated":true}]}}