{"id":689,"date":"2011-09-25T23:17:06","date_gmt":"2011-09-25T21:17:06","guid":{"rendered":"http:\/\/csillagpor.hu\/remek\/programok\/?page_id=689"},"modified":"2022-06-30T17:40:39","modified_gmt":"2022-06-30T15:40:39","slug":"virtualdub-screenshot","status":"publish","type":"page","link":"https:\/\/csillagpor.hu\/remek\/programok\/virtualdub-screenshot","title":{"rendered":"VirtualDub k\u00e9perny\u0151k\u00e9pek"},"content":{"rendered":"<p>Egy p\u00e1r k\u00e9p az \u00fajabb <a target=\"_blank\" title=\"virtualdub\" href=\"\/\/csillagpor.hu\/remek\/programok\/virtualdub-videoszerkeszto\" rel=\"noopener noreferrer\">VirtualDubr\u00f3l<\/a>&#8230; A File men\u00fc &#8230; csak a WAV hangf\u00e1jlt is kimenthetj\u00fck a vide\u00f3b\u00f3l.<br \/>\n<img decoding=\"async\" loading=\"lazy\" alt=\"VirtualDub File men\u00fc\" src=\"\/\/cuccokhalomban.csillagpor.hu\/pict\/virtualdub-kepernyokep-1.jpg\" width=\"1182\" height=\"500\" \/>\n<\/p>\n<p>A vil\u00e1goss\u00e1g\/kontraszt sz\u0171r\u0151 munka k\u00f6zben.<br \/>\n<img decoding=\"async\" loading=\"lazy\" alt=\"VirtualDub sz\u0171r\u0151\" src=\"\/\/cuccokhalomban.csillagpor.hu\/pict\/virtualdub-kepernyokep-2.jpg\" width=\"1033\" height=\"500\" \/>\n<\/p>\n<p>A Video men\u00fc, innen \u00e9rj\u00fck el a sz\u0171r\u0151ket \u00e9s pl. \u00fajrat\u00f6m\u00f6r\u00edthetj\u00fck a vide\u00f3t m\u00e1s kodekkel.<br \/>\n<img decoding=\"async\" loading=\"lazy\" alt=\"VirtualDub Video\" src=\"\/\/cuccokhalomban.csillagpor.hu\/pict\/virtualdub-kepernyokep-3.jpg\" width=\"1182\" height=\"500\" \/>\n<\/p>\n<p>Az Audio men\u00fc, itt cser\u00e9lhetj\u00fck le egy vide\u00f3ban a hangf\u00e1jlt pl&#8230;<br \/>\n<img decoding=\"async\" loading=\"lazy\" alt=\"VirtualDub Audio\" src=\"\/\/cuccokhalomban.csillagpor.hu\/pict\/virtualdub-kepernyokep-4.jpg\" width=\"1182\" height=\"500\" \/>\n<\/p>\n<p>A megjelen\u00edt\u00e9s be\u00e1ll\u00edt\u00e1sai, DirectX, OpenGL&#8230;<br \/>\n<img decoding=\"async\" loading=\"lazy\" alt=\"VirtualDub Display\" src=\"\/\/cuccokhalomban.csillagpor.hu\/pict\/virtualdub-kepernyokep-5.jpg\" width=\"525\" height=\"395\" \/>\n<\/p>\n<p>A processzor be\u00e1ll\u00edt\u00e1sai, ha valami\u00e9rt letiltan\u00e1nk processzorunk bizonyos k\u00e9pess\u00e9geit.<br \/>\n<img decoding=\"async\" loading=\"lazy\" alt=\"VirtualDub CPU\" src=\"\/\/cuccokhalomban.csillagpor.hu\/pict\/virtualdub-kepernyokep-6.jpg\" width=\"525\" height=\"375\" \/>\n<\/p>\n<p>AVI be\u00e1ll\u00edt\u00e1sok.<br \/>\n<img decoding=\"async\" loading=\"lazy\" alt=\"VirtualDub AVI\" src=\"\/\/cuccokhalomban.csillagpor.hu\/pict\/virtualdub-kepernyokep-7.jpg\" width=\"525\" height=\"420\" \/>\n<\/p>\n<p>3D gyors\u00edt\u00e1st is ig\u00e9nybe vehet\u00fcnk.<br \/>\n<img decoding=\"async\" loading=\"lazy\" alt=\"VirtualDub 3D\" src=\"\/\/cuccokhalomban.csillagpor.hu\/pict\/virtualdub-kepernyokep-8.jpg\" width=\"525\" height=\"375\" \/>\n<\/p>\n<p>R\u00e9gebbi verzi\u00f3 &#8230;<\/p>\n<p><a target=\"_blank\" title=\"virtualdub\" href=\"\/\/csillagpor.hu\/remek\/programok\/virtualdub-videoszerkeszto\" rel=\"noopener noreferrer\">VirtualDub vide\u00f3szerkeszt\u0151<\/a>. M\u00e1sik f\u00e1jlb\u00f3l is beilleszthet\u00fcnk hangot.<br \/>\n<img decoding=\"async\" loading=\"lazy\" alt=\"VirtualDub hang beilleszt\u00e9s\" src=\"\/\/cuccokhalomban.csillagpor.hu\/pict\/virtualdub-screenshot-2.jpg\" width=\"800\" height=\"424\" \/>\n<\/p>\n<p>Vide\u00f3t\u00f6m\u00f6r\u00edt\u0151 codec kiv\u00e1laszt\u00e1sa.<br \/>\n<img decoding=\"async\" loading=\"lazy\" alt=\"VirtualDub vide\u00f3 t\u00f6m\u00f6r\u00edt\u00e9s\" src=\"\/\/cuccokhalomban.csillagpor.hu\/pict\/virtualdub-screenshot-3.jpg\" width=\"800\" height=\"425\" \/>\n<\/p>\n<p>Sz\u0171r\u0151 hozz\u00e1ad\u00e1sa.<br \/>\n<img decoding=\"async\" loading=\"lazy\" alt=\"VirtualDub sz\u0171r\u0151\" src=\"\/\/cuccokhalomban.csillagpor.hu\/pict\/virtualdub-screenshot.jpg\" width=\"800\" height=\"473\" \/>\n<\/p>\n<p>Export\u00e1lhatunk ak\u00e1r anim\u00e1lt GIF-be is.<br \/>\n<img decoding=\"async\" loading=\"lazy\" alt=\"VirtualDub anim GIF\" src=\"\/\/cuccokhalomban.csillagpor.hu\/pict\/virtualdub-screenshot-1.jpg\" width=\"800\" height=\"473\" \/><\/p>\n","protected":false},"excerpt":{"rendered":"<p><a target=\"_blank\" title=\"virtualdub k\u00e9perny\u0151k\u00e9pek\" href=\"\/\/csillagpor.hu\/remek\/programok\/virtualdub-screenshot\" rel=\"noopener noreferrer\"><img decoding=\"async\" loading=\"lazy\" alt=\"VirtualDub\" src=\"\/\/cuccokhalomban.csillagpor.hu\/pict\/virtualdub-kicsi.jpg\" width=\"100\" height=\"59\" class=\"flr\" \/><\/a>Egy p\u00e1r k\u00e9p az \u00fajabb VirtualDubr\u00f3l &#8230; A File men\u00fc &#8230; csak a WAV hangf\u00e1jlt is kimenthetj\u00fck a vide\u00f3b\u00f3l.  A vil\u00e1goss\u00e1g\/kontraszt sz\u0171r\u0151 munka k\u00f6zben. A Video men\u00fc, innen \u00e9rj\u00fck el a sz\u0171r\u0151ket \u00e9s pl. \u00fajrat\u00f6m\u00f6r\u00edthetj\u00fck a vide\u00f3t m\u00e1s kodekkel. Az Audio men\u00fc, itt cser\u00e9lhetj\u00fck le egy vide\u00f3ban a hangf\u00e1jlt&#8230;<\/p>\n","protected":false},"author":1,"featured_media":0,"parent":0,"menu_order":0,"comment_status":"closed","ping_status":"closed","template":"","meta":{"footnotes":""},"_links":{"self":[{"href":"https:\/\/csillagpor.hu\/remek\/programok\/wp-json\/wp\/v2\/pages\/689"}],"collection":[{"href":"https:\/\/csillagpor.hu\/remek\/programok\/wp-json\/wp\/v2\/pages"}],"about":[{"href":"https:\/\/csillagpor.hu\/remek\/programok\/wp-json\/wp\/v2\/types\/page"}],"author":[{"embeddable":true,"href":"https:\/\/csillagpor.hu\/remek\/programok\/wp-json\/wp\/v2\/users\/1"}],"replies":[{"embeddable":true,"href":"https:\/\/csillagpor.hu\/remek\/programok\/wp-json\/wp\/v2\/comments?post=689"}],"version-history":[{"count":0,"href":"https:\/\/csillagpor.hu\/remek\/programok\/wp-json\/wp\/v2\/pages\/689\/revisions"}],"wp:attachment":[{"href":"https:\/\/csillagpor.hu\/remek\/programok\/wp-json\/wp\/v2\/media?parent=689"}],"curies":[{"name":"wp","href":"https:\/\/api.w.org\/{rel}","templated":true}]}}