{"id":722,"date":"2011-10-11T15:16:22","date_gmt":"2011-10-11T13:16:22","guid":{"rendered":"http:\/\/csillagpor.hu\/remek\/programok\/?page_id=722"},"modified":"2022-06-30T18:28:41","modified_gmt":"2022-06-30T16:28:41","slug":"blender-screenshot","status":"publish","type":"page","link":"https:\/\/csillagpor.hu\/remek\/programok\/blender-screenshot","title":{"rendered":"Blender k\u00e9perny\u0151k\u00e9pek"},"content":{"rendered":"<p><a target=\"_blank\" title=\"blender\" href=\"\/\/csillagpor.hu\/remek\/programok\/blender-3d-modellezo\" rel=\"noopener noreferrer\">A Blender<\/a> 2.78 Procedural demo f\u00e1jlja. Nem rossz &#8230;<br \/>\n<img decoding=\"async\" loading=\"lazy\" alt=\"Blender 2.78 Procedural Demo\" src=\"\/\/cuccokhalomban.csillagpor.hu\/pict\/blender-kepernyokep-8.jpg\" width=\"730\" height=\"393\" \/>\n<\/p>\n<p>A <a target=\"_blank\" title=\"blender\" href=\"\/\/csillagpor.hu\/remek\/programok\/blender-3d-modellezo\" rel=\"noopener noreferrer\">Blender<\/a> Windows 10-en, 2.77a verzi\u00f3.<br \/>\n<img decoding=\"async\" loading=\"lazy\" alt=\"Blender 2.77a Windows 10\" src=\"\/\/cuccokhalomban.csillagpor.hu\/pict\/blender-kepernyokep-01.jpg\" width=\"730\" height=\"378\" \/>\n<\/p>\n<p>Tettem ide egy k\u00e9t testet &#8230; am\u00fagy dae, 3ds, fbx, bvh, ply, obj, x3d, wrl, stl, svg f\u00e1jlform\u00e1tumokb\u00f3l lehet import\u00e1lni &#8230;<br \/>\n<img decoding=\"async\" loading=\"lazy\" alt=\"Blender import\" src=\"\/\/cuccokhalomban.csillagpor.hu\/pict\/blender-kepernyokep-02.jpg\" width=\"730\" height=\"392\" \/>\n<\/p>\n<p>&#8230;  \u00e9s dae, 3ds, fbx, bvh, bly, obj, x3d, stl f\u00e1jlba lehet export\u00e1lni.<br \/>\n<img decoding=\"async\" loading=\"lazy\" alt=\"Blender export\" src=\"\/\/cuccokhalomban.csillagpor.hu\/pict\/blender-kepernyokep-03.jpg\" width=\"730\" height=\"392\" \/>\n<\/p>\n<p>&rarr; <a target=\"_blank\" title=\"A Blender magyar nyelv\u0171re \u00e1ll\u00edt\u00e1sa\" href=\"\/\/csillagpor.hu\/remek\/programok\/blender-magyar-nyelvure-allitasa\" rel=\"noopener noreferrer\">A Blender magyar nyelv\u0171re \u00e1ll\u00edt\u00e1sa<\/a><\/p>\n<p>Ebben a men\u00fcben l\u00e1thatjuk a szerkeszt\u0151 fel\u00fcletek t\u00edpusait. Sok mindent tud, egy hozz\u00e1\u00e9rt\u0151 kez\u00e9ben!<br \/>\n<img decoding=\"async\" loading=\"lazy\" alt=\"Blender editors\" src=\"\/\/cuccokhalomban.csillagpor.hu\/pict\/blender-kepernyokep-04.jpg\" width=\"730\" height=\"392\" \/>\n<\/p>\n<p>Ez pl. a Movie Clip Editor, tulajdonk\u00e9pp egy vide\u00f3szerkeszt\u0151.<br \/>\n<img decoding=\"async\" loading=\"lazy\" alt=\"Blender Movie Clip Editor\" src=\"\/\/cuccokhalomban.csillagpor.hu\/pict\/blender-kepernyokep-05.jpg\" width=\"730\" height=\"392\" \/>\n<\/p>\n<p>Ez egy minta objektum helikopter k\u00e9p\u00e9ben. Nem \u00e9n csin\u00e1ltam. Renderelj\u00fck akkor, l\u00e1ssuk milyen lesz!<br \/>\n<img decoding=\"async\" loading=\"lazy\" alt=\"Blender helikopter\" src=\"\/\/cuccokhalomban.csillagpor.hu\/pict\/blender-kepernyokep-06.jpg\" width=\"730\" height=\"392\" \/>\n<\/p>\n<p>Oh, ez igaz\u00e1n sz\u00e9p sz\u00ednes!<br \/>\n<img decoding=\"async\" loading=\"lazy\" alt=\"Blender sz\u00ednes\" src=\"\/\/cuccokhalomban.csillagpor.hu\/pict\/blender-kepernyokep-07.jpg\" width=\"730\" height=\"392\" \/>\n<\/p>\n<p>El\u0151z\u0151 verzi\u00f3k &#8230;<\/p>\n<p>A <a target=\"_blank\" title=\"blender\" href=\"\/\/csillagpor.hu\/remek\/programok\/blender-3d-modellezo\" rel=\"noopener noreferrer\">Blender 3D modellez\u0151 \u00e9s anim\u00e1tor<\/a> szoftver nyit\u00f3k\u00e9pe els\u0151 alkalommal, teljes k\u00e9perny\u0151n, k\u00e9s\u0151bb minden \u00e1tkonfigur\u00e1lhat\u00f3.<br \/>\n<img decoding=\"async\" loading=\"lazy\" alt=\"Blender 2.66\" src=\"\/\/cuccokhalomban.csillagpor.hu\/pict\/blender-screenshot-n1.jpg\" width=\"730\" height=\"411\" \/>\n<\/p>\n<p>Odahajig\u00e1ltam valamiket k\u00f6z\u00e9pre &#8230; de import\u00e1lhatjuk a 3D Studio form\u00e1tum\u00e1ban is.<br \/>\n<img decoding=\"async\" loading=\"lazy\" alt=\"Blender 3D Studio\" src=\"\/\/cuccokhalomban.csillagpor.hu\/pict\/blender-screenshot-n2.jpg\" width=\"730\" height=\"411\" \/>\n<\/p>\n<p>Itt hozz\u00e1adhatunk egy rak\u00e1s alakzatot &#8230;<br \/>\n<img decoding=\"async\" loading=\"lazy\" alt=\"Blender alakzatok\" src=\"\/\/cuccokhalomban.csillagpor.hu\/pict\/blender-screenshot-n3.jpg\" width=\"730\" height=\"411\" \/>\n<\/p>\n<p>Rendereltethetj\u00fck k\u00e9pk\u00e9nt, anim\u00e1ci\u00f3k\u00e9nt is m\u0171v\u00fcnket mondjuk az OpenGL-el.<br \/>\n<img decoding=\"async\" loading=\"lazy\" alt=\"Blender OpenGL\" src=\"\/\/cuccokhalomban.csillagpor.hu\/pict\/blender-screenshot-n4.jpg\" width=\"730\" height=\"411\" \/>\n<\/p>\n<p>Egy mini cooper minta f\u00e1jl Blender renderel\u0151 n\u00e9zetben.<br \/>\n<img decoding=\"async\" loading=\"lazy\" alt=\"Blender render\" src=\"\/\/cuccokhalomban.csillagpor.hu\/pict\/blender-screenshot-n5.jpg\" width=\"730\" height=\"411\" \/>\n<\/p>\n<p>Az aut\u00f3 Blender Game n\u00e9zetben.<br \/>\n<img decoding=\"async\" loading=\"lazy\" alt=\"Blender Game\" src=\"\/\/cuccokhalomban.csillagpor.hu\/pict\/blender-screenshot-n6.jpg\" width=\"730\" height=\"411\" \/>\n<\/p>\n<p>Itt pedig \u00e9pp a kiskocsi renderel\u00e9se folyik. Sz\u00e9p lesz nem?<br \/>\n<img decoding=\"async\" loading=\"lazy\" alt=\"Blender sz\u00e9p\" src=\"\/\/cuccokhalomban.csillagpor.hu\/pict\/blender-screenshot-n7.jpg\" width=\"730\" height=\"411\" \/>\n<\/p>\n<p>Ez pedig egy berendezett szoba, ha nem l\u00e1tn\u00e1nk &#8230;<br \/>\n<img decoding=\"async\" loading=\"lazy\" alt=\"Blender szoba\" src=\"\/\/cuccokhalomban.csillagpor.hu\/pict\/blender-screenshot-n8.jpg\" width=\"730\" height=\"411\" \/>\n<\/p>\n<p>R\u00e9szlet a <a target=\"_blank\" title=\"sintel.org\" href=\"\/\/www.sintel.org\/\" rel=\"noopener noreferrer\">Sintel<\/a> c\u00edm\u0171 Blenderrel k\u00e9sz\u00fclt filmb\u0151l.<br \/>\n<img decoding=\"async\" loading=\"lazy\" alt=\"Sintel\" src=\"\/\/cuccokhalomban.csillagpor.hu\/pict\/blender-screenshot.jpg\" width=\"730\" height=\"309\" \/>\n<\/p>\n<p>R\u00e9gebbi verzi\u00f3:<\/p>\n<p>Billenty\u0171 \u00e9s eg\u00e9r kombin\u00e1ci\u00f3k \u00e1tkonfigur\u00e1lhat\u00f3k minden m\u0171velethez.<br \/>\n<img decoding=\"async\" loading=\"lazy\" alt=\"Blender billenty\u0171 \u00e9s eg\u00e9r\" src=\"\/\/cuccokhalomban.csillagpor.hu\/pict\/blender-screenshot-2.jpg\" width=\"730\" height=\"458\" \/>\n<\/p>\n<p>Import\u00e1lhat\u00f3 3D-s form\u00e1tumok: dae, bvh, svg, ply, stl, 3ds, obj, x3d, wrl.<br \/>\n<img decoding=\"async\" loading=\"lazy\" alt=\"Blender 3D form\u00e1tumok\" src=\"\/\/cuccokhalomban.csillagpor.hu\/pict\/blender-screenshot-3.jpg\" width=\"692\" height=\"500\" \/>\n<\/p>\n<p>Export\u00e1lhat\u00f3 3D-s form\u00e1tumok: dae, bvh, ply, stl, 3ds, fbx, obj, x3d.<br \/>\n<img decoding=\"async\" loading=\"lazy\" alt=\"Blender export\u00e1l\u00e1s\" src=\"\/\/cuccokhalomban.csillagpor.hu\/pict\/blender-screenshot-4.jpg\" width=\"692\" height=\"500\" \/>\n<\/p>\n<p>Egy p\u00e9lda a msussner.de oldalr\u00f3l.<br \/>\n<img decoding=\"async\" loading=\"lazy\" alt=\"Blender p\u00e9lda\" src=\"\/\/cuccokhalomban.csillagpor.hu\/pict\/blender-screenshot-5.jpg\" width=\"730\" height=\"487\" \/>\n<\/p>\n<p>A Lighthouse c\u00edm\u0171 filmb\u0151l&#8230;<br \/>\n<img decoding=\"async\" loading=\"lazy\" alt=\"Lighthouse\" src=\"\/\/cuccokhalomban.csillagpor.hu\/pict\/blender-screenshot-6.jpg\" width=\"730\" height=\"409\" \/><\/p>\n","protected":false},"excerpt":{"rendered":"<p><a target=\"_blank\" title=\"blender k\u00e9perny\u0151k\u00e9pek\" href=\"\/\/csillagpor.hu\/remek\/programok\/blender-screenshot\" rel=\"noopener noreferrer\"><img decoding=\"async\" loading=\"lazy\" alt=\"Blender\" src=\"\/\/cuccokhalomban.csillagpor.hu\/pict\/blender-kicsi.jpg\" width=\"100\" height=\"90\" class=\"flr\" \/><\/a>A Blender 3D modellez\u0151 \u00e9s anim\u00e1tor szoftver nyit\u00f3k\u00e9pe els\u0151 alkalommal, teljes k\u00e9perny\u0151n, k\u00e9s\u0151bb minden \u00e1tkonfigur\u00e1lhat\u00f3. Odahajig\u00e1ltam valamiket k\u00f6z\u00e9pre &#8230; de import\u00e1lhatjuk a 3D Studio form\u00e1tum\u00e1ban is. Itt hozz\u00e1adhatunk egy rak\u00e1s alakzatot &#8230; Rendereltethetj\u00fck k\u00e9pk\u00e9nt, anim\u00e1ci\u00f3k\u00e9nt is m\u0171v\u00fcnket mondjuk az OpenGL-el. Egy mini cooper minta f\u00e1jl Blender renderel\u0151 n\u00e9zetben. Az aut\u00f3 Blender Game n\u00e9zetben&#8230;<\/p>\n","protected":false},"author":1,"featured_media":0,"parent":0,"menu_order":0,"comment_status":"closed","ping_status":"closed","template":"","meta":{"footnotes":""},"_links":{"self":[{"href":"https:\/\/csillagpor.hu\/remek\/programok\/wp-json\/wp\/v2\/pages\/722"}],"collection":[{"href":"https:\/\/csillagpor.hu\/remek\/programok\/wp-json\/wp\/v2\/pages"}],"about":[{"href":"https:\/\/csillagpor.hu\/remek\/programok\/wp-json\/wp\/v2\/types\/page"}],"author":[{"embeddable":true,"href":"https:\/\/csillagpor.hu\/remek\/programok\/wp-json\/wp\/v2\/users\/1"}],"replies":[{"embeddable":true,"href":"https:\/\/csillagpor.hu\/remek\/programok\/wp-json\/wp\/v2\/comments?post=722"}],"version-history":[{"count":0,"href":"https:\/\/csillagpor.hu\/remek\/programok\/wp-json\/wp\/v2\/pages\/722\/revisions"}],"wp:attachment":[{"href":"https:\/\/csillagpor.hu\/remek\/programok\/wp-json\/wp\/v2\/media?parent=722"}],"curies":[{"name":"wp","href":"https:\/\/api.w.org\/{rel}","templated":true}]}}