{"id":728,"date":"2011-10-12T15:48:26","date_gmt":"2011-10-12T13:48:26","guid":{"rendered":"http:\/\/csillagpor.hu\/remek\/programok\/?page_id=728"},"modified":"2022-06-30T18:15:59","modified_gmt":"2022-06-30T16:15:59","slug":"itunes-screenshot","status":"publish","type":"page","link":"https:\/\/csillagpor.hu\/remek\/programok\/itunes-screenshot","title":{"rendered":"iTunes k\u00e9perny\u0151k\u00e9pek"},"content":{"rendered":"<p><a target=\"_blank\" title=\"itunes\" href=\"\/\/csillagpor.hu\/remek\/programok\/itunes-letoltese\" rel=\"noopener noreferrer\">Az iTunes m\u00e9diaf\u00e1jl katalogiz\u00e1l\u00f3 \u00e9s lej\u00e1tsz\u00f3<\/a> magyar nyelven.<br \/>\n<img decoding=\"async\" loading=\"lazy\" alt=\"iTunes m\u00e9diaf\u00e1jl katalogiz\u00e1l\u00f3\" src=\"\/\/cuccokhalomban.csillagpor.hu\/pict\/itunes-screenshot.jpg\" width=\"749\" height=\"500\" \/>\n<\/p>\n<p>R\u00e1di\u00f3 \u00e1llom\u00e1s m\u0171fajok.<br \/>\n<img decoding=\"async\" loading=\"lazy\" alt=\"iTunes r\u00e1di\u00f3k\" src=\"\/\/cuccokhalomban.csillagpor.hu\/pict\/itunes-screenshot-1.jpg\" width=\"749\" height=\"500\" \/>\n<\/p>\n<p>iTunes Store magyar zen\u00e9kkel.<br \/>\n<img decoding=\"async\" loading=\"lazy\" alt=\"iTunes Store\" src=\"\/\/cuccokhalomban.csillagpor.hu\/pict\/itunes-screenshot-2.jpg\" width=\"749\" height=\"500\" \/>\n<\/p>\n<p>Megoszt\u00e1sok be\u00e1ll\u00edt\u00e1sai.<br \/>\n<img decoding=\"async\" loading=\"lazy\" alt=\"iTunes megoszt\u00e1sok\" src=\"\/\/cuccokhalomban.csillagpor.hu\/pict\/itunes-screenshot-3.jpg\" width=\"749\" height=\"500\" \/><\/p>\n","protected":false},"excerpt":{"rendered":"<p>Az iTunes m\u00e9diaf\u00e1jl katalogiz\u00e1l\u00f3 \u00e9s lej\u00e1tsz\u00f3 magyar nyelven. R\u00e1di\u00f3 \u00e1llom\u00e1s m\u0171fajok. iTunes Store magyar zen\u00e9kkel. Megoszt\u00e1sok be\u00e1ll\u00edt\u00e1sai.<\/p>\n","protected":false},"author":1,"featured_media":0,"parent":0,"menu_order":0,"comment_status":"closed","ping_status":"closed","template":"","meta":{"footnotes":""},"_links":{"self":[{"href":"https:\/\/csillagpor.hu\/remek\/programok\/wp-json\/wp\/v2\/pages\/728"}],"collection":[{"href":"https:\/\/csillagpor.hu\/remek\/programok\/wp-json\/wp\/v2\/pages"}],"about":[{"href":"https:\/\/csillagpor.hu\/remek\/programok\/wp-json\/wp\/v2\/types\/page"}],"author":[{"embeddable":true,"href":"https:\/\/csillagpor.hu\/remek\/programok\/wp-json\/wp\/v2\/users\/1"}],"replies":[{"embeddable":true,"href":"https:\/\/csillagpor.hu\/remek\/programok\/wp-json\/wp\/v2\/comments?post=728"}],"version-history":[{"count":0,"href":"https:\/\/csillagpor.hu\/remek\/programok\/wp-json\/wp\/v2\/pages\/728\/revisions"}],"wp:attachment":[{"href":"https:\/\/csillagpor.hu\/remek\/programok\/wp-json\/wp\/v2\/media?parent=728"}],"curies":[{"name":"wp","href":"https:\/\/api.w.org\/{rel}","templated":true}]}}