{"id":735,"date":"2011-10-15T15:10:20","date_gmt":"2011-10-15T13:10:20","guid":{"rendered":"http:\/\/csillagpor.hu\/remek\/programok\/?page_id=735"},"modified":"2022-06-30T17:34:35","modified_gmt":"2022-06-30T15:34:35","slug":"xampp-screenshot","status":"publish","type":"page","link":"https:\/\/csillagpor.hu\/remek\/programok\/xampp-screenshot","title":{"rendered":"XAMPP k\u00e9perny\u0151k\u00e9pek"},"content":{"rendered":"<p>Az <a target=\"_blank\" title=\"xampp\" href=\"\/\/csillagpor.hu\/remek\/programok\/xampp-letoltese\" rel=\"noopener noreferrer\">XAMPP webszerver csomag<\/a>. Control Panel: az Apache \u00e9s a MySQL fut &#8230;<br \/>\n<img decoding=\"async\" loading=\"lazy\" alt=\"XAMPP Control Panel\" src=\"\/\/cuccokhalomban.csillagpor.hu\/pict\/xampp-screenshot.jpg\" width=\"446\" height=\"391\" \/>\n<\/p>\n<p>XAMPP Admin fel\u00fclet &#8211; localhost\/xampp\/ &#8211; XAMMP Status<br \/>\n<img decoding=\"async\" loading=\"lazy\" alt=\"XAMPP Admin fel\u00fclet\" src=\"\/\/cuccokhalomban.csillagpor.hu\/pict\/xampp-screenshot-1.jpg\" width=\"800\" height=\"506\" \/>\n<\/p>\n<p>Admin fel\u00fclet &#8211; phpinfo()<br \/>\n<img decoding=\"async\" loading=\"lazy\" alt=\"XAMPP phpinfo\" src=\"\/\/cuccokhalomban.csillagpor.hu\/pict\/xampp-screenshot-2.jpg\" width=\"800\" height=\"506\" \/>\n<\/p>\n<p>phpMyAdmin<br \/>\n<img decoding=\"async\" loading=\"lazy\" alt=\"XAMPP phpMyAdmin\" src=\"\/\/cuccokhalomban.csillagpor.hu\/pict\/xampp-screenshot-3.jpg\" width=\"800\" height=\"506\" \/>\n<\/p>\n<p>Webalizer, havi forgalmak.<br \/>\n<img decoding=\"async\" loading=\"lazy\" alt=\"XAMPP Webalizer\" src=\"\/\/cuccokhalomban.csillagpor.hu\/pict\/xampp-screenshot-4.jpg\" width=\"800\" height=\"506\" \/><\/p>\n","protected":false},"excerpt":{"rendered":"<p>Az XAMPP webszerver csomag. Control Panel: az Apache \u00e9s a MySQL fut &#8230; XAMPP Admin fel\u00fclet &#8211; localhost\/xampp\/ &#8211; XAMMP Status Admin fel\u00fclet&#46;&#46;&#46;<\/p>\n","protected":false},"author":1,"featured_media":0,"parent":0,"menu_order":0,"comment_status":"closed","ping_status":"closed","template":"","meta":{"footnotes":""},"_links":{"self":[{"href":"https:\/\/csillagpor.hu\/remek\/programok\/wp-json\/wp\/v2\/pages\/735"}],"collection":[{"href":"https:\/\/csillagpor.hu\/remek\/programok\/wp-json\/wp\/v2\/pages"}],"about":[{"href":"https:\/\/csillagpor.hu\/remek\/programok\/wp-json\/wp\/v2\/types\/page"}],"author":[{"embeddable":true,"href":"https:\/\/csillagpor.hu\/remek\/programok\/wp-json\/wp\/v2\/users\/1"}],"replies":[{"embeddable":true,"href":"https:\/\/csillagpor.hu\/remek\/programok\/wp-json\/wp\/v2\/comments?post=735"}],"version-history":[{"count":0,"href":"https:\/\/csillagpor.hu\/remek\/programok\/wp-json\/wp\/v2\/pages\/735\/revisions"}],"wp:attachment":[{"href":"https:\/\/csillagpor.hu\/remek\/programok\/wp-json\/wp\/v2\/media?parent=735"}],"curies":[{"name":"wp","href":"https:\/\/api.w.org\/{rel}","templated":true}]}}