{"id":741,"date":"2011-10-16T21:49:07","date_gmt":"2011-10-16T19:49:07","guid":{"rendered":"http:\/\/csillagpor.hu\/remek\/programok\/?page_id=741"},"modified":"2022-06-30T18:05:31","modified_gmt":"2022-06-30T16:05:31","slug":"paintdotnet-screenshot","status":"publish","type":"page","link":"https:\/\/csillagpor.hu\/remek\/programok\/paintdotnet-screenshot","title":{"rendered":"Paint.NET k\u00e9perny\u0151k\u00e9pek"},"content":{"rendered":"<p><a target=\"_blank\" title=\"paint.net\" href=\"\/\/csillagpor.hu\/remek\/programok\/paint-net-letoltes\" rel=\"noopener noreferrer\">A Paint.NET<\/a> k\u00e9pszerkeszt\u0151 4.0.12-es verzi\u00f3ja Windows 10-en. K\u00e9peket beolvastathatunk kamer\u00e1b\u00f3l vagy szkennerb\u0151l is.<br \/>\n<img decoding=\"async\" loading=\"lazy\" alt=\"Paint.NET Windows 10\" src=\"\/\/cuccokhalomban.csillagpor.hu\/pict\/paint.net-kepernyokep-1.jpg\" width=\"730\" height=\"564\" \/>\n<\/p>\n<p>Sokf\u00e9le kijel\u00f6l\u00e9si, m\u00e1sol\u00e1si, beilleszt\u00e9si lehet\u0151s\u00e9g, \u00e9s legfel\u00fcl a v\u00e9gtelen visszavon\u00e1s.<br \/>\n<img decoding=\"async\" loading=\"lazy\" alt=\"Paint.NET szerkeszt\u00e9s\" src=\"\/\/cuccokhalomban.csillagpor.hu\/pict\/paint.net-kepernyokep-2.jpg\" width=\"730\" height=\"564\" \/>\n<\/p>\n<p>Nagy\u00edt\u00e1s, r\u00e1cs \u00e9s vonalz\u00f3k a N\u00e9zet men\u00fcben.<br \/>\n<img decoding=\"async\" loading=\"lazy\" alt=\"Paint.NET n\u00e9zet\" src=\"\/\/cuccokhalomban.csillagpor.hu\/pict\/paint.net-kepernyokep-3.jpg\" width=\"730\" height=\"564\" \/>\n<\/p>\n<p>\u00c1tm\u00e9retez\u00e9s, f\u00fcgg\u0151leges \u00e9s v\u00edzszintes t\u00fckr\u00f6z\u00e9s, forgat\u00e1s, k\u00f6rbeny\u00edr\u00e1s, r\u00e9tegek egyes\u00edt\u00e9se &#8230; ez a K\u00e9p men\u00fc.<br \/>\n<img decoding=\"async\" loading=\"lazy\" alt=\"Paint.NET k\u00e9p men\u00fc\" src=\"\/\/cuccokhalomban.csillagpor.hu\/pict\/paint.net-kepernyokep-4.jpg\" width=\"730\" height=\"564\" \/>\n<\/p>\n<p>Az \u00e1tm\u00e9retez\u00e9s be\u00e1ll\u00edt\u00e1si lehet\u0151s\u00e9gei.<br \/>\n<img decoding=\"async\" loading=\"lazy\" alt=\"Paint.NET \u00e1tm\u00e9retez\u00e9s\" src=\"\/\/cuccokhalomban.csillagpor.hu\/pict\/paint.net-kepernyokep-5.jpg\" width=\"730\" height=\"564\" \/>\n<\/p>\n<p>Akkor itt most t\u00fckr\u00f6ztem f\u00fcgg\u0151legesen a firk\u00e1lm\u00e1nyomat.<br \/>\n<img decoding=\"async\" loading=\"lazy\" alt=\"Paint.NET f\u00fcgg\u0151leges t\u00fckr\u00f6z\u00e9s\" src=\"\/\/cuccokhalomban.csillagpor.hu\/pict\/paint.net-kepernyokep-6.jpg\" width=\"730\" height=\"564\" \/>\n<\/p>\n<p>R\u00e9tegek \u00e9s azok tulajdons\u00e1gai.<br \/>\n<img decoding=\"async\" loading=\"lazy\" alt=\"Paint.NET r\u00e9tegek\" src=\"\/\/cuccokhalomban.csillagpor.hu\/pict\/paint.net-kepernyokep-7.jpg\" width=\"730\" height=\"564\" \/>\n<\/p>\n<p>Teh\u00e1t ezek a tulajdons\u00e1gok, pl. \u00e1ttetsz\u0151s\u00e9g.<br \/>\n<img decoding=\"async\" loading=\"lazy\" alt=\"Paint.NET r\u00e9teg \u00e1ttetsz\u0151s\u00e9g\" src=\"\/\/cuccokhalomban.csillagpor.hu\/pict\/paint.net-kepernyokep-8.jpg\" width=\"730\" height=\"564\" \/>\n<\/p>\n<p>Korrekci\u00f3k: automatikus szintek, \u00e1rnyalat \/ tel\u00edtetts\u00e9g, fekete \u00e9s feh\u00e9r, f\u00e9nyer\u0151 \/ kontraszt, g\u00f6rb\u00e9k, kem\u00e9ny\u00edt\u00e9s, sz\u00e9pia, sz\u00ednek konvert\u00e1l\u00e1sa, szintek, \u00e9s mindegyikhez k\u00fcl\u00f6n billenty\u0171zet kombin\u00e1ci\u00f3.<br \/>\n<img decoding=\"async\" loading=\"lazy\" alt=\"Paint.NET korrekci\u00f3k\" src=\"\/\/cuccokhalomban.csillagpor.hu\/pict\/paint.net-kepernyokep-9.jpg\" width=\"730\" height=\"564\" \/>\n<\/p>\n<p>Minden korrekci\u00f3nak vannak be\u00e1ll\u00edt\u00e1sai is, pl. mint a f\u00e9nyer\u0151 \u00e9s kontraszt korrig\u00e1l\u00e1si lehet\u0151s\u00e9gnek is.<br \/>\n<img decoding=\"async\" loading=\"lazy\" alt=\"Paint.NET korrekci\u00f3 be\u00e1ll\u00edt\u00e1sok\" src=\"\/\/cuccokhalomban.csillagpor.hu\/pict\/paint.net-kepernyokep-10.jpg\" width=\"730\" height=\"564\" \/>\n<\/p>\n<p>Effektek: deform\u00e1ci\u00f3, fot\u00f3, hom\u00e1lyos\u00edt\u00e1s, m\u0171v\u00e9szi, renderel\u00e9s, stiliz\u00e1lt, zaj \u00e9s mindezeknek t\u00f6bb v\u00e1ltozata \u00e9rhet\u0151 el.<br \/>\n<img decoding=\"async\" loading=\"lazy\" alt=\"Paint.NET \" src=\"\/\/cuccokhalomban.csillagpor.hu\/pict\/paint.net-kepernyokep-11.jpg\" width=\"730\" height=\"564\" \/>\n<\/p>\n<p>N\u00e9zz\u00fck a stiliz\u00e1lt &#8211; dombor\u00edt\u00e1st &#8230;<br \/>\n<img decoding=\"async\" loading=\"lazy\" alt=\"Paint.NET dombor\u00edt\u00e1st\" src=\"\/\/cuccokhalomban.csillagpor.hu\/pict\/paint.net-kepernyokep-12.jpg\" width=\"730\" height=\"564\" \/>\n<\/p>\n<p>&#8230; \u00e9s annak sz\u00f6gbe\u00e1ll\u00edt\u00e1s\u00e1t.<br \/>\n<img decoding=\"async\" loading=\"lazy\" alt=\"Paint.NET sz\u00f6gbe\u00e1ll\u00edt\u00e1s\" src=\"\/\/cuccokhalomban.csillagpor.hu\/pict\/paint.net-kepernyokep-13.jpg\" width=\"730\" height=\"564\" \/>\n<\/p>\n<p>Ez pedig az olajfestm\u00e9ny ecsete \u00e9s durvas\u00e1ga.<br \/>\n<img decoding=\"async\" loading=\"lazy\" alt=\"Paint.NET olajfestm\u00e9ny\" src=\"\/\/cuccokhalomban.csillagpor.hu\/pict\/paint.net-kepernyokep-14.jpg\" width=\"730\" height=\"564\" \/>\n<\/p>\n<p>Medi\u00e1n &#8230; sug\u00e1r, sz\u00e1zal\u00e9k.<br \/>\n<img decoding=\"async\" loading=\"lazy\" alt=\"Paint.NET medi\u00e1n\" src=\"\/\/cuccokhalomban.csillagpor.hu\/pict\/paint.net-kepernyokep-15.jpg\" width=\"730\" height=\"564\" \/>\n<\/p>\n<p>Julia Frakt\u00e1l: faktor, nagy\u00edt\u00e1s, sz\u00f6g \u00e9s min\u0151s\u00e9g megad\u00e1sa.<br \/>\n<img decoding=\"async\" loading=\"lazy\" alt=\"Paint.NET Julia frakt\u00e1l\" src=\"\/\/cuccokhalomban.csillagpor.hu\/pict\/paint.net-kepernyokep-16.jpg\" width=\"730\" height=\"564\" \/>\n<\/p>\n<p>Be\u00e1ll\u00edt\u00e1sok, felhaszn\u00e1l\u00f3i fel\u00fclet, haszn\u00e1ljunk e hardveres gyors\u00edt\u00e1st, anim\u00e1ci\u00f3t, \u00e1ttetsz\u0151 ablakokat &#8230; no \u00e9s itt van a sz\u00ednt\u00e9ma \u00e9s a felhaszn\u00e1l\u00f3i fel\u00fclet nyelve is.<br \/>\n<img decoding=\"async\" loading=\"lazy\" alt=\"Paint.NET be\u00e1ll\u00edt\u00e1sok\" src=\"\/\/cuccokhalomban.csillagpor.hu\/pict\/paint.net-kepernyokep-17.jpg\" width=\"730\" height=\"564\" \/>\n<\/p>\n<p>Az eszk\u00f6z\u00f6k be\u00e1ll\u00edt\u00e1sai.<br \/>\n<img decoding=\"async\" loading=\"lazy\" alt=\"Paint.NET eszk\u00f6z\u00f6k\" src=\"\/\/cuccokhalomban.csillagpor.hu\/pict\/paint.net-kepernyokep-18.jpg\" width=\"730\" height=\"564\" \/>\n<\/p>\n<p> &#8230; szint\u00e9n &#8230;<br \/>\n<img decoding=\"async\" loading=\"lazy\" alt=\"Paint.NET eszk\u00f6z\u00f6k be\u00e1ll\u00edt\u00e1sai\" src=\"\/\/cuccokhalomban.csillagpor.hu\/pict\/paint.net-kepernyokep-19.jpg\" width=\"730\" height=\"564\" \/>\n<\/p>\n<p>R\u00e9gebbi verzi\u00f3k &#8230;<\/p>\n<p><a target=\"_blank\" title=\"paint .net\" href=\"\/\/csillagpor.hu\/remek\/programok\/paint-net-letoltes\" rel=\"noopener noreferrer\">A Paint.NET<\/a> <a target=\"_blank\" href=\"\/\/csillagpor.hu\/remek\/programok\/kepszerkeszto-programok\" rel=\"noopener noreferrer\">k\u00e9pszerkeszt\u0151<\/a> m\u00e9g k\u00e9p n\u00e9lk\u00fcl, a History, Layers, Colors \u00e9s Tools panelekkel.<br \/>\n<img decoding=\"async\" loading=\"lazy\" alt=\"Paint.NET k\u00e9pszerkeszt\u0151\" src=\"\/\/cuccokhalomban.csillagpor.hu\/pict\/paintdotnet-screenshot.jpg\" width=\"714\" height=\"500\" \/>\n<\/p>\n<p>R\u00e9teg kezel\u00e9s, be\u00e1ll\u00edt\u00e1sok \u00e9s billenty\u0171kombin\u00e1ci\u00f3k, a gyors munk\u00e1hoz.<br \/>\n<img decoding=\"async\" loading=\"lazy\" alt=\"Paint.NET r\u00e9teg kezel\u00e9s\" src=\"\/\/cuccokhalomban.csillagpor.hu\/pict\/paintdotnet-screenshot-1.jpg\" width=\"716\" height=\"500\" \/>\n<\/p>\n<p>Hat\u00e1sok, m\u0171v\u00e9szi, elmos\u00e1s, zaj, stiliz\u00e1lt, stb.<br \/>\n<img decoding=\"async\" loading=\"lazy\" alt=\"Paint.NET hat\u00e1sok\" src=\"\/\/cuccokhalomban.csillagpor.hu\/pict\/paintdotnet-screenshot-2.jpg\" width=\"714\" height=\"500\" \/>\n<\/p>\n<p>F\u00e9nyk\u00e9p kiigaz\u00edt\u00e1sok, m\u00f3dos\u00edt\u00e1sok, fekete-feh\u00e9r, sz\u00e9pia, vil\u00e1goss\u00e1g, kontraszt &#8230;<br \/>\n<img decoding=\"async\" loading=\"lazy\" alt=\"Paint.NET f\u00e9nyk\u00e9p m\u00f3dos\u00edt\u00e1sok\" src=\"\/\/cuccokhalomban.csillagpor.hu\/pict\/paintdotnet-screenshot-3.jpg\" width=\"714\" height=\"500\" \/>\n<\/p>\n<p>P\u00e9lda egy effektre, rotate \/ zoom \u00e9s a be\u00e1ll\u00edt\u00e1sai. Csak le ne cs\u00fasszon a mack\u00f3!<br \/>\n<img decoding=\"async\" loading=\"lazy\" alt=\"Paint.NET effektek\" src=\"\/\/cuccokhalomban.csillagpor.hu\/pict\/paintdotnet-screenshot-4.jpg\" width=\"714\" height=\"500\" \/><\/p>\n","protected":false},"excerpt":{"rendered":"<p><a target=\"_blank\" title=\"Paint.NET k\u00e9perny\u0151k\u00e9pek\" href=\"\/\/csillagpor.hu\/remek\/programok\/paintdotnet-screenshot\" rel=\"noopener noreferrer\"><img decoding=\"async\" loading=\"lazy\" alt=\"Paint.NET\" src=\"\/\/cuccokhalomban.csillagpor.hu\/pict\/paint.net-kicsi.jpg\" width=\"140\" height=\"107\" class=\"flr\" \/><\/a>A Paint.NET k\u00e9pszerkeszt\u0151 Windows 10-en. K\u00e9peket beolvastathatunk kamer\u00e1b\u00f3l vagy szkennerb\u0151l is. Sokf\u00e9le kijel\u00f6l\u00e9si, m\u00e1sol\u00e1si, beilleszt\u00e9si lehet\u0151s\u00e9g, \u00e9s legfel\u00fcl a v\u00e9gtelen visszavon\u00e1s. Nagy\u00edt\u00e1s, r\u00e1cs \u00e9s vonalz\u00f3k a N\u00e9zet men\u00fcben. \u00c1tm\u00e9retez\u00e9s, f\u00fcgg\u0151leges \u00e9s v\u00edzszintes t\u00fckr\u00f6z\u00e9s, forgat\u00e1s, k\u00f6rbeny\u00edr\u00e1s, r\u00e9tegek egyes\u00edt\u00e9se &#8230; ez a K\u00e9p men\u00fc&#8230;<\/p>\n","protected":false},"author":1,"featured_media":0,"parent":0,"menu_order":0,"comment_status":"closed","ping_status":"closed","template":"","meta":{"footnotes":""},"_links":{"self":[{"href":"https:\/\/csillagpor.hu\/remek\/programok\/wp-json\/wp\/v2\/pages\/741"}],"collection":[{"href":"https:\/\/csillagpor.hu\/remek\/programok\/wp-json\/wp\/v2\/pages"}],"about":[{"href":"https:\/\/csillagpor.hu\/remek\/programok\/wp-json\/wp\/v2\/types\/page"}],"author":[{"embeddable":true,"href":"https:\/\/csillagpor.hu\/remek\/programok\/wp-json\/wp\/v2\/users\/1"}],"replies":[{"embeddable":true,"href":"https:\/\/csillagpor.hu\/remek\/programok\/wp-json\/wp\/v2\/comments?post=741"}],"version-history":[{"count":0,"href":"https:\/\/csillagpor.hu\/remek\/programok\/wp-json\/wp\/v2\/pages\/741\/revisions"}],"wp:attachment":[{"href":"https:\/\/csillagpor.hu\/remek\/programok\/wp-json\/wp\/v2\/media?parent=741"}],"curies":[{"name":"wp","href":"https:\/\/api.w.org\/{rel}","templated":true}]}}