{"id":743,"date":"2011-10-18T16:13:10","date_gmt":"2011-10-18T14:13:10","guid":{"rendered":"http:\/\/csillagpor.hu\/remek\/programok\/?page_id=743"},"modified":"2022-06-30T18:16:54","modified_gmt":"2022-06-30T16:16:54","slug":"imgburn-screenshot","status":"publish","type":"page","link":"https:\/\/csillagpor.hu\/remek\/programok\/imgburn-screenshot","title":{"rendered":"ImgBurn k\u00e9perny\u0151k\u00e9pek"},"content":{"rendered":"<p>Az <a target=\"_blank\" title=\"imgburn\" href=\"\/\/csillagpor.hu\/remek\/programok\/imgburn-letoltese\" rel=\"noopener noreferrer\">ImgBurn lemezk\u00e9p k\u00e9sz\u00edt\u0151 \u00e9s \u00edr\u00f3<\/a> telep\u00edt\u00e9sekor az Uniblue iz\u00e9ket nem kell telep\u00edteni&#8230;<br \/>\n<img decoding=\"async\" loading=\"lazy\" alt=\"ImgBurn telep\u00edt\u00e9s\" src=\"\/\/cuccokhalomban.csillagpor.hu\/pict\/imgburn-screenshot.jpg\" width=\"503\" height=\"386\" \/>\n<\/p>\n<p> &#8230; \u00e9s nem kell telep\u00edteni az Ask Toolbart sem, ha nem akarjuk.<br \/>\n<img decoding=\"async\" loading=\"lazy\" alt=\"ImgBurn\" src=\"\/\/cuccokhalomban.csillagpor.hu\/pict\/imgburn-screenshot-1.jpg\" width=\"503\" height=\"386\" \/>\n<\/p>\n<p>Ide kell bem\u00e1solni a nyelvi f\u00e1jlt, ha szeretn\u00e9nk, hogy magyar nyelv\u0171 legyen.<br \/>\n<img decoding=\"async\" loading=\"lazy\" alt=\"ImgBurn nyelvi f\u00e1jl\" src=\"\/\/cuccokhalomban.csillagpor.hu\/pict\/imgburn-screenshot-2.jpg\" width=\"306\" height=\"77\" \/>\n<\/p>\n<p>\u00c1t\u00e1ll\u00edtjuk magyar nyelvre.<br \/>\n<img decoding=\"async\" loading=\"lazy\" alt=\"ImgBurn magyar nyelv\" src=\"\/\/cuccokhalomban.csillagpor.hu\/pict\/imgburn-screenshot-4.jpg\" width=\"654\" height=\"574\" \/>\n<\/p>\n<p>A be\u00e1ll\u00edt\u00e1sok magyarul. Figyelmeztet\u00e9sek \u00e9s vicces id\u00e9zetek elhagyhat\u00f3k, ha akarjuk.<br \/>\n<img decoding=\"async\" loading=\"lazy\" alt=\"ImgBurn be\u00e1ll\u00edt\u00e1sok\" src=\"\/\/cuccokhalomban.csillagpor.hu\/pict\/imgburn-screenshot-5.jpg\" width=\"654\" height=\"575\" \/>\n<\/p>\n<p>Az ind\u00edt\u00f3 ablak &#8211; Mit szeretne tenni? K\u00e9pf\u00e1jl \u00edr\u00e1sa lemezre, f\u00e1jlok, mapp\u00e1k lemezre \u00edr\u00e1sa, k\u00e9pf\u00e1jl k\u00e9sz\u00edt\u00e9se, lemez ellen\u0151rz\u00e9s, adatpontoss\u00e1g &#8230;<br \/>\n<img decoding=\"async\" loading=\"lazy\" alt=\"ImgBurn ind\u00edt\u00f3 ablak\" src=\"\/\/cuccokhalomban.csillagpor.hu\/pict\/imgburn-screenshot-6.jpg\" width=\"671\" height=\"449\" \/><\/p>\n","protected":false},"excerpt":{"rendered":"<p>Az ImgBurn lemezk\u00e9p k\u00e9sz\u00edt\u0151 \u00e9s \u00edr\u00f3 telep\u00edt\u00e9sekor az Uniblue iz\u00e9ket nem kell telep\u00edteni&#8230; &#8230; \u00e9s nem kell telep\u00edteni az Ask Toolbart sem, ha&#46;&#46;&#46;<\/p>\n","protected":false},"author":1,"featured_media":0,"parent":0,"menu_order":0,"comment_status":"closed","ping_status":"closed","template":"","meta":{"footnotes":""},"_links":{"self":[{"href":"https:\/\/csillagpor.hu\/remek\/programok\/wp-json\/wp\/v2\/pages\/743"}],"collection":[{"href":"https:\/\/csillagpor.hu\/remek\/programok\/wp-json\/wp\/v2\/pages"}],"about":[{"href":"https:\/\/csillagpor.hu\/remek\/programok\/wp-json\/wp\/v2\/types\/page"}],"author":[{"embeddable":true,"href":"https:\/\/csillagpor.hu\/remek\/programok\/wp-json\/wp\/v2\/users\/1"}],"replies":[{"embeddable":true,"href":"https:\/\/csillagpor.hu\/remek\/programok\/wp-json\/wp\/v2\/comments?post=743"}],"version-history":[{"count":0,"href":"https:\/\/csillagpor.hu\/remek\/programok\/wp-json\/wp\/v2\/pages\/743\/revisions"}],"wp:attachment":[{"href":"https:\/\/csillagpor.hu\/remek\/programok\/wp-json\/wp\/v2\/media?parent=743"}],"curies":[{"name":"wp","href":"https:\/\/api.w.org\/{rel}","templated":true}]}}