{"id":746,"date":"2011-10-19T16:34:47","date_gmt":"2011-10-19T14:34:47","guid":{"rendered":"http:\/\/csillagpor.hu\/remek\/programok\/?page_id=746"},"modified":"2022-06-30T17:41:27","modified_gmt":"2022-06-30T15:41:27","slug":"truespace-screenshot","status":"publish","type":"page","link":"https:\/\/csillagpor.hu\/remek\/programok\/truespace-screenshot","title":{"rendered":"trueSpace k\u00e9perny\u0151k\u00e9pek"},"content":{"rendered":"<p><a target=\"_blank\" title=\"truespace 3d\" href=\"\/\/csillagpor.hu\/remek\/programok\/truespace-3d-modellezo\" rel=\"noopener noreferrer\">trueSpace<\/a> <a target=\"_blank\" title=\"3d\" href=\"\/\/csillagpor.hu\/remek\/programok\/3d-modellezo-renderelo\" rel=\"noopener noreferrer\">3D modellez\u0151<\/a>. Az anim\u00e1ci\u00f3 szerkeszt\u00e9se, lent az id\u0151vonal, jobbra anyagok, t\u00e1rgyak, text\u00far\u00e1k, f\u00e9nyek&#8230;<br \/>\n<img decoding=\"async\" loading=\"lazy\" alt=\"trueSpace anim\u00e1ci\u00f3\" src=\"\/\/cuccokhalomban.csillagpor.hu\/pict\/truespace-screenshot.jpg\" width=\"691\" height=\"500\" \/>\n<\/p>\n<p>VE collection export settings.<br \/>\n<img decoding=\"async\" loading=\"lazy\" alt=\"trueSpace export\" src=\"\/\/cuccokhalomban.csillagpor.hu\/pict\/truespace-screenshot-2.jpg\" width=\"692\" height=\"500\" \/>\n<\/p>\n<p>Fizika \u00e9s anyag be\u00e1ll\u00edt\u00e1sok \u00e9s kockatol\u00e1s bel\u00fclr\u0151l.<br \/>\n<img decoding=\"async\" loading=\"lazy\" alt=\"trueSpace fizika \u00e9s anyag\" src=\"\/\/cuccokhalomban.csillagpor.hu\/pict\/truespace-screenshot-3.jpg\" width=\"692\" height=\"500\" \/>\n<\/p>\n<p>\u00d6sszedob\u00e1ltam gyorsan valamit, anim\u00e1ci\u00f3 is van benne&#8230;<br \/>\n<img decoding=\"async\" loading=\"lazy\" alt=\"trueSpace\" src=\"\/\/cuccokhalomban.csillagpor.hu\/pict\/truespace-screenshot-5.jpg\" width=\"692\" height=\"500\" \/>\n<\/p>\n<p>Default n\u00e9zet egy minta anim\u00e1ci\u00f3val.<br \/>\n<img decoding=\"async\" loading=\"lazy\" alt=\"trueSpace default n\u00e9zet\" src=\"\/\/cuccokhalomban.csillagpor.hu\/pict\/truespace-screenshot-default.jpg\" width=\"692\" height=\"500\" \/>\n<\/p>\n<p>Floating n\u00e9zet, ugyanaz t\u00f6bb n\u00e9zetben.<br \/>\n<img decoding=\"async\" loading=\"lazy\" alt=\"trueSpace floating\" src=\"\/\/cuccokhalomban.csillagpor.hu\/pict\/truespace-screenshot-floating.jpg\" width=\"692\" height=\"500\" \/>\n<\/p>\n<p>trueSpace6 n\u00e9zet, \u00edgy j\u00f3 nagy munkater\u00fclet\u00fcnk van.<br \/>\n<img decoding=\"async\" loading=\"lazy\" alt=\"trueSpace truescape6 n\u00e9zet\" src=\"\/\/cuccokhalomban.csillagpor.hu\/pict\/truespace-screenshot-truespace6.jpg\" width=\"692\" height=\"500\" \/>\n<\/p>\n<p>4View n\u00e9zet, 4 n\u00e9zet, 4 eszk\u00f6zt\u00e1rral.<br \/>\n<img decoding=\"async\" loading=\"lazy\" alt=\"trueSpace 4View n\u00e9zet\" src=\"\/\/cuccokhalomban.csillagpor.hu\/pict\/truespace-screenshot-4view.jpg\" width=\"692\" height=\"500\" \/><\/p>\n","protected":false},"excerpt":{"rendered":"<p>trueSpace 3D modellez\u0151. Az anim\u00e1ci\u00f3 szerkeszt\u00e9se, lent az id\u0151vonal, jobbra anyagok, t\u00e1rgyak, text\u00far\u00e1k, f\u00e9nyek&#8230; VE collection export settings. Fizika \u00e9s anyag be\u00e1ll\u00edt\u00e1sok \u00e9s&#46;&#46;&#46;<\/p>\n","protected":false},"author":1,"featured_media":0,"parent":0,"menu_order":0,"comment_status":"closed","ping_status":"closed","template":"","meta":{"footnotes":""},"_links":{"self":[{"href":"https:\/\/csillagpor.hu\/remek\/programok\/wp-json\/wp\/v2\/pages\/746"}],"collection":[{"href":"https:\/\/csillagpor.hu\/remek\/programok\/wp-json\/wp\/v2\/pages"}],"about":[{"href":"https:\/\/csillagpor.hu\/remek\/programok\/wp-json\/wp\/v2\/types\/page"}],"author":[{"embeddable":true,"href":"https:\/\/csillagpor.hu\/remek\/programok\/wp-json\/wp\/v2\/users\/1"}],"replies":[{"embeddable":true,"href":"https:\/\/csillagpor.hu\/remek\/programok\/wp-json\/wp\/v2\/comments?post=746"}],"version-history":[{"count":0,"href":"https:\/\/csillagpor.hu\/remek\/programok\/wp-json\/wp\/v2\/pages\/746\/revisions"}],"wp:attachment":[{"href":"https:\/\/csillagpor.hu\/remek\/programok\/wp-json\/wp\/v2\/media?parent=746"}],"curies":[{"name":"wp","href":"https:\/\/api.w.org\/{rel}","templated":true}]}}