{"id":748,"date":"2011-10-24T16:12:44","date_gmt":"2011-10-24T14:12:44","guid":{"rendered":"http:\/\/csillagpor.hu\/remek\/programok\/?page_id=748"},"modified":"2023-01-13T18:31:51","modified_gmt":"2023-01-13T17:31:51","slug":"recuva-screenshot","status":"publish","type":"page","link":"https:\/\/csillagpor.hu\/remek\/programok\/recuva-screenshot","title":{"rendered":"Recuva k\u00e9perny\u0151k\u00e9pek"},"content":{"rendered":"<p>A <a target=\"_blank\" title=\"recuva\" href=\"\/\/csillagpor.hu\/remek\/programok\/recuva-letoltese\" rel=\"noopener\">Recuva<\/a> telep\u00edt\u00e9sekor figyelj\u00fcnk, ha nem akarjuk a <a target=\"_blank\" title=\"ccleaner\" href=\"\/\/csillagpor.hu\/remek\/programok\/ccleaner-letoltese\" rel=\"noopener\">CCleaner<\/a> programjukat is telep\u00edteni, akkor v\u00e1lasszuk a No thanks &#8230; opci\u00f3t!<br \/>\n<img decoding=\"async\" loading=\"lazy\" alt=\"Recuva \u00e9s CCleaner\" src=\"\/\/cuccokhalomban.csillagpor.hu\/pict\/recuva-w10-kepernyokep-1.jpg\" width=\"499\" height=\"388\" \/>\n<\/p>\n<p>\u00cdgy n\u00e9z ki most az 1.52-es Recuva Windows 10-en.<br \/>\n<img decoding=\"async\" loading=\"lazy\" alt=\"Recuva Windows 10-en\" src=\"\/\/cuccokhalomban.csillagpor.hu\/pict\/recuva-w10-kepernyokep-2.jpg\" width=\"620\" height=\"494\" \/>\n<\/p>\n<p>R\u00e9gebbi verzi\u00f3k.<\/p>\n<p>A <a target=\"_blank\" title=\"helyre\u00e1ll\u00edt\u00e1s\" href=\"\/\/csillagpor.hu\/remek\/programok\/fajl-fajlrendszer-karbantartas-mentes-helyreallitas\" rel=\"noopener\">t\u00f6r\u00f6lt f\u00e1jl helyre\u00e1ll\u00edt\u00f3 program<\/a> telep\u00edt\u00e9se, \u00fcdv\u00f6z\u00f6lj\u00fck a <a target=\"_blank\" title=\"recuva\" href=\"\/\/csillagpor.hu\/remek\/programok\/recuva-letoltese\" rel=\"noopener\">Recuva<\/a> var\u00e1zsl\u00f3ban.<br \/>\n<img decoding=\"async\" loading=\"lazy\" alt=\"Recuva var\u00e1zsl\u00f3\" src=\"\/\/cuccokhalomban.csillagpor.hu\/pict\/recuva-screenshot.jpg\" width=\"503\" height=\"447\" \/>\n<\/p>\n<p>Var\u00e1zsl\u00f3 &#8211; F\u00e1jlt\u00edpusok kiv\u00e1laszt\u00e1sa, k\u00e9pek, zene, dokumentumok, vide\u00f3, t\u00f6m\u00f6r\u00edtett, email, egy\u00e9b&#8230;<br \/>\n<img decoding=\"async\" loading=\"lazy\" alt=\"Recuva f\u00e1jlt\u00edpusok\" src=\"\/\/cuccokhalomban.csillagpor.hu\/pict\/recuva-screenshot-1.jpg\" width=\"503\" height=\"447\" \/>\n<\/p>\n<p>Recuva var\u00e1zsl\u00f3 &#8211; F\u00e1jl el\u00e9r\u00e9si \u00fatvonalak. Hol voltak a f\u00e1jlok? M\u00e9diak\u00e1rty\u00e1n, dokumentumokban, lomt\u00e1rban vagy nem vagyunk benne biztosan.<br \/>\n<img decoding=\"async\" loading=\"lazy\" alt=\"Recuva \u00fatvonalak\" src=\"\/\/cuccokhalomban.csillagpor.hu\/pict\/recuva-screenshot-2.jpg\" width=\"503\" height=\"447\" \/>\n<\/p>\n<p>Keres\u00e9s folyamatban, meghajt\u00f3k vizsg\u00e1lata a f\u00e1jlok ut\u00e1n.<br \/>\n<img decoding=\"async\" loading=\"lazy\" alt=\"Recuva keres\u00e9s\" src=\"\/\/cuccokhalomban.csillagpor.hu\/pict\/recuva-screenshot-4.jpg\" width=\"626\" height=\"489\" \/>\n<\/p>\n<p>Be\u00e1ll\u00edt\u00e1sok &#8211; M\u0171veletek, m\u00e9lyvizsg\u00e1lat be\u00e1ll\u00edtva (megn\u00f6veli a keres\u00e9si id\u0151t).<br \/>\n<img decoding=\"async\" loading=\"lazy\" alt=\"Recuva m\u0171veletek\" src=\"\/\/cuccokhalomban.csillagpor.hu\/pict\/recuva-screenshot-5.jpg\" width=\"410\" height=\"383\" \/>\n<\/p>\n<p>L\u00e1thatjuk az \u00e1llapotukat, helyre\u00e1ll\u00edthat\u00f3 vagy nem helyre\u00e1ll\u00edthat\u00f3 f\u00e1jlok.<br \/>\n<img decoding=\"async\" loading=\"lazy\" alt=\"Recuva, helyre\u00e1ll\u00edthat\u00f3 vagy nem\" src=\"\/\/cuccokhalomban.csillagpor.hu\/pict\/recuva-screenshot-6.jpg\" width=\"626\" height=\"489\" \/>\n<\/p>\n<p>F\u00e1jl inform\u00e1ci\u00f3k, f\u00e1jln\u00e9v, hely, m\u00e9ret, \u00e1llapot, k\u00e9sz\u00edt\u00e9si id\u0151, stb&#8230;<br \/>\n<img decoding=\"async\" loading=\"lazy\" alt=\"Recuva f\u00e1jl\" src=\"\/\/cuccokhalomban.csillagpor.hu\/pict\/recuva-screenshot-7.jpg\" width=\"626\" height=\"489\" \/><\/p>\n","protected":false},"excerpt":{"rendered":"<p><a target=\"_blank\" title=\"Recuva k\u00e9perny\u0151k\u00e9pek\" href=\"\/\/csillagpor.hu\/remek\/programok\/recuva-screenshot\" rel=\"noopener noreferrer\"><img decoding=\"async\" loading=\"lazy\" alt=\"Recuva\" src=\"\/\/cuccokhalomban.csillagpor.hu\/pict\/recuva-kicsi.jpg\" width=\"100\" height=\"69\" class=\"flr\" \/><\/a>A Recuva telep\u00edt\u00e9sekor figyelj\u00fcnk, ha nem akarjuk a CCleaner programjukat is telep\u00edteni, akkor v\u00e1lasszuk a No thanks &#8230; opci\u00f3t! \u00cdgy n\u00e9z ki most a Recuva Windows 10-en. A t\u00f6r\u00f6lt f\u00e1jl helyre\u00e1ll\u00edt\u00f3 program telep\u00edt\u00e9se, \u00fcdv\u00f6z\u00f6lj\u00fck a Recuva var\u00e1zsl\u00f3ban. Var\u00e1zsl\u00f3 &#8211; F\u00e1jlt\u00edpusok kiv\u00e1laszt\u00e1sa, k\u00e9pek, zene, dokumentumok, vide\u00f3, t\u00f6m\u00f6r\u00edtett, email, egy\u00e9b&#8230;<\/p>\n","protected":false},"author":1,"featured_media":0,"parent":0,"menu_order":0,"comment_status":"closed","ping_status":"closed","template":"","meta":{"footnotes":""},"_links":{"self":[{"href":"https:\/\/csillagpor.hu\/remek\/programok\/wp-json\/wp\/v2\/pages\/748"}],"collection":[{"href":"https:\/\/csillagpor.hu\/remek\/programok\/wp-json\/wp\/v2\/pages"}],"about":[{"href":"https:\/\/csillagpor.hu\/remek\/programok\/wp-json\/wp\/v2\/types\/page"}],"author":[{"embeddable":true,"href":"https:\/\/csillagpor.hu\/remek\/programok\/wp-json\/wp\/v2\/users\/1"}],"replies":[{"embeddable":true,"href":"https:\/\/csillagpor.hu\/remek\/programok\/wp-json\/wp\/v2\/comments?post=748"}],"version-history":[{"count":0,"href":"https:\/\/csillagpor.hu\/remek\/programok\/wp-json\/wp\/v2\/pages\/748\/revisions"}],"wp:attachment":[{"href":"https:\/\/csillagpor.hu\/remek\/programok\/wp-json\/wp\/v2\/media?parent=748"}],"curies":[{"name":"wp","href":"https:\/\/api.w.org\/{rel}","templated":true}]}}