{"id":754,"date":"2011-10-28T16:46:44","date_gmt":"2011-10-28T14:46:44","guid":{"rendered":"http:\/\/csillagpor.hu\/remek\/programok\/?page_id=754"},"modified":"2022-06-30T18:08:40","modified_gmt":"2022-06-30T16:08:40","slug":"notepad-screenshot","status":"publish","type":"page","link":"https:\/\/csillagpor.hu\/remek\/programok\/notepad-screenshot","title":{"rendered":"Notepad++ k\u00e9perny\u0151k\u00e9pek"},"content":{"rendered":"<p><a target=\"_blank\" title=\"notepad plusplus\" href=\"\/\/csillagpor.hu\/remek\/programok\/notepad-plusplus-letoltese\" rel=\"noopener noreferrer\">Notepad++ forr\u00e1sk\u00f3d szerkeszt\u0151<\/a> &#8211; Megnyitott PHP f\u00e1jl &#8211; K\u00f3dol\u00e1si lehet\u0151s\u00e9gek<br \/>\n<img decoding=\"async\" loading=\"lazy\" alt=\"Notepad++ k\u00f3dol\u00e1si lehet\u0151s\u00e9gek\" src=\"\/\/cuccokhalomban.csillagpor.hu\/pict\/notepad-screenshot-1.jpg\" width=\"725\" height=\"500\" \/>\n<\/p>\n<p>Rengeteg t\u00e1mogatott programoz\u00e1si nyelv.<br \/>\n<img decoding=\"async\" loading=\"lazy\" alt=\"Notepad++ nyelvek\" src=\"\/\/cuccokhalomban.csillagpor.hu\/pict\/notepad-screenshot-2.jpg\" width=\"725\" height=\"500\" \/>\n<\/p>\n<p>Gyakorlatilag mindenhez lehet rendelni saj\u00e1t billenty\u0171 kombin\u00e1ci\u00f3t.<br \/>\n<img decoding=\"async\" loading=\"lazy\" alt=\"Notepad++ billenty\u0171k\" src=\"\/\/cuccokhalomban.csillagpor.hu\/pict\/notepad-screenshot-4.jpg\" width=\"725\" height=\"500\" \/>\n<\/p>\n<p>Futtat\u00e1s &#8211; Kipr\u00f3b\u00e1l\u00e1s k\u00fcl\u00f6nf\u00e9le b\u00f6ng\u00e9sz\u0151kben, keres\u00e9s, seg\u00edts\u00e9g a webr\u0151l.<br \/>\n<img decoding=\"async\" loading=\"lazy\" alt=\"Notepad++ futtat\u00e1s\" src=\"\/\/cuccokhalomban.csillagpor.hu\/pict\/notepad-screenshot-5.jpg\" width=\"723\" height=\"500\" \/>\n<\/p>\n<p>FTP profil hozz\u00e1ad\u00e1sa.<br \/>\n<img decoding=\"async\" loading=\"lazy\" alt=\"Notepad++ FTP\" src=\"\/\/cuccokhalomban.csillagpor.hu\/pict\/notepad-screenshot-6.jpg\" width=\"725\" height=\"500\" \/><\/p>\n","protected":false},"excerpt":{"rendered":"<p>Notepad++ forr\u00e1sk\u00f3d szerkeszt\u0151 &#8211; Megnyitott PHP f\u00e1jl &#8211; K\u00f3dol\u00e1si lehet\u0151s\u00e9gek Rengeteg t\u00e1mogatott programoz\u00e1si nyelv. Gyakorlatilag mindenhez lehet rendelni saj\u00e1t billenty\u0171 kombin\u00e1ci\u00f3t. Futtat\u00e1s &#8211;&#46;&#46;&#46;<\/p>\n","protected":false},"author":1,"featured_media":0,"parent":0,"menu_order":0,"comment_status":"closed","ping_status":"closed","template":"","meta":{"footnotes":""},"_links":{"self":[{"href":"https:\/\/csillagpor.hu\/remek\/programok\/wp-json\/wp\/v2\/pages\/754"}],"collection":[{"href":"https:\/\/csillagpor.hu\/remek\/programok\/wp-json\/wp\/v2\/pages"}],"about":[{"href":"https:\/\/csillagpor.hu\/remek\/programok\/wp-json\/wp\/v2\/types\/page"}],"author":[{"embeddable":true,"href":"https:\/\/csillagpor.hu\/remek\/programok\/wp-json\/wp\/v2\/users\/1"}],"replies":[{"embeddable":true,"href":"https:\/\/csillagpor.hu\/remek\/programok\/wp-json\/wp\/v2\/comments?post=754"}],"version-history":[{"count":0,"href":"https:\/\/csillagpor.hu\/remek\/programok\/wp-json\/wp\/v2\/pages\/754\/revisions"}],"wp:attachment":[{"href":"https:\/\/csillagpor.hu\/remek\/programok\/wp-json\/wp\/v2\/media?parent=754"}],"curies":[{"name":"wp","href":"https:\/\/api.w.org\/{rel}","templated":true}]}}