{"id":756,"date":"2011-10-29T16:35:32","date_gmt":"2011-10-29T14:35:32","guid":{"rendered":"http:\/\/csillagpor.hu\/remek\/programok\/?page_id=756"},"modified":"2022-06-30T18:30:57","modified_gmt":"2022-06-30T16:30:57","slug":"a43-file-management-utility-screenshot","status":"publish","type":"page","link":"https:\/\/csillagpor.hu\/remek\/programok\/a43-file-management-utility-screenshot","title":{"rendered":"A43 File Management Utility k\u00e9perny\u0151k\u00e9pek"},"content":{"rendered":"<p>Az <a target=\"_blank\" title=\"a43 file management utility\" href=\"\/\/csillagpor.hu\/remek\/programok\/a43-file-management-utility-letoltese\" rel=\"noopener noreferrer\">A43 File Management Utility f\u00e1jlkezel\u0151<\/a> alap\u00e9rtelmezett n\u00e9zete. Baloldalt fan\u00e9zet, jobboldalt a f\u00e1jlok.<br \/>\n<img decoding=\"async\" loading=\"lazy\" alt=\"A43 File Management Utility alap\u00e9rtelmezett n\u00e9zet\" src=\"\/\/cuccokhalomban.csillagpor.hu\/pict\/a43-filemanagement-screenshot.jpg\" width=\"800\" height=\"552\" \/>\n<\/p>\n<p>Meghajt\u00f3k, \u00fatvonal &#8211; Felosztott n\u00e9zet, sz\u00f6vegszerkeszt\u0151vel.<br \/>\n<img decoding=\"async\" loading=\"lazy\" alt=\"A43 File Management Utility meghajt\u00f3k\" src=\"\/\/cuccokhalomban.csillagpor.hu\/pict\/a43-filemanagement-screenshot-1.jpg\" width=\"800\" height=\"552\" \/>\n<\/p>\n<p>R\u00e1cs elv\u00e1laszt\u00f3k \u00e9s Extra File manager.<br \/>\n<img decoding=\"async\" loading=\"lazy\" alt=\"A43 File Management Utility elv\u00e1laszt\u00f3k\" src=\"\/\/cuccokhalomban.csillagpor.hu\/pict\/a43-filemanagement-screenshot-2.jpg\" width=\"800\" height=\"552\" \/>\n<\/p>\n<p>Hexa n\u00e9z\u0151ke<br \/>\n<img decoding=\"async\" loading=\"lazy\" alt=\"A43 File Management Utility hexa n\u00e9z\u0151\" src=\"\/\/cuccokhalomban.csillagpor.hu\/pict\/a43-filemanagement-screenshot-3.jpg\" width=\"800\" height=\"552\" \/>\n<\/p>\n<p>Lista n\u00e9zet, k\u00f6nnyebben \u00e1ttekinthet\u0151, nincs d\u00e1tum, m\u00e9ret, stb&#8230;<br \/>\n<img decoding=\"async\" loading=\"lazy\" alt=\"A43 File Management Utility lista n\u00e9zet\" src=\"\/\/cuccokhalomban.csillagpor.hu\/pict\/a43-filemanagement-screenshot-4.jpg\" width=\"800\" height=\"552\" \/><\/p>\n","protected":false},"excerpt":{"rendered":"<p>Az A43 File Management Utility f\u00e1jlkezel\u0151 alap\u00e9rtelmezett n\u00e9zete. Baloldalt fan\u00e9zet, jobboldalt a f\u00e1jlok. Meghajt\u00f3k, \u00fatvonal &#8211; Felosztott n\u00e9zet, sz\u00f6vegszerkeszt\u0151vel. R\u00e1cs elv\u00e1laszt\u00f3k \u00e9s Extra&#46;&#46;&#46;<\/p>\n","protected":false},"author":1,"featured_media":0,"parent":0,"menu_order":0,"comment_status":"closed","ping_status":"closed","template":"","meta":{"footnotes":""},"_links":{"self":[{"href":"https:\/\/csillagpor.hu\/remek\/programok\/wp-json\/wp\/v2\/pages\/756"}],"collection":[{"href":"https:\/\/csillagpor.hu\/remek\/programok\/wp-json\/wp\/v2\/pages"}],"about":[{"href":"https:\/\/csillagpor.hu\/remek\/programok\/wp-json\/wp\/v2\/types\/page"}],"author":[{"embeddable":true,"href":"https:\/\/csillagpor.hu\/remek\/programok\/wp-json\/wp\/v2\/users\/1"}],"replies":[{"embeddable":true,"href":"https:\/\/csillagpor.hu\/remek\/programok\/wp-json\/wp\/v2\/comments?post=756"}],"version-history":[{"count":0,"href":"https:\/\/csillagpor.hu\/remek\/programok\/wp-json\/wp\/v2\/pages\/756\/revisions"}],"wp:attachment":[{"href":"https:\/\/csillagpor.hu\/remek\/programok\/wp-json\/wp\/v2\/media?parent=756"}],"curies":[{"name":"wp","href":"https:\/\/api.w.org\/{rel}","templated":true}]}}