{"id":760,"date":"2011-10-30T21:23:48","date_gmt":"2011-10-30T20:23:48","guid":{"rendered":"http:\/\/csillagpor.hu\/remek\/programok\/?page_id=760"},"modified":"2022-06-30T17:40:12","modified_gmt":"2022-06-30T15:40:12","slug":"wampserver-screenshot","status":"publish","type":"page","link":"https:\/\/csillagpor.hu\/remek\/programok\/wampserver-screenshot","title":{"rendered":"WampServer k\u00e9perny\u0151k\u00e9pek"},"content":{"rendered":"<p>Befejez\u0151d\u00f6tt <a target=\"_blank\" title=\"wampserver\" href=\"\/\/csillagpor.hu\/remek\/programok\/wampserver-letoltese\" rel=\"noopener noreferrer\">a WampServer 2<\/a> webszerver telep\u00edt\u00e9se \u00e9s ind\u00edthat\u00f3.<br \/>\n<img decoding=\"async\" loading=\"lazy\" alt=\"WampServer telep\u00edt\u00e9s k\u00e9sz\" src=\"\/\/cuccokhalomban.csillagpor.hu\/pict\/wampserver-screenshot.jpg\" width=\"503\" height=\"385\" \/>\n<\/p>\n<p>Szerver konfigur\u00e1ci\u00f3, PHP, Apache \u00e9s MySQL verzi\u00f3, \u00e9s az \u00e9ppen fut\u00f3 kiterjeszt\u00e9sek.<br \/>\n<img decoding=\"async\" loading=\"lazy\" alt=\"WampServer szerver konfig\" src=\"\/\/cuccokhalomban.csillagpor.hu\/pict\/wampserver-screenshot-1.jpg\" width=\"791\" height=\"768\" \/>\n<\/p>\n<p>Men\u00fc &#8211; PHP be\u00e1ll\u00edt\u00e1sok<br \/>\n<img decoding=\"async\" loading=\"lazy\" alt=\"WampServer PHP\" src=\"\/\/cuccokhalomban.csillagpor.hu\/pict\/wampserver-screenshot-2.jpg\" width=\"312\" height=\"600\" \/>\n<\/p>\n<p>Men\u00fc &#8211; Apache modulok<br \/>\n<img decoding=\"async\" loading=\"lazy\" alt=\"WampServer Apache\" src=\"\/\/cuccokhalomban.csillagpor.hu\/pict\/wampserver-screenshot-3.jpg\" width=\"279\" height=\"600\" \/>\n<\/p>\n<p>localhost \u00e9s az \u00f3ra melletti men\u00fcben is az Apache verzi\u00f3<br \/>\n<img decoding=\"async\" loading=\"lazy\" alt=\"WampServer localhost\" src=\"\/\/cuccokhalomban.csillagpor.hu\/pict\/wampserver-screenshot-4.jpg\" width=\"800\" height=\"557\" \/><\/p>\n","protected":false},"excerpt":{"rendered":"<p>Befejez\u0151d\u00f6tt a WampServer 2 webszerver telep\u00edt\u00e9se \u00e9s ind\u00edthat\u00f3. Szerver konfigur\u00e1ci\u00f3, PHP, Apache \u00e9s MySQL verzi\u00f3, \u00e9s az \u00e9ppen fut\u00f3 kiterjeszt\u00e9sek. Men\u00fc &#8211; PHP&#46;&#46;&#46;<\/p>\n","protected":false},"author":1,"featured_media":0,"parent":0,"menu_order":0,"comment_status":"closed","ping_status":"closed","template":"","meta":{"footnotes":""},"_links":{"self":[{"href":"https:\/\/csillagpor.hu\/remek\/programok\/wp-json\/wp\/v2\/pages\/760"}],"collection":[{"href":"https:\/\/csillagpor.hu\/remek\/programok\/wp-json\/wp\/v2\/pages"}],"about":[{"href":"https:\/\/csillagpor.hu\/remek\/programok\/wp-json\/wp\/v2\/types\/page"}],"author":[{"embeddable":true,"href":"https:\/\/csillagpor.hu\/remek\/programok\/wp-json\/wp\/v2\/users\/1"}],"replies":[{"embeddable":true,"href":"https:\/\/csillagpor.hu\/remek\/programok\/wp-json\/wp\/v2\/comments?post=760"}],"version-history":[{"count":0,"href":"https:\/\/csillagpor.hu\/remek\/programok\/wp-json\/wp\/v2\/pages\/760\/revisions"}],"wp:attachment":[{"href":"https:\/\/csillagpor.hu\/remek\/programok\/wp-json\/wp\/v2\/media?parent=760"}],"curies":[{"name":"wp","href":"https:\/\/api.w.org\/{rel}","templated":true}]}}