{"id":765,"date":"2011-10-31T22:51:47","date_gmt":"2011-10-31T21:51:47","guid":{"rendered":"http:\/\/csillagpor.hu\/remek\/programok\/?page_id=765"},"modified":"2022-06-30T17:43:04","modified_gmt":"2022-06-30T15:43:04","slug":"switch-off-screenshot","status":"publish","type":"page","link":"https:\/\/csillagpor.hu\/remek\/programok\/switch-off-screenshot","title":{"rendered":"Switch Off k\u00e9perny\u0151k\u00e9pek"},"content":{"rendered":"<p>A <a target=\"_blank\" title=\"switch off\" href=\"\/\/csillagpor.hu\/remek\/programok\/switch-off-letoltese\" rel=\"noopener noreferrer\">Switch Off<\/a> feltelep\u00edtve, els\u0151 ind\u00edt\u00e1s angolul, Windows 7-en, az \u00e9rtes\u00edt\u00e9si ter\u00fcletr\u0151l.<br \/>\n<img decoding=\"async\" loading=\"lazy\" alt=\"Switch Off angolul\" src=\"\/\/cuccokhalomban.csillagpor.hu\/pict\/switch-off-kepernyokep-1.jpg\" width=\"390\" height=\"302\" \/>\n<\/p>\n<p>A be\u00e1ll\u00edt\u00e1sokn\u00e1l (Options) innen t\u00f6lthet\u00fcnk le \u00faj nyelvet. Az ott m\u00f6g\u00f6tte a weboldala, l\u00e1that\u00f3 a Hungarian link \u00e9s z\u00e1szl\u00f3.<br \/>\n<img decoding=\"async\" loading=\"lazy\" alt=\"Switch Off magyar nyelv let\u00f6lt\u00e9se\" src=\"\/\/cuccokhalomban.csillagpor.hu\/pict\/switch-off-kepernyokep-2.jpg\" width=\"675\" height=\"445\" \/>\n<\/p>\n<p>Azt\u00e1n a nyelvi f\u00e1jlt (hu-HU.lng) bem\u00e1soljuk a fent l\u00e1that\u00f3 k\u00f6nyvt\u00e1rba (c:\\Program Files\\Airytec\\Switch Off\\lng\\).<br \/>\n<img decoding=\"async\" loading=\"lazy\" alt=\"Switch Off nyelvi f\u00e1jl\" src=\"\/\/cuccokhalomban.csillagpor.hu\/pict\/switch-off-kepernyokep-4.jpg\" width=\"348\" height=\"460\" \/>\n<\/p>\n<p>Ugyanez m\u00e1r Windows 10-en &#8230;<br \/>\n<img decoding=\"async\" loading=\"lazy\" alt=\"Switch Off Windows 10\" src=\"\/\/cuccokhalomban.csillagpor.hu\/pict\/switch-off-kepernyokep-5.jpg\" width=\"388\" height=\"423\" \/>\n<\/p>\n<p>M\u00e1r magyar is, le\u00e1ll\u00edt\u00e1s, \u00fajraind\u00edt\u00e1s, kijelentkez\u00e9s, z\u00e1rol\u00e1s, VPN kapcsolat bont\u00e1sa, scriptek &#8230; men\u00fc az \u00f3ra melletti ikonb\u00f3l megnyitva.<br \/>\n<img decoding=\"async\" loading=\"lazy\" alt=\"Switch Off men\u00fc\" src=\"\/\/cuccokhalomban.csillagpor.hu\/pict\/switch-off-kepernyokep-6.jpg\" width=\"413\" height=\"277\" \/>\n<\/p>\n<p>A kikapcsol\u00e1st \u00e9s m\u00e1s m\u0171veleteket id\u0151z\u00edthet\u00fcnk, vagy k\u00f6thetj\u00fck rendszer vagy felhaszn\u00e1l\u00f3i t\u00e9tlens\u00e9ghez.<br \/>\n<img decoding=\"async\" loading=\"lazy\" alt=\"Switch Off id\u0151z\u00edt\u00e9s\" src=\"\/\/cuccokhalomban.csillagpor.hu\/pict\/switch-off-kepernyokep-7.jpg\" width=\"420\" height=\"275\" \/>\n<\/p>\n<p>\u00c1ltal\u00e1nos be\u00e1ll\u00edt\u00e1sok, nyelv, hang lej\u00e1tsz\u00e1sa&#8230;<br \/>\n<img decoding=\"async\" loading=\"lazy\" alt=\"Switch Off be\u00e1ll\u00edt\u00e1sok, nyelv, hang\" src=\"\/\/cuccokhalomban.csillagpor.hu\/pict\/switch-off-kepernyokep-8.jpg\" width=\"387\" height=\"427\" \/>\n<\/p>\n<p>Egy\u00e9b be\u00e1ll\u00edt\u00e1sok, figyelmeztessen a v\u00e9grehajt\u00e1s el\u0151tt, alkalmaz\u00e1sok k\u00e9nyszer\u00edtett bez\u00e1r\u00e1sa &#8230;<br \/>\n<img decoding=\"async\" loading=\"lazy\" alt=\"Switch Off egy\u00e9b be\u00e1ll\u00edt\u00e1sok\" src=\"\/\/cuccokhalomban.csillagpor.hu\/pict\/switch-off-kepernyokep-9.jpg\" width=\"383\" height=\"426\" \/>\n<\/p>\n<p>T\u00e1vir\u00e1ny\u00edt\u00e1s enged\u00e9lyez\u00e9se &#8230;<br \/>\n<img decoding=\"async\" loading=\"lazy\" alt=\"Switch Off webr\u0151l\" src=\"\/\/cuccokhalomban.csillagpor.hu\/pict\/switch-off-kepernyokep-10.jpg\" width=\"392\" height=\"430\" \/>\n<\/p>\n<p>A v\u00e1laszthat\u00f3 m\u0171veleteket m\u00e1r fentebb felsoroltam &#8230;<br \/>\n<img decoding=\"async\" loading=\"lazy\" alt=\"Switch Off m\u0171veletek\" src=\"\/\/cuccokhalomban.csillagpor.hu\/pict\/switch-off-kepernyokep-11.jpg\" width=\"322\" height=\"411\" \/>\n<\/p>\n<p>Id\u0151z\u00edt\u00e9sek: napi, heti, egyszeri, visszasz\u00e1ml\u00e1l\u00e1s, g\u00e9pi vagy felhaszn\u00e1l\u00f3i aktivit\u00e1s hi\u00e1nya, bejelentkez\u00e9skor vagy rendszerind\u00edt\u00e1skor (az ut\u00f3bbi kett\u0151 persze \u00e9rtelmes m\u0171veletekkel p\u00e1ros\u00edtva).<br \/>\n<img decoding=\"async\" loading=\"lazy\" alt=\"Switch Off id\u0151z\u00edt\u00e9sek\" src=\"\/\/cuccokhalomban.csillagpor.hu\/pict\/switch-off-kepernyokep-12.jpg\" width=\"320\" height=\"408\" \/>\n<\/p>\n<p>Az \u0151si 2,3-as verzi\u00f3 &#8230;<\/p>\n<p>A Switch Off sz\u00e1m\u00edt\u00f3g\u00e9p kikapcsol\u00f3 program feltelep\u00edtve, angolul.<br \/>\n<img decoding=\"async\" loading=\"lazy\" alt=\"Switch Off angolul\" src=\"\/\/cuccokhalomban.csillagpor.hu\/pict\/switchoff-screenshot.jpg\" width=\"309\" height=\"235\" \/>\n<\/p>\n<p>A Be\u00e1ll\u00edt\u00e1sokban magyar nyelvre v\u00e1ltva. Megadhatunk h\u00e1tt\u00e9rk\u00e9pet, h\u00e1tt\u00e9rsz\u00ednt \u00e9s \u00e1ttetsz\u0151s\u00e9get.<br \/>\n<img decoding=\"async\" loading=\"lazy\" alt=\"Switch Off magyarul\" src=\"\/\/cuccokhalomban.csillagpor.hu\/pict\/switchoff-screenshot-1.jpg\" width=\"344\" height=\"370\" \/>\n<\/p>\n<p>M\u00e1r magyarul&#8230; Id\u0151z\u00edt\u0151 be\u00e1ll\u00edt\u00e1sok, peri\u00f3dus, id\u0151, akci\u00f3.<br \/>\n<img decoding=\"async\" loading=\"lazy\" alt=\"Switch Off id\u0151z\u00edt\u0151\" src=\"\/\/cuccokhalomban.csillagpor.hu\/pict\/switchoff-screenshot-2.jpg\" width=\"309\" height=\"235\" \/>\n<\/p>\n<p>T\u00e1vir\u00e1ny\u00edthat\u00f3 weben kereszt\u00fcl. Webkapcsolat bekapcsol\u00e1sa \u00e9s jelsz\u00f3val v\u00e9d\u00e9se.<br \/>\n<img decoding=\"async\" loading=\"lazy\" alt=\"Switch Off t\u00e1vir\u00e1ny\u00edthat\u00f3\" src=\"\/\/cuccokhalomban.csillagpor.hu\/pict\/switchoff-screenshot-4.jpg\" width=\"344\" height=\"370\" \/>\n<\/p>\n<p>Id\u0151z\u00edt\u0151 be\u00e1ll\u00edt\u00e1sok &#8211; Visszasz\u00e1ml\u00e1l\u00e1ssal kikapcsol\u00e1s be\u00e1ll\u00edt\u00e1sa.<br \/>\n<img decoding=\"async\" loading=\"lazy\" alt=\"Switch Off id\u0151z\u00edt\u0151\" src=\"\/\/cuccokhalomban.csillagpor.hu\/pict\/switchoff-screenshot-5.jpg\" width=\"309\" height=\"235\" \/>\n<\/p>\n<p>Visszasz\u00e1ml\u00e1l\u00e1s elind\u00edtva.<br \/>\n<img decoding=\"async\" loading=\"lazy\" alt=\"Switch Off visszasz\u00e1ml\u00e1l\u00e1s\" src=\"\/\/cuccokhalomban.csillagpor.hu\/pict\/switchoff-screenshot-6.jpg\" width=\"309\" height=\"235\" \/><\/p>\n","protected":false},"excerpt":{"rendered":"<p><a target=\"_blank\" title=\"switch-off k\u00e9perny\u0151k\u00e9pek\" href=\"\/\/csillagpor.hu\/remek\/programok\/switch-off-screenshot\" rel=\"noopener noreferrer\"><img decoding=\"async\" loading=\"lazy\" alt=\"Switch Off\" src=\"\/\/cuccokhalomban.csillagpor.hu\/pict\/switch-off-kicsike.jpg\" width=\"150\" height=\"98\" class=\"flr\" \/><\/a>A Switch Off sz\u00e1m\u00edt\u00f3g\u00e9p kikapcsol\u00f3 program. Megadhatunk h\u00e1tt\u00e9rk\u00e9pet, h\u00e1tt\u00e9rsz\u00ednt \u00e9s \u00e1ttetsz\u0151s\u00e9get. Id\u0151z\u00edt\u0151 be\u00e1ll\u00edt\u00e1sok, peri\u00f3dus, id\u0151, akci\u00f3. T\u00e1vir\u00e1ny\u00edthat\u00f3 weben kereszt\u00fcl. Webkapcsolat bekapcsol\u00e1sa \u00e9s jelsz\u00f3val v\u00e9d\u00e9se. Id\u0151z\u00edt\u0151 be\u00e1ll\u00edt\u00e1sok &#8211; Visszasz\u00e1ml\u00e1l\u00e1ssal kikapcsol\u00e1s be\u00e1ll\u00edt\u00e1sa. Visszasz\u00e1ml\u00e1l\u00e1s elind\u00edtva&#8230;<\/p>\n","protected":false},"author":1,"featured_media":0,"parent":0,"menu_order":0,"comment_status":"closed","ping_status":"closed","template":"","meta":{"footnotes":""},"_links":{"self":[{"href":"https:\/\/csillagpor.hu\/remek\/programok\/wp-json\/wp\/v2\/pages\/765"}],"collection":[{"href":"https:\/\/csillagpor.hu\/remek\/programok\/wp-json\/wp\/v2\/pages"}],"about":[{"href":"https:\/\/csillagpor.hu\/remek\/programok\/wp-json\/wp\/v2\/types\/page"}],"author":[{"embeddable":true,"href":"https:\/\/csillagpor.hu\/remek\/programok\/wp-json\/wp\/v2\/users\/1"}],"replies":[{"embeddable":true,"href":"https:\/\/csillagpor.hu\/remek\/programok\/wp-json\/wp\/v2\/comments?post=765"}],"version-history":[{"count":0,"href":"https:\/\/csillagpor.hu\/remek\/programok\/wp-json\/wp\/v2\/pages\/765\/revisions"}],"wp:attachment":[{"href":"https:\/\/csillagpor.hu\/remek\/programok\/wp-json\/wp\/v2\/media?parent=765"}],"curies":[{"name":"wp","href":"https:\/\/api.w.org\/{rel}","templated":true}]}}