{"id":772,"date":"2011-11-06T17:20:20","date_gmt":"2011-11-06T16:20:20","guid":{"rendered":"http:\/\/csillagpor.hu\/remek\/programok\/?page_id=772"},"modified":"2022-06-30T17:28:43","modified_gmt":"2022-06-30T15:28:43","slug":"zs4-video-editor-screenshot","status":"publish","type":"page","link":"https:\/\/csillagpor.hu\/remek\/programok\/zs4-video-editor-screenshot","title":{"rendered":"ZS4 Video Editor k\u00e9perny\u0151k\u00e9pek"},"content":{"rendered":"<p><a target=\"_blank\" title=\"zs4-video-editor\" href=\"\/\/csillagpor.hu\/remek\/programok\/zs4-video-editor\" rel=\"noopener noreferrer\">ZS4 Video Editor vide\u00f3szerkeszt\u0151.<\/a> Bet\u00f6ltve a vide\u00f3. Helyzet\u00e9rz\u00e9keny seg\u00edts\u00e9g.<br \/>\n<img decoding=\"async\" loading=\"lazy\" alt=\"ZS4 Video Editor seg\u00edts\u00e9g\" src=\"\/\/cuccokhalomban.csillagpor.hu\/pict\/zs4-videoeditor-screenshot.jpg\" width=\"667\" height=\"500\" \/>\n<\/p>\n<p>A vide\u00f3 hangs\u00e1vja. Nagy\u00edthatjuk, v\u00e1ghatjuk &#8230;<br \/>\n<img decoding=\"async\" loading=\"lazy\" alt=\"ZS4 Video Editor hangs\u00e1v\" src=\"\/\/cuccokhalomban.csillagpor.hu\/pict\/zs4-videoeditor-screenshot-1.jpg\" width=\"667\" height=\"500\" \/>\n<\/p>\n<p>Rengeteg effekt a vide\u00f3hoz.<br \/>\n<img decoding=\"async\" loading=\"lazy\" alt=\"ZS4 Video Editor effektek\" src=\"\/\/cuccokhalomban.csillagpor.hu\/pict\/zs4-videoeditor-screenshot-2.jpg\" width=\"688\" height=\"500\" \/>\n<\/p>\n<p>K\u00e9sz\u00fcl a csig\u00e1s film, trackek szerkeszt\u00e9s k\u00f6zben.<br \/>\n<img decoding=\"async\" loading=\"lazy\" alt=\"ZS4 Video Editor szerkeszt\u00e9s\" src=\"\/\/cuccokhalomban.csillagpor.hu\/pict\/zs4-videoeditor-screenshot-3.jpg\" width=\"648\" height=\"500\" \/>\n<\/p>\n<p>Megny\u00falt orr \u00e9s h\u00e1tt\u00e9r csere a Chroma key effekttel.<br \/>\n<img decoding=\"async\" loading=\"lazy\" alt=\"ZS4 Video Editor Chroma key\" src=\"\/\/cuccokhalomban.csillagpor.hu\/pict\/zs4-videoeditor-screenshot-4.jpg\" width=\"564\" height=\"500\" \/><\/p>\n","protected":false},"excerpt":{"rendered":"<p><a target=\"_blank\" title=\"zs4 video editor k\u00e9perny\u0151k\u00e9pek\" href=\"\/\/csillagpor.hu\/remek\/programok\/zs4-video-editor-screenshot\" rel=\"noopener noreferrer\"><img decoding=\"async\" loading=\"lazy\" alt=\"ZS4 Video Editor\" title=\"ZS4 Video Editor\" src=\"\/\/cuccokhalomban.csillagpor.hu\/pict\/zs4-kicsi.jpg\" width=\"100\" height=\"89\" class=\"flr\" \/><\/a>ZS4 Video Editor vide\u00f3szerkeszt\u0151. Bet\u00f6ltve a vide\u00f3. Helyzet\u00e9rz\u00e9keny seg\u00edts\u00e9g. A vide\u00f3 hangs\u00e1vja. Nagy\u00edthatjuk, v\u00e1ghatjuk &#8230; Rengeteg effekt a vide\u00f3hoz. K\u00e9sz\u00fcl a csig\u00e1s film, trackek szerkeszt\u00e9s k\u00f6zben&#8230;<\/p>\n","protected":false},"author":1,"featured_media":0,"parent":0,"menu_order":0,"comment_status":"closed","ping_status":"closed","template":"","meta":{"footnotes":""},"_links":{"self":[{"href":"https:\/\/csillagpor.hu\/remek\/programok\/wp-json\/wp\/v2\/pages\/772"}],"collection":[{"href":"https:\/\/csillagpor.hu\/remek\/programok\/wp-json\/wp\/v2\/pages"}],"about":[{"href":"https:\/\/csillagpor.hu\/remek\/programok\/wp-json\/wp\/v2\/types\/page"}],"author":[{"embeddable":true,"href":"https:\/\/csillagpor.hu\/remek\/programok\/wp-json\/wp\/v2\/users\/1"}],"replies":[{"embeddable":true,"href":"https:\/\/csillagpor.hu\/remek\/programok\/wp-json\/wp\/v2\/comments?post=772"}],"version-history":[{"count":0,"href":"https:\/\/csillagpor.hu\/remek\/programok\/wp-json\/wp\/v2\/pages\/772\/revisions"}],"wp:attachment":[{"href":"https:\/\/csillagpor.hu\/remek\/programok\/wp-json\/wp\/v2\/media?parent=772"}],"curies":[{"name":"wp","href":"https:\/\/api.w.org\/{rel}","templated":true}]}}