{"id":782,"date":"2011-11-10T17:56:24","date_gmt":"2011-11-10T16:56:24","guid":{"rendered":"http:\/\/csillagpor.hu\/remek\/programok\/?page_id=782"},"modified":"2022-06-30T18:12:11","modified_gmt":"2022-06-30T16:12:11","slug":"libreoffice-screenshot","status":"publish","type":"page","link":"https:\/\/csillagpor.hu\/remek\/programok\/libreoffice-screenshot","title":{"rendered":"LibreOffice k\u00e9perny\u0151k\u00e9pek"},"content":{"rendered":"<p>A <a target=\"_blank\" title=\"libreoffice\" href=\"\/\/csillagpor.hu\/remek\/programok\/libreoffice-letoltese\" rel=\"noopener noreferrer\">LibreOffice<\/a> <a target=\"_blank\" title=\"irodai programok\" href=\"\/\/csillagpor.hu\/remek\/programok\/irodai-programok\" rel=\"noopener noreferrer\">irodai programcsomag<\/a> ind\u00edt\u00f3pultja. Megnyithatjuk az alkalmaz\u00e1sokat, a m\u00e1r mentett dokumentumokat vagy dolgozhatunk sablonokkal.<br \/>\n<img decoding=\"async\" loading=\"lazy\" alt=\"LibreOffice 1\" src=\"\/\/cuccokhalomban.csillagpor.hu\/pict\/libreoffice-screenshot.jpg\" width=\"693\" height=\"500\" \/>\n<\/p>\n<p>Base &#8211; Adatb\u00e1zis kezel\u0151, t\u00e1bl\u00e1k, lek\u00e9rdez\u00e9sek, \u0171rlapok, jelent\u00e9sek.<br \/>\n<img decoding=\"async\" loading=\"lazy\" alt=\"LibreOffice adatb\u00e1zis\" src=\"\/\/cuccokhalomban.csillagpor.hu\/pict\/libreoffice-screenshot-1.jpg\" width=\"693\" height=\"500\" \/><\/p>\n<p><p>Calc &#8211; T\u00e1bl\u00e1zatkezel\u0151, itt m\u00e9g \u00fcresek a cell\u00e1k&#8230;<br \/>\n<img decoding=\"async\" loading=\"lazy\" alt=\"LibreOffice t\u00e1bl\u00e1zat\" src=\"\/\/cuccokhalomban.csillagpor.hu\/pict\/libreoffice-screenshot-2.jpg\" width=\"693\" height=\"500\" \/>\n<\/p>\n<p>Draw &#8211; Rajzol\u00f3program, csak vektorokban gondolkodjunk.<br \/>\n<img decoding=\"async\" loading=\"lazy\" alt=\"LibreOffice rajz\" src=\"\/\/cuccokhalomban.csillagpor.hu\/pict\/libreoffice-screenshot-3.jpg\" width=\"693\" height=\"500\" \/>\n<\/p>\n<p>Impress &#8211; Prezent\u00e1ci\u00f3 k\u00e9sz\u00edt\u0151, bemutat\u00f3, di\u00e1k, elrendez\u00e9sek &#8230;<br \/>\n<img decoding=\"async\" loading=\"lazy\" alt=\"LibreOffice bemutat\u00f3\" src=\"\/\/cuccokhalomban.csillagpor.hu\/pict\/libreoffice-screenshot-4.jpg\" width=\"693\" height=\"500\" \/>\n<\/p>\n<p>Math &#8211; Egyenletszerkeszt\u0151, k\u00e9pletelemek panel.<br \/>\n<img decoding=\"async\" loading=\"lazy\" alt=\"LibreOffice k\u00e9plet\" src=\"\/\/cuccokhalomban.csillagpor.hu\/pict\/libreoffice-screenshot-5.jpg\" width=\"693\" height=\"500\" \/>\n<\/p>\n<p>Writer &#8211; Sz\u00f6vegszerkeszt\u0151, magyar nyelv\u0171 helyes\u00edr\u00e1s ellen\u0151rz\u00e9s mindegyik alkalmaz\u00e1sban.<br \/>\n<img decoding=\"async\" loading=\"lazy\" alt=\"LibreOffice sz\u00f6veg\" src=\"\/\/cuccokhalomban.csillagpor.hu\/pict\/libreoffice-screenshot-6.jpg\" width=\"693\" height=\"500\" \/><\/p>\n","protected":false},"excerpt":{"rendered":"<p>A LibreOffice irodai programcsomag ind\u00edt\u00f3pultja. Megnyithatjuk az alkalmaz\u00e1sokat, a m\u00e1r mentett dokumentumokat vagy dolgozhatunk sablonokkal. Base &#8211; Adatb\u00e1zis kezel\u0151, t\u00e1bl\u00e1k, lek\u00e9rdez\u00e9sek, \u0171rlapok, jelent\u00e9sek.&#46;&#46;&#46;<\/p>\n","protected":false},"author":1,"featured_media":0,"parent":0,"menu_order":0,"comment_status":"closed","ping_status":"closed","template":"","meta":{"footnotes":""},"_links":{"self":[{"href":"https:\/\/csillagpor.hu\/remek\/programok\/wp-json\/wp\/v2\/pages\/782"}],"collection":[{"href":"https:\/\/csillagpor.hu\/remek\/programok\/wp-json\/wp\/v2\/pages"}],"about":[{"href":"https:\/\/csillagpor.hu\/remek\/programok\/wp-json\/wp\/v2\/types\/page"}],"author":[{"embeddable":true,"href":"https:\/\/csillagpor.hu\/remek\/programok\/wp-json\/wp\/v2\/users\/1"}],"replies":[{"embeddable":true,"href":"https:\/\/csillagpor.hu\/remek\/programok\/wp-json\/wp\/v2\/comments?post=782"}],"version-history":[{"count":0,"href":"https:\/\/csillagpor.hu\/remek\/programok\/wp-json\/wp\/v2\/pages\/782\/revisions"}],"wp:attachment":[{"href":"https:\/\/csillagpor.hu\/remek\/programok\/wp-json\/wp\/v2\/media?parent=782"}],"curies":[{"name":"wp","href":"https:\/\/api.w.org\/{rel}","templated":true}]}}