{"id":784,"date":"2011-11-12T21:10:16","date_gmt":"2011-11-12T20:10:16","guid":{"rendered":"http:\/\/csillagpor.hu\/remek\/programok\/?page_id=784"},"modified":"2022-06-30T18:17:10","modified_gmt":"2022-06-30T16:17:10","slug":"hypercam-screenshot","status":"publish","type":"page","link":"https:\/\/csillagpor.hu\/remek\/programok\/hypercam-screenshot","title":{"rendered":"HyperCam k\u00e9perny\u0151k\u00e9pek"},"content":{"rendered":"<p><a target=\"_blank\" title=\"hypercam\" href=\"\/\/csillagpor.hu\/remek\/programok\/hypercam-screen-capture\" rel=\"noopener noreferrer\">HyperCam screen capture program.<\/a> A fel\u00fclet bemutat\u00e1sa \u00fagy t\u00f6rt\u00e9nik, hogy az angol verzi\u00f3 mellett l\u00e1that\u00f3 a magyar fel\u00fclet k\u00e9pe is. A magyar nyelv\u0171 v\u00e1ltozat sajnos korl\u00e1tozott <span class=\"halov\">(Regisztr\u00e1latlan HyperCam felirat l\u00e1that\u00f3 minden vide\u00f3 sark\u00e1ban)<\/span> \u00e9s r\u00e9gebbi verzi\u00f3 is. De hasznos bemutatni a teljes \u00e9rt\u00e9k\u0171 angol nyelv\u0171 program fel\u00fclet\u00e9t, angolul nem tud\u00f3knak.<\/p>\n<p>Teh\u00e1t ez a k\u00e9perny\u0151k\u00e9p oldal, most a le\u00edr\u00e1st is helyettes\u00edti.<\/p>\n<p>Semmi k\u00fcl\u00f6n\u00f6s &#8230; csak csin\u00e1ltam egy k\u00e9perny\u0151k\u00e9pet Windows 10-en is!<br \/>\n<img decoding=\"async\" loading=\"lazy\" alt=\"HyperCam Windows 10\" src=\"\/\/cuccokhalomban.csillagpor.hu\/pict\/hypercap-w10-kepernyokep-1.jpg\" width=\"475\" height=\"350\" \/>\n<\/p>\n<p>A leg\u00fajabb Hypercam sok-sok kodekkel &#8230; \u00e9s m\u00e1r 64 bites is van! (Mondjuk ez legink\u00e1bb a <a target=\"_blank\" title=\"K-lite Mega Codec Pack\" href=\"\/\/csillagpor.hu\/remek\/programok\/k-lite-mega-codec-pack-letoltese\" rel=\"noopener noreferrer\">K-lite Mega Codec Pack<\/a> \u00e9rdeme.)<br \/>\n<img decoding=\"async\" loading=\"lazy\" alt=\"HyperCam codec\" src=\"\/\/cuccokhalomban.csillagpor.hu\/pict\/hypercam-kepernyokep-3.jpg\" width=\"479\" height=\"351\" \/>\n<\/p>\n<p>R\u00e9gebbi verzi\u00f3&#8230;<\/p>\n<p>Felv\u00e9tel ter\u00fclete &#8211; Screen Area, ha zavar a keret, itt lehet elt\u00fcntetni.<br \/>\n<img decoding=\"async\" loading=\"lazy\" alt=\"HyperCam felv\u00e9tel\" src=\"\/\/cuccokhalomban.csillagpor.hu\/pict\/hypercam-screenshot-1.jpg\" width=\"411\" height=\"332\" \/><img decoding=\"async\" loading=\"lazy\" alt=\"HyperCam felv\u00e9tel magyar\" src=\"\/\/cuccokhalomban.csillagpor.hu\/pict\/hypercam-screenshot-1m.jpg\" width=\"411\" height=\"283\" \/>\n<\/p>\n<p>Gyorsbillenty\u0171k &#8211; Hot Keys, az ind\u00edt\u00e1st, meg\u00e1ll\u00edt\u00e1st \u00e9s a sz\u00fcnetet \u00e9rdemes legal\u00e1bb megjegyezni!<br \/>\n<img decoding=\"async\" loading=\"lazy\" alt=\"HyperCam gyorsbillenty\u0171k\" src=\"\/\/cuccokhalomban.csillagpor.hu\/pict\/hypercam-screenshot-2.jpg\" width=\"411\" height=\"332\" \/><img decoding=\"async\" loading=\"lazy\" alt=\"HyperCam gyorsbillenty\u0171k magyar\" src=\"\/\/cuccokhalomban.csillagpor.hu\/pict\/hypercam-screenshot-2m.jpg\" width=\"411\" height=\"283\" \/>\n<\/p>\n<p>AVI f\u00e1jl &#8211; AVI File, milyen <a target=\"_blank\" title=\"avi\" href=\"\/\/csillagpor.hu\/remek\/fajlkiterjesztes\/avi\" rel=\"noopener noreferrer\">avit<\/a> akarunk.<br \/>\n<img decoding=\"async\" loading=\"lazy\" alt=\"HyperCam avi\" src=\"\/\/cuccokhalomban.csillagpor.hu\/pict\/hypercam-screenshot-3.jpg\" width=\"411\" height=\"332\" \/><img decoding=\"async\" loading=\"lazy\" alt=\"HyperCam avi magyar\" src=\"\/\/cuccokhalomban.csillagpor.hu\/pict\/hypercam-screenshot-3m.jpg\" width=\"411\" height=\"283\" \/>\n<\/p>\n<p>Hang &#8211; Sound (Itt van n\u00e9mi k\u00fcl\u00f6nbs\u00e9g a k\u00e9t verzi\u00f3 k\u00f6z\u00f6tt, de a l\u00e9nyeg ugyanaz.)<br \/>\n<img decoding=\"async\" loading=\"lazy\" alt=\"HyperCam hang\" src=\"\/\/cuccokhalomban.csillagpor.hu\/pict\/hypercam-screenshot-4.jpg\" width=\"411\" height=\"332\" \/><img decoding=\"async\" loading=\"lazy\" alt=\"HyperCam hang magyar\" src=\"\/\/cuccokhalomban.csillagpor.hu\/pict\/hypercam-screenshot-4m.jpg\" width=\"411\" height=\"283\" \/>\n<\/p>\n<p>Egyebek (eg\u00e9rmutat\u00f3 \u00e9s kattint\u00e1sok) &#8211; Options, a kattint\u00e1s jelz\u00e9s\u00e9t itt lehet bekapcsolni.<br \/>\n<img decoding=\"async\" loading=\"lazy\" alt=\"HyperCam eg\u00e9r\" src=\"\/\/cuccokhalomban.csillagpor.hu\/pict\/hypercam-screenshot-5.jpg\" width=\"411\" height=\"332\" \/><img decoding=\"async\" loading=\"lazy\" alt=\"HyperCam eg\u00e9r magyar\" src=\"\/\/cuccokhalomban.csillagpor.hu\/pict\/hypercam-screenshot-5m.jpg\" width=\"411\" height=\"283\" \/>\n<\/p>\n<p>Licenc &#8211; License (Itt annyi a k\u00fcl\u00f6nbs\u00e9g, hogy az angol nem pr\u00f3ba verzi\u00f3, hanem az eg\u00e9sz vil\u00e1gon ingyenesen haszn\u00e1lhat\u00f3.)<br \/>\n<img decoding=\"async\" loading=\"lazy\" alt=\"HyperCam jogok\" src=\"\/\/cuccokhalomban.csillagpor.hu\/pict\/hypercam-screenshot-6.jpg\" width=\"411\" height=\"332\" \/><img decoding=\"async\" loading=\"lazy\" alt=\"HyperCam jogok magyar\" src=\"\/\/cuccokhalomban.csillagpor.hu\/pict\/hypercam-screenshot-6m.jpg\" width=\"411\" height=\"283\" \/><\/p>\n","protected":false},"excerpt":{"rendered":"<p><a target=\"_blank\" title=\"hypercamt\" href=\"\/\/csillagpor.hu\/remek\/programok\/hypercam-screenshot\" rel=\"noopener noreferrer\"><img decoding=\"async\" loading=\"lazy\" alt=\"HyperCam\" src=\"\/\/cuccokhalomban.csillagpor.hu\/pict\/hypercam-kicsi.jpg\" width=\"100\" height=\"81\" class=\"flr\" \/><\/a>HyperCam screen capture program.  A fel\u00fclet bemutat\u00e1sa \u00fagy t\u00f6rt\u00e9nik, hogy az angol verzi\u00f3 mellett l\u00e1that\u00f3 a magyar fel\u00fclet k\u00e9pe is. A magyar nyelv\u0171 v\u00e1ltozat sajnos korl\u00e1tozott (Regisztr\u00e1latlan HyperCam felirat l\u00e1that\u00f3 minden vide\u00f3 sark\u00e1ban) \u00e9s r\u00e9gebbi verzi\u00f3 is. De hasznos bemutatni a teljes \u00e9rt\u00e9k\u0171 angol nyelv\u0171 program fel\u00fclet\u00e9t, angolul nem tud\u00f3knak.<\/p>\n","protected":false},"author":1,"featured_media":0,"parent":0,"menu_order":0,"comment_status":"closed","ping_status":"closed","template":"","meta":{"footnotes":""},"_links":{"self":[{"href":"https:\/\/csillagpor.hu\/remek\/programok\/wp-json\/wp\/v2\/pages\/784"}],"collection":[{"href":"https:\/\/csillagpor.hu\/remek\/programok\/wp-json\/wp\/v2\/pages"}],"about":[{"href":"https:\/\/csillagpor.hu\/remek\/programok\/wp-json\/wp\/v2\/types\/page"}],"author":[{"embeddable":true,"href":"https:\/\/csillagpor.hu\/remek\/programok\/wp-json\/wp\/v2\/users\/1"}],"replies":[{"embeddable":true,"href":"https:\/\/csillagpor.hu\/remek\/programok\/wp-json\/wp\/v2\/comments?post=784"}],"version-history":[{"count":0,"href":"https:\/\/csillagpor.hu\/remek\/programok\/wp-json\/wp\/v2\/pages\/784\/revisions"}],"wp:attachment":[{"href":"https:\/\/csillagpor.hu\/remek\/programok\/wp-json\/wp\/v2\/media?parent=784"}],"curies":[{"name":"wp","href":"https:\/\/api.w.org\/{rel}","templated":true}]}}