{"id":791,"date":"2011-11-16T22:47:10","date_gmt":"2011-11-16T21:47:10","guid":{"rendered":"http:\/\/csillagpor.hu\/remek\/programok\/?page_id=791"},"modified":"2022-06-30T17:42:53","modified_gmt":"2022-06-30T15:42:53","slug":"synfig-animation-studio-screenshot","status":"publish","type":"page","link":"https:\/\/csillagpor.hu\/remek\/programok\/synfig-animation-studio-screenshot","title":{"rendered":"Synfig Animation Studio k\u00e9perny\u0151k\u00e9pek"},"content":{"rendered":"<p><a target=\"_blank\" title=\"synfig animation studio\" href=\"\/\/csillagpor.hu\/remek\/programok\/synfig-animation-studio\" rel=\"noopener noreferrer\">Synfig Animation Studio anim\u00e1ci\u00f3 rajzol\u00f3<\/a> Linuxon, k\u00e9sz\u00fcl az anim\u00e1ci\u00f3 &#8230;<br \/>\n<img decoding=\"async\" loading=\"lazy\" alt=\"Synfig Animation Studio Linux\" src=\"\/\/cuccokhalomban.csillagpor.hu\/pict\/synfig-animation-studio-screenshot.jpg\" width=\"800\" height=\"600\" \/>\n<\/p>\n<p>A program ind\u00edt\u00e1sa, kezdj\u00fck null\u00e1r\u00f3l.<br \/>\n<img decoding=\"async\" loading=\"lazy\" alt=\"Synfig Animation Studio\" src=\"\/\/cuccokhalomban.csillagpor.hu\/pict\/synfig-animation-studio-screenshot-1.jpg\" width=\"800\" height=\"581\" \/>\n<\/p>\n<p>Egy a sok p\u00e9ldaf\u00e1jl k\u00f6z\u00fcl, nagy\u00edt\u00f3s kocka, r\u00e9tegkezel\u00e9s.<br \/>\n<img decoding=\"async\" loading=\"lazy\" alt=\"Synfig Animation Studio r\u00e9tegkezel\u00e9s\" src=\"\/\/cuccokhalomban.csillagpor.hu\/pict\/synfig-animation-studio-screenshot-2.jpg\" width=\"800\" height=\"581\" \/>\n<\/p>\n<p>Eszk\u00f6z\u00f6k, csillag eszk\u00f6zzel megbolond\u00edtva &#8230;<br \/>\n<img decoding=\"async\" loading=\"lazy\" alt=\"Synfig Animation Studio eszk\u00f6z\u00f6k\" src=\"\/\/cuccokhalomban.csillagpor.hu\/pict\/synfig-animation-studio-screenshot-3.jpg\" width=\"800\" height=\"581\" \/>\n<\/p>\n<p>Sz\u00e9less\u00e9g eszk\u00f6z &#8230; na most m\u00e1r nagyon sz\u00e9p.<br \/>\n<img decoding=\"async\" loading=\"lazy\" alt=\"Synfig Animation Studio sebess\u00e9g\" src=\"\/\/cuccokhalomban.csillagpor.hu\/pict\/synfig-animation-studio-screenshot-4.jpg\" width=\"800\" height=\"581\" \/>\n<\/p>\n<p>El\u0151n\u00e9zet ablak<br \/>\n<img decoding=\"async\" loading=\"lazy\" alt=\"Synfig Animation Studio el\u0151n\u00e9zet\" src=\"\/\/cuccokhalomban.csillagpor.hu\/pict\/synfig-animation-studio-screenshot-5.jpg\" width=\"800\" height=\"581\" \/>\n<\/p>\n<p>Renderel\u00e9s, sokf\u00e9le k\u00e9p, vide\u00f3 \u00e9s anim\u00e1ci\u00f3 form\u00e1tumba menthet\u00fcnk.<br \/>\n<img decoding=\"async\" loading=\"lazy\" alt=\"Synfig Animation Studio renderel\u00e9s\" src=\"\/\/cuccokhalomban.csillagpor.hu\/pict\/synfig-animation-studio-screenshot-6.jpg\" width=\"800\" height=\"581\" \/><\/p>\n","protected":false},"excerpt":{"rendered":"<p><a target=\"_blank\" title=\"Synfig Animation Studio k\u00e9perny\u0151k\u00e9pek\" href=\"\/\/csillagpor.hu\/remek\/programok\/synfig-animation-studio-screenshot\" rel=\"noopener noreferrer\"><img decoding=\"async\" loading=\"lazy\" alt=\"Synfig Animation Studio\" src=\"\/\/cuccokhalomban.csillagpor.hu\/pict\/synfig-animation-studio-kicsi.jpg\" width=\"100\" height=\"73\" class=\"flr\" \/><\/a>Synfig Animation Studio anim\u00e1ci\u00f3 rajzol\u00f3. Linuxon, k\u00e9sz\u00fcl az anim\u00e1ci\u00f3 &#8230; A program ind\u00edt\u00e1sa, kezdj\u00fck null\u00e1r\u00f3l. Egy a sok p\u00e9ldaf\u00e1jl k\u00f6z\u00fcl, nagy\u00edt\u00f3s kocka, r\u00e9tegkezel\u00e9s. Eszk\u00f6z\u00f6k, csillag eszk\u00f6zzel megbolond\u00edtva &#8230; Sz\u00e9less\u00e9g eszk\u00f6z &#8230; na most m\u00e1r nagyon sz\u00e9p&#8230;<\/p>\n","protected":false},"author":1,"featured_media":0,"parent":0,"menu_order":0,"comment_status":"closed","ping_status":"closed","template":"","meta":{"footnotes":""},"_links":{"self":[{"href":"https:\/\/csillagpor.hu\/remek\/programok\/wp-json\/wp\/v2\/pages\/791"}],"collection":[{"href":"https:\/\/csillagpor.hu\/remek\/programok\/wp-json\/wp\/v2\/pages"}],"about":[{"href":"https:\/\/csillagpor.hu\/remek\/programok\/wp-json\/wp\/v2\/types\/page"}],"author":[{"embeddable":true,"href":"https:\/\/csillagpor.hu\/remek\/programok\/wp-json\/wp\/v2\/users\/1"}],"replies":[{"embeddable":true,"href":"https:\/\/csillagpor.hu\/remek\/programok\/wp-json\/wp\/v2\/comments?post=791"}],"version-history":[{"count":0,"href":"https:\/\/csillagpor.hu\/remek\/programok\/wp-json\/wp\/v2\/pages\/791\/revisions"}],"wp:attachment":[{"href":"https:\/\/csillagpor.hu\/remek\/programok\/wp-json\/wp\/v2\/media?parent=791"}],"curies":[{"name":"wp","href":"https:\/\/api.w.org\/{rel}","templated":true}]}}