{"id":795,"date":"2011-11-20T17:19:18","date_gmt":"2011-11-20T16:19:18","guid":{"rendered":"http:\/\/csillagpor.hu\/remek\/programok\/?page_id=795"},"modified":"2023-06-26T19:53:40","modified_gmt":"2023-06-26T17:53:40","slug":"radiosure-screenshot","status":"publish","type":"page","link":"https:\/\/csillagpor.hu\/remek\/programok\/radiosure-screenshot","title":{"rendered":"RadioSure k\u00e9perny\u0151k\u00e9pek"},"content":{"rendered":"<p><a target=\"_blank\" title=\"radiosure\" href=\"\/\/csillagpor.hu\/remek\/programok\/radiosure-letoltes\" rel=\"noopener\">A RadioSure online r\u00e1di\u00f3 kezel\u0151 alkalmaz\u00e1s<\/a>, Windows 11-en lej\u00e1tsz\u00e1s k\u00f6zben. Itt m\u00e9g csak a 106-al kezd\u0151d\u0151 r\u00e1di\u00f3k &#8230;<br \/>\n<img decoding=\"async\" loading=\"lazy\" alt=\"RadioSure\" src=\"https:\/\/cuccokhalomban.csillagpor.hu\/pict\/radiosure-radioadok-kepernyokep.webp\" width=\"543\" height=\"411\" \/>\n<\/p>\n<p>R\u00e1kattintunk a sz\u00edvre \u00e9s hozz\u00e1adjuk a Kedvencekhez ami \u00e9pp sz\u00f3l.<br \/>\n<img decoding=\"async\" loading=\"lazy\" alt=\"RadioSure Kedvencek\" src=\"\/\/cuccokhalomban.csillagpor.hu\/pict\/radiosure-kedvencek-kepernyokep.webp\" width=\"543\" height=\"411\" \/>\n<\/p>\n<p>A bal fels\u0151 kis r\u00e1di\u00f3ra jobb eg\u00e9rgombbal kattintva megl\u00e1thatjuk ezt a men\u00fct \u00e9s benne a kedvenceinket.<br \/>\n<img decoding=\"async\" loading=\"lazy\" alt=\"RadioSure men\u00fc\" src=\"\/\/cuccokhalomban.csillagpor.hu\/pict\/radiosure-menu-kedvencek-kepernyokep.webp\" width=\"543\" height=\"411\" \/>\n<\/p>\n<p>Itt tal\u00e1lhatjuk az Equalizert is, ami ez esetben el\u0151re be\u00e1ll\u00edtott profilokat jelent.<br \/>\n<img decoding=\"async\" loading=\"lazy\" alt=\"RadioSure equalizer\" src=\"\/\/cuccokhalomban.csillagpor.hu\/pict\/radiosure-menu-equalizer-kepernyokep.webp\" width=\"543\" height=\"411\" \/>\n<\/p>\n<p>A be\u00e1ll\u00edt\u00e1sokat a fentebb l\u00e1that\u00f3 men\u00fcben l\u00e9v\u0151 Options-b\u00f3l \u00e9rhetj\u00fck el &#8230; \u00e9s h\u00e1t mint l\u00e1thatjuk nem magyar nyelv\u0171 semmi, pedig becssz\u00f3 be\u00e1ll\u00edtottam &#8230; A Check for new version-t nyugodtan kikapcsolhatjuk, mert nem fog \u00fajat tal\u00e1lni &#8230;<br \/>\n<img decoding=\"async\" loading=\"lazy\" alt=\"RadioSure be\u00e1ll\u00edt\u00e1sok\" src=\"\/\/cuccokhalomban.csillagpor.hu\/pict\/radiosure-beallitasok-kepernyokep.webp\" width=\"585\" height=\"521\" \/>\n<\/p>\n<p>Sok csatorn\u00e1n\u00e1l l\u00e1thatjuk a c\u00edmsorban az \u00e9pp j\u00e1tszott el\u0151ad\u00f3t \u00e9s a sz\u00e1m c\u00edm\u00e9t&#8230; sokn\u00e1l meg nem.<br \/>\n<img decoding=\"async\" loading=\"lazy\" alt=\"RadioSure c\u00edmsor el\u0151ad\u00f3\" src=\"\/\/cuccokhalomban.csillagpor.hu\/pict\/radiosure-eloado-szam-cime-kepernyokep.webp\" width=\"585\" height=\"521\" \/>\n<\/p>\n<p>A jobb fels\u0151 kis &#8230; iz\u00e9vel v\u00e1lthatunk kompakt n\u00e9zetre \u00e9s vissza.<br \/>\n<img decoding=\"async\" loading=\"lazy\" alt=\"egyszer\u0171bb n\u00e9zet\" src=\"\/\/cuccokhalomban.csillagpor.hu\/pict\/radiosure-egyszerubb-kepernyokep.webp\" width=\"543\" height=\"139\" \/>\n<\/p>\n<p>Az el\u0151bbi &#8220;iz\u00e9&#8221; alatt l\u00e1thatjuk a lej\u00e1tsz\u00e1s aktu\u00e1lis min\u0151s\u00e9g\u00e9t, \u00e1t is \u00e1ll\u00edthatjuk egy kattint\u00e1s ut\u00e1n &#8230; tal\u00e1n.<br \/>\n<img decoding=\"async\" loading=\"lazy\" alt=\"mp3 min\u0151s\u00e9g\" src=\"\/\/cuccokhalomban.csillagpor.hu\/pict\/radiosure-mp3-minoseg-kepernyokep.webp\" width=\"543\" height=\"411\" \/>\n<\/p>\n<p>A n\u00e9vjegyben l\u00e1thatjuk, hogy 2011-ig k\u00e9sz\u00fclt a program, de a r\u00e1di\u00f3 csatorna adatb\u00e1zis f\u00e1jl utolj\u00e1ra m\u00e9g 2016-ban friss\u00fclt.<br \/>\n<img decoding=\"async\" loading=\"lazy\" alt=\"RadioSure n\u00e9vjegy\" src=\"\/\/cuccokhalomban.csillagpor.hu\/pict\/radiosure-nevjegy-kepernyokep.webp\" width=\"545\" height=\"365\" \/>\n<\/p>\n<p>R\u00e9gebbi verzi\u00f3k, r\u00e9gebbi Windowson &#8230;<\/p>\n<p>RadioSure internet r\u00e1di\u00f3, az alap\u00e9rtelmezett skin angolul lej\u00e1tsz\u00e1s k\u00f6zben.<br \/>\n<img decoding=\"async\" loading=\"lazy\" alt=\"RadioSure alap\u00e9rtelmezett skin\" src=\"\/\/cuccokhalomban.csillagpor.hu\/pict\/radiosure-screenshot-1.jpg\" width=\"496\" height=\"371\" \/>\n<\/p>\n<p>Magyar fel\u00fclettel \u00e9s men\u00fcvel.<br \/>\n<img decoding=\"async\" loading=\"lazy\" alt=\"RadioSure magyar fel\u00fclet\" src=\"\/\/cuccokhalomban.csillagpor.hu\/pict\/radiosure-screenshot-7.jpg\" width=\"610\" height=\"371\" \/>\n<\/p>\n<p>RadioSure &#8211; Be\u00e1ll\u00edt\u00e1sok &#8211; Felv\u00e9tel<br \/>\n<img decoding=\"async\" loading=\"lazy\" alt=\"RadioSure be\u00e1ll\u00edt\u00e1sok, felv\u00e9tel\" src=\"\/\/cuccokhalomban.csillagpor.hu\/pict\/radiosure-screenshot-6.jpg\" width=\"529\" height=\"455\" \/>\n<\/p>\n<p>RadioSure &#8211; P\u00e1r p\u00e9lda a tov\u00e1bbi skinekre:<br \/>\n<img decoding=\"async\" loading=\"lazy\" alt=\"RadioSure skin\" src=\"\/\/cuccokhalomban.csillagpor.hu\/pict\/radiosure-screenshot-2.jpg\" width=\"600\" height=\"216\" \/><\/p>\n<p><img decoding=\"async\" loading=\"lazy\" alt=\"RadioSure skin\" src=\"\/\/cuccokhalomban.csillagpor.hu\/pict\/radiosure-screenshot-3.jpg\" width=\"535\" height=\"370\" \/><\/p>\n<p><img decoding=\"async\" loading=\"lazy\" alt=\"RadioSure skin\" src=\"\/\/cuccokhalomban.csillagpor.hu\/pict\/radiosure-screenshot-4.jpg\" width=\"550\" height=\"443\" \/><\/p>\n","protected":false},"excerpt":{"rendered":"<p><a target=\"_blank\" title=\"radiosure k\u00e9perny\u0151k\u00e9pek\" href=\"\/\/csillagpor.hu\/remek\/programok\/radiosure-screenshot\" rel=\"noopener noreferrer\"><img decoding=\"async\" loading=\"lazy\" alt=\"RadioSure\" src=\"\/\/cuccokhalomban.csillagpor.hu\/pict\/radiosure.jpg\" width=\"100\" height=\"74\" class=\"flr\" \/><\/a>RadioSure internet r\u00e1di\u00f3, az alap\u00e9rtelmezett skin angolul lej\u00e1tsz\u00e1s k\u00f6zben. Magyar fel\u00fclettel \u00e9s men\u00fcvel. RadioSure &#8211; Be\u00e1ll\u00edt\u00e1sok &#8211; Felv\u00e9tel, P\u00e1r p\u00e9lda a tov\u00e1bbi skinekre &#8230;<\/p>\n","protected":false},"author":1,"featured_media":0,"parent":0,"menu_order":0,"comment_status":"closed","ping_status":"closed","template":"","meta":{"footnotes":""},"_links":{"self":[{"href":"https:\/\/csillagpor.hu\/remek\/programok\/wp-json\/wp\/v2\/pages\/795"}],"collection":[{"href":"https:\/\/csillagpor.hu\/remek\/programok\/wp-json\/wp\/v2\/pages"}],"about":[{"href":"https:\/\/csillagpor.hu\/remek\/programok\/wp-json\/wp\/v2\/types\/page"}],"author":[{"embeddable":true,"href":"https:\/\/csillagpor.hu\/remek\/programok\/wp-json\/wp\/v2\/users\/1"}],"replies":[{"embeddable":true,"href":"https:\/\/csillagpor.hu\/remek\/programok\/wp-json\/wp\/v2\/comments?post=795"}],"version-history":[{"count":0,"href":"https:\/\/csillagpor.hu\/remek\/programok\/wp-json\/wp\/v2\/pages\/795\/revisions"}],"wp:attachment":[{"href":"https:\/\/csillagpor.hu\/remek\/programok\/wp-json\/wp\/v2\/media?parent=795"}],"curies":[{"name":"wp","href":"https:\/\/api.w.org\/{rel}","templated":true}]}}