{"id":810,"date":"2011-11-26T23:38:50","date_gmt":"2011-11-26T22:38:50","guid":{"rendered":"http:\/\/csillagpor.hu\/remek\/programok\/?page_id=810"},"modified":"2022-06-30T18:28:37","modified_gmt":"2022-06-30T16:28:37","slug":"bsplayer-screenshot","status":"publish","type":"page","link":"https:\/\/csillagpor.hu\/remek\/programok\/bsplayer-screenshot","title":{"rendered":"BS.Player k\u00e9perny\u0151k\u00e9pek"},"content":{"rendered":"<p>\u00daj: <a target=\"_blank\" title=\"bsplayer toolbar\" href=\"\/\/csillagpor.hu\/remek\/programok\/bsplayer-toolbar-eltavolitasa\" rel=\"noopener noreferrer\">A BS.Player Toolbar elt\u00e1vol\u00edt\u00e1sa<\/a><\/p>\n<p><a target=\"_blank\" title=\"bsplayer\" href=\"\/\/csillagpor.hu\/remek\/programok\/bsplayer-letoltese\" rel=\"noopener noreferrer\">BS.Player<\/a> <a target=\"_blank\" href=\"\/\/csillagpor.hu\/remek\/programok\/multimedia-lejatszo-programok\" rel=\"noopener noreferrer\">m\u00e9dia lej\u00e1tsz\u00f3<\/a>, telep\u00edt\u00e9s elej\u00e9n ezeket ne v\u00e1lasszuk!<br \/>\n<img decoding=\"async\" loading=\"lazy\" alt=\"BS.Player m\u00e9dia lej\u00e1tsz\u00f3\" src=\"\/\/cuccokhalomban.csillagpor.hu\/pict\/bsplayer-screenshot.jpg\" width=\"503\" height=\"389\" \/>\n<\/p>\n<p>A hi\u00e1nyz\u00f3 kodekeket let\u00f6lti \u00e9s feltelep\u00edti.<br \/>\n<img decoding=\"async\" loading=\"lazy\" alt=\"BS.Player kodekek\" src=\"\/\/cuccokhalomban.csillagpor.hu\/pict\/bsplayer-screenshot-1.jpg\" width=\"674\" height=\"500\" \/>\n<\/p>\n<p>Az Aero fel\u00fclettel nem kompatibilis a 2.57 verzi\u00f3. Annak ellen\u00e9re, hogy aj\u00e1nlja az EVR renderel\u00e9st, \u00fagy sem m\u0171k\u00f6dik.<br \/>\n<img decoding=\"async\" loading=\"lazy\" alt=\"BS.Player\" src=\"\/\/cuccokhalomban.csillagpor.hu\/pict\/bsplayer-screenshot-2.jpg\" width=\"573\" height=\"394\" \/>\n<\/p>\n<p>A men\u00fc \u00edgy n\u00e9zne ki az Aero fel\u00fcleten &#8230;<br \/>\n<img decoding=\"async\" loading=\"lazy\" alt=\"BS.Player\" src=\"\/\/cuccokhalomban.csillagpor.hu\/pict\/bsplayer-screenshot-3.jpg\" width=\"800\" height=\"459\" \/>\n<\/p>\n<p>&#8230; ha nem friss\u00edten\u00e9nk 2.58-ra, ahol m\u00e1r minden rendben, magyarul is.<br \/>\n<img decoding=\"async\" loading=\"lazy\" alt=\"BS.Player 2.58\" src=\"\/\/cuccokhalomban.csillagpor.hu\/pict\/bsplayer-screenshot-4.jpg\" width=\"436\" height=\"133\" \/>\n<\/p>\n<p>Men\u00fc &#8211; Be\u00e1ll\u00edt\u00e1sok &#8211; Egy\u00e9ni be\u00e1ll\u00edt\u00e1sok &#8211; kin\u00e9zet, nyelv, m\u00e9dia inform\u00e1ci\u00f3, sz\u0171r\u0151k&#8230;<br \/>\n<img decoding=\"async\" loading=\"lazy\" alt=\"BS.Player be\u00e1ll\u00edt\u00e1sok\" src=\"\/\/cuccokhalomban.csillagpor.hu\/pict\/bsplayer-screenshot-5.jpg\" width=\"800\" height=\"471\" \/>\n<\/p>\n<p>Be\u00e1ll\u00edt\u00e1sok &#8211; \u00c1ltal\u00e1nos &#8211; automatikus lej\u00e1tsz\u00e1s, t\u00f6bb BS.Player futhat egy id\u0151ben, stb.<br \/>\n<img decoding=\"async\" loading=\"lazy\" alt=\"BS.Player automatikus lej\u00e1tsz\u00e1s\" src=\"\/\/cuccokhalomban.csillagpor.hu\/pict\/bsplayer-screenshot-6.jpg\" width=\"768\" height=\"500\" \/>\n<\/p>\n<p>M\u00e9dia k\u00f6nyvt\u00e1r &#8211; R\u00e1di\u00f3 &#8211; C\u00edm, m\u0171faj<br \/>\n<img decoding=\"async\" loading=\"lazy\" alt=\"BS.Player 8 m\u00e9dia k\u00f6nyvt\u00e1r\" src=\"\/\/cuccokhalomban.csillagpor.hu\/pict\/bsplayer-screenshot-7.jpg\" width=\"595\" height=\"500\" \/><\/p>\n","protected":false},"excerpt":{"rendered":"<p>\u00daj: A BS.Player Toolbar elt\u00e1vol\u00edt\u00e1sa BS.Player m\u00e9dia lej\u00e1tsz\u00f3, telep\u00edt\u00e9s elej\u00e9n ezeket ne v\u00e1lasszuk! A hi\u00e1nyz\u00f3 kodekeket let\u00f6lti \u00e9s feltelep\u00edti. Az Aero fel\u00fclettel nem&#46;&#46;&#46;<\/p>\n","protected":false},"author":1,"featured_media":0,"parent":0,"menu_order":0,"comment_status":"closed","ping_status":"closed","template":"","meta":{"footnotes":""},"_links":{"self":[{"href":"https:\/\/csillagpor.hu\/remek\/programok\/wp-json\/wp\/v2\/pages\/810"}],"collection":[{"href":"https:\/\/csillagpor.hu\/remek\/programok\/wp-json\/wp\/v2\/pages"}],"about":[{"href":"https:\/\/csillagpor.hu\/remek\/programok\/wp-json\/wp\/v2\/types\/page"}],"author":[{"embeddable":true,"href":"https:\/\/csillagpor.hu\/remek\/programok\/wp-json\/wp\/v2\/users\/1"}],"replies":[{"embeddable":true,"href":"https:\/\/csillagpor.hu\/remek\/programok\/wp-json\/wp\/v2\/comments?post=810"}],"version-history":[{"count":0,"href":"https:\/\/csillagpor.hu\/remek\/programok\/wp-json\/wp\/v2\/pages\/810\/revisions"}],"wp:attachment":[{"href":"https:\/\/csillagpor.hu\/remek\/programok\/wp-json\/wp\/v2\/media?parent=810"}],"curies":[{"name":"wp","href":"https:\/\/api.w.org\/{rel}","templated":true}]}}