{"id":811,"date":"2011-11-27T12:54:18","date_gmt":"2011-11-27T11:54:18","guid":{"rendered":"http:\/\/csillagpor.hu\/remek\/programok\/?page_id=811"},"modified":"2022-06-30T18:03:07","modified_gmt":"2022-06-30T16:03:07","slug":"photofiltre-screenshot","status":"publish","type":"page","link":"https:\/\/csillagpor.hu\/remek\/programok\/photofiltre-screenshot","title":{"rendered":"PhotoFiltre k\u00e9perny\u0151k\u00e9pek"},"content":{"rendered":"<p><a target=\"_blank\" title=\"photofiltre\" href=\"\/\/csillagpor.hu\/remek\/programok\/photofiltre-letoltes\" rel=\"noopener noreferrer\">A PhotoFiltre<\/a> k\u00e9pszerkeszt\u0151 7.2.1-es v\u00e1ltozat Windows 10-en, sajnos m\u00e1r csak angol nyelven. A k\u00e9p mellett a r\u00e9tegek el\u0151zm\u00e9nyei l\u00e1that\u00f3k.<br \/>\n<img decoding=\"async\" loading=\"lazy\" alt=\"PhotoFiltre r\u00e9tegek, Windows 10\" src=\"\/\/cuccokhalomban.csillagpor.hu\/pict\/photofiltre-kepernyokep-1.jpg\" width=\"761\" height=\"500\" \/>\n<\/p>\n<p>R\u00e9gebbi verzi\u00f3k &#8230;<\/p>\n<p>A PhotoFiltre <a target=\"_blank\" href=\"\/\/csillagpor.hu\/remek\/programok\/kepszerkeszto-programok\" rel=\"noopener noreferrer\">k\u00e9pszerkeszt\u0151<\/a> egy bet\u00f6lt\u00f6tt k\u00e9ppel.<br \/>\n<img decoding=\"async\" loading=\"lazy\" alt=\"PhotoFiltre k\u00e9pszerkeszt\u0151\" src=\"\/\/cuccokhalomban.csillagpor.hu\/pict\/photofiltre-screenshot.jpg\" width=\"703\" height=\"500\" \/>\n<\/p>\n<p>Be\u00e1ll\u00edt\u00e1s &#8211; Negat\u00edvv\u00e1 v\u00e1ltoztatunk egy k\u00e9pet.<br \/>\n<img decoding=\"async\" loading=\"lazy\" alt=\"PhotoFiltre negat\u00edv k\u00e9p\" src=\"\/\/cuccokhalomban.csillagpor.hu\/pict\/photofiltre-screenshot-1.jpg\" width=\"703\" height=\"500\" \/>\n<\/p>\n<p>Sz\u0171r\u0151k &#8211; Tomp\u00edt\u00e1s, \u00e9les\u00edt\u00e9s, elmos\u00e1s, zaj, dombor\u00edt\u00e1s, sz\u00ednek, m\u0171v\u00e9szi, elmos\u00e1s, torz\u00edt\u00e1s, miegym\u00e1s&#8230;<br \/>\n<img decoding=\"async\" loading=\"lazy\" alt=\"PhotoFiltre sz\u0171r\u0151k\" src=\"\/\/cuccokhalomban.csillagpor.hu\/pict\/photofiltre-screenshot-2.jpg\" width=\"703\" height=\"500\" \/>\n<\/p>\n<p>K\u00e9p \u00e1tm\u00e9retez\u00e9se, optimaliz\u00e1l\u00e1s, ar\u00e1nyok megtart\u00e1sa vagy nem.<br \/>\n<img decoding=\"async\" loading=\"lazy\" alt=\"PhotoFiltre m\u00e9retez\u00e9s\" src=\"\/\/cuccokhalomban.csillagpor.hu\/pict\/photofiltre-screenshot-3.jpg\" width=\"703\" height=\"500\" \/>\n<\/p>\n<p>Automatiz\u00e1l\u00e1s, \u00e1tm\u00e9retez\u00e9s, sz\u0171r\u0151k \u00e9s forgat\u00e1s, \u00e1tnevez\u00e9s \u00e9s egy\u00e9b m\u0171veletek t\u00f6bb k\u00e9pf\u00e1jlon egyszerre.<br \/>\n<img decoding=\"async\" loading=\"lazy\" alt=\"PhotoFiltre automatiz\u00e1l\u00e1s\" src=\"\/\/cuccokhalomban.csillagpor.hu\/pict\/photofiltre-screenshot-4.jpg\" width=\"703\" height=\"500\" \/>\n<\/p>\n<p>Automatiz\u00e1l\u00e1s, k\u00e9p \u00e1tm\u00e9retez\u00e9s.<br \/>\n<img decoding=\"async\" loading=\"lazy\" alt=\"PhotoFiltre\" src=\"\/\/cuccokhalomban.csillagpor.hu\/pict\/photofiltre-screenshot-5.jpg\" width=\"704\" height=\"500\" \/>\n<\/p>\n<p>Automatiz\u00e1l\u00e1s &#8211; Sz\u0171r\u0151k: \u00e9les\u00edt\u00e9s, tomp\u00edt\u00e1s, elmos\u00e1s, dombor\u00edt\u00e1s, zajos\u00edt\u00e1s, TV k\u00e9p<br \/>\n<img decoding=\"async\" loading=\"lazy\" alt=\"PhotoFiltre \u00e9les\u00edt\u00e9s, tomp\u00edt\u00e1s\" src=\"\/\/cuccokhalomban.csillagpor.hu\/pict\/photofiltre-screenshot-6.jpg\" width=\"702\" height=\"500\" \/><\/p>\n","protected":false},"excerpt":{"rendered":"<p>A PhotoFiltre k\u00e9pszerkeszt\u0151 7.2.1-es v\u00e1ltozat Windows 10-en, sajnos m\u00e1r csak angol nyelven. A k\u00e9p mellett a r\u00e9tegek el\u0151zm\u00e9nyei l\u00e1that\u00f3k. R\u00e9gebbi verzi\u00f3k &#8230; A&#46;&#46;&#46;<\/p>\n","protected":false},"author":1,"featured_media":0,"parent":0,"menu_order":0,"comment_status":"closed","ping_status":"closed","template":"","meta":{"footnotes":""},"_links":{"self":[{"href":"https:\/\/csillagpor.hu\/remek\/programok\/wp-json\/wp\/v2\/pages\/811"}],"collection":[{"href":"https:\/\/csillagpor.hu\/remek\/programok\/wp-json\/wp\/v2\/pages"}],"about":[{"href":"https:\/\/csillagpor.hu\/remek\/programok\/wp-json\/wp\/v2\/types\/page"}],"author":[{"embeddable":true,"href":"https:\/\/csillagpor.hu\/remek\/programok\/wp-json\/wp\/v2\/users\/1"}],"replies":[{"embeddable":true,"href":"https:\/\/csillagpor.hu\/remek\/programok\/wp-json\/wp\/v2\/comments?post=811"}],"version-history":[{"count":0,"href":"https:\/\/csillagpor.hu\/remek\/programok\/wp-json\/wp\/v2\/pages\/811\/revisions"}],"wp:attachment":[{"href":"https:\/\/csillagpor.hu\/remek\/programok\/wp-json\/wp\/v2\/media?parent=811"}],"curies":[{"name":"wp","href":"https:\/\/api.w.org\/{rel}","templated":true}]}}