{"id":812,"date":"2011-11-27T16:33:27","date_gmt":"2011-11-27T15:33:27","guid":{"rendered":"http:\/\/csillagpor.hu\/remek\/programok\/?page_id=812"},"modified":"2022-06-30T18:30:25","modified_gmt":"2022-06-30T16:30:25","slug":"adobe-reader-screenshot","status":"publish","type":"page","link":"https:\/\/csillagpor.hu\/remek\/programok\/adobe-reader-screenshot","title":{"rendered":"Adobe Reader k\u00e9perny\u0151k\u00e9pek"},"content":{"rendered":"<p>&rarr; <a target=\"_blank\" title=\"Adobe Acrobat Reader DC\" href=\"\/\/csillagpor.hu\/remek\/programok\/adobe-acrobat-reader-dc-kepernyokepek\" rel=\"noopener noreferrer\">Az Adobe Acrobat Reader DC k\u00e9perny\u0151k\u00e9pei<\/a><\/p>\n<p><a target=\"_blank\" title=\"adobe reader\" href=\"\/\/csillagpor.hu\/remek\/programok\/adobe-reader-letoltese\" rel=\"noopener noreferrer\">Az Adobe Reader<\/a> 11.0-s verzi\u00f3ja Windows 10-en. Be\u00e1ll\u00edt\u00e1sok, a friss\u00edt\u00e9seket itt tilthatjuk le, ha szeretn\u00e9nk.<br \/>\n<img decoding=\"async\" loading=\"lazy\" alt=\"Adobe Reader Windows 10-en\" src=\"\/\/cuccokhalomban.csillagpor.hu\/pict\/adobe-reader-kepernyokepek-1.jpg\" width=\"1024\" height=\"629\" \/>\n<\/p>\n<p>Helyes\u00edr\u00e1s-ellen\u0151rz\u00e9s ki-be kapcsol\u00e1sa \u00e9s be\u00e1ll\u00edt\u00e1sa.<br \/>\n<img decoding=\"async\" loading=\"lazy\" alt=\"Adobe Reader magyar helyes\u00edr\u00e1s\" src=\"\/\/cuccokhalomban.csillagpor.hu\/pict\/adobe-reader-kepernyokepek-2.jpg\" width=\"1024\" height=\"624\" \/>\n<\/p>\n<p>A <a target=\"_blank\" title=\"pdf\" href=\"\/\/csillagpor.hu\/remek\/fajlkiterjesztes\/pdf\" rel=\"noopener noreferrer\">PDF dokumentumok<\/a> b\u00f6ng\u00e9sz\u0151ben val\u00f3 megjelen\u00edt\u00e9s\u00e9nek be\u00e1ll\u00edt\u00e1sai.<br \/>\n<img decoding=\"async\" loading=\"lazy\" alt=\"Adobe Reader PDF a b\u00f6ng\u00e9sz\u0151ben\" src=\"\/\/cuccokhalomban.csillagpor.hu\/pict\/adobe-reader-kepernyokepek-3.jpg\" width=\"1024\" height=\"507\" \/>\n<\/p>\n<p>JavaScript ki-be kapcsol\u00e1s, paranoi\u00e1soknak aj\u00e1nlott nem enged\u00e9lyezni.<br \/>\n<img decoding=\"async\" loading=\"lazy\" alt=\"Adobe Reader JavaScript\" src=\"\/\/cuccokhalomban.csillagpor.hu\/pict\/adobe-reader-kepernyokepek-4.jpg\" width=\"1024\" height=\"624\" \/>\n<\/p>\n<p>Sandbox v\u00e9delem be\u00e1ll\u00edt\u00e1sai, v\u00e9dett n\u00e9zet, fokozott biztons\u00e1g &#8230; ilyenek.<br \/>\n<img decoding=\"async\" loading=\"lazy\" alt=\"Adobe Reader Sandbox\" src=\"\/\/cuccokhalomban.csillagpor.hu\/pict\/adobe-reader-kepernyokepek-5.jpg\" width=\"1024\" height=\"687\" \/>\n<\/p>\n<p>A multim\u00e9dia m\u0171veleteket kikapcsolhatjuk, ha csak sima sz\u00f6veges, k\u00e9pes dokumentumokat n\u00e9zeget\u00fcnk.<br \/>\n<img decoding=\"async\" loading=\"lazy\" alt=\"Adobe Reader multim\u00e9dia m\u0171veletek\" src=\"\/\/cuccokhalomban.csillagpor.hu\/pict\/adobe-reader-kepernyokepek-6.jpg\" width=\"1024\" height=\"611\" \/>\n<\/p>\n<p>Itt bekapcsolhatjuk a dokumentum hangos felolvas\u00e1s\u00e1t, \u00e9s egy\u00e9b olvas\u00e1si \u00e9s n\u00e9zet be\u00e1ll\u00edt\u00e1sokat is eszk\u00f6z\u00f6lhet\u00fcnk.<br \/>\n<img decoding=\"async\" loading=\"lazy\" alt=\"Adobe Reader n\u00e9zet\" src=\"\/\/cuccokhalomban.csillagpor.hu\/pict\/adobe-reader-kepernyokepek-7.jpg\" width=\"1006\" height=\"688\" \/>\n<\/p>\n<p>A telep\u00edtett Adobe Reader kijav\u00edt\u00e1sa. N\u00e9ha sz\u00fcks\u00e9g van r\u00e1. Ja &#8230; a jobboldali panelban most \u00e9ppen al\u00e1\u00edr\u00e1ssal l\u00e1thatn\u00e1nk el a dokumentumunkat.<br \/>\n<img decoding=\"async\" loading=\"lazy\" alt=\"Adobe Reader kijav\u00edt\u00e1sa, al\u00e1\u00edr\u00e1sa\" src=\"\/\/cuccokhalomban.csillagpor.hu\/pict\/adobe-reader-kepernyokepek-8.jpg\" width=\"1007\" height=\"689\" \/>\n<\/p>\n<p>Megjegyz\u00e9seket adhatunk hozz\u00e1.<br \/>\n<img decoding=\"async\" loading=\"lazy\" alt=\"Adobe Reader megjegyz\u00e9sek\" src=\"\/\/cuccokhalomban.csillagpor.hu\/pict\/adobe-reader-kepernyokepek-9.jpg\" width=\"1007\" height=\"688\" \/>\n<\/p>\n<p>R\u00e9gebbi verzi\u00f3k:<\/p>\n<p>Ha az <a target=\"_blank\" title=\"adobe reader\" href=\"\/\/csillagpor.hu\/remek\/programok\/adobe-reader-letoltese\" rel=\"noopener noreferrer\">Adobe Reader<\/a> <a target=\"_blank\" title=\"pdf\" href=\"\/\/csillagpor.hu\/remek\/programok\/pdf-olvaso-szerkeszto\" rel=\"noopener noreferrer\">PDF olvas\u00f3t<\/a> a hivatalos let\u00f6lt\u0151 oldal\u00e1r\u00f3l akarjuk beszerezni, akkor itt v\u00e1lasszuk a &#8220;Do you have a different language or operating system?&#8221; linket!<br \/>\n<img decoding=\"async\" loading=\"lazy\" alt=\"Adobe Reader\" src=\"\/\/cuccokhalomban.csillagpor.hu\/pict\/adobe-reader-screenshot-1.jpg\" width=\"677\" height=\"461\" \/>\n<\/p>\n<p>Itt pedig \u00e1ll\u00edtsuk be a rendszer\u00fcnket, a nyelv\u00fcnket \u00e9s eggyel lejjebb v\u00e1lasszuk ki a verzi\u00f3t!<br \/>\n<img decoding=\"async\" loading=\"lazy\" alt=\"Adobe Reader magyar\" src=\"\/\/cuccokhalomban.csillagpor.hu\/pict\/adobe-reader-screenshot-2.jpg\" width=\"706\" height=\"536\" \/>\n<\/p>\n<p>Elindult a PDF olvas\u00f3, megnyithatunk f\u00e1jlt, vagy k\u00e9sz\u00edthet\u00fcnk megoszthatunk PDF-et.<br \/>\n<img decoding=\"async\" loading=\"lazy\" alt=\"Adobe Reader PDF\" src=\"\/\/cuccokhalomban.csillagpor.hu\/pict\/adobe-reader-screenshot-3.jpg\" width=\"804\" height=\"500\" \/>\n<\/p>\n<p>Egy PDF bet\u00f6ltve, baloldalon b\u00e9lyegk\u00e9pek, fent figyelmeztet, hogy k\u00e9sz\u00edthet\u00fcnk \u00e9s megoszthatunk megjegyz\u00e9seket.<br \/>\n<img decoding=\"async\" loading=\"lazy\" alt=\"Adobe Reader megjegyz\u00e9s\" src=\"\/\/cuccokhalomban.csillagpor.hu\/pict\/adobe-reader-screenshot-4.jpg\" width=\"804\" height=\"500\" \/>\n<\/p>\n<p>Jobbra elforgatva 90 fokkal.<br \/>\n<img decoding=\"async\" loading=\"lazy\" alt=\"Adobe Reader PDF elforgatva\" src=\"\/\/cuccokhalomban.csillagpor.hu\/pict\/adobe-reader-screenshot-5.jpg\" width=\"803\" height=\"500\" \/>\n<\/p>\n<p>Oldalmegjelen\u00edt\u00e9s, k\u00e9toldalas g\u00f6rget\u00e9s.<br \/>\n<img decoding=\"async\" loading=\"lazy\" alt=\"Adobe Reader oldal\" src=\"\/\/cuccokhalomban.csillagpor.hu\/pict\/adobe-reader-screenshot-6.jpg\" width=\"803\" height=\"500\" \/>\n<\/p>\n<p>PDF l\u00e9trehoz\u00e1sa, PDF konvert\u00e1l\u00e1sa a Word Online alkalmaz\u00e1s\u00e1ba, ment\u00e9s, nyomtat\u00e1s, megoszt\u00e1s.<br \/>\n<img decoding=\"async\" loading=\"lazy\" alt=\"Adobe Reader ment\u00e9s\" src=\"\/\/cuccokhalomban.csillagpor.hu\/pict\/adobe-reader-screenshot-7.jpg\" width=\"922\" height=\"500\" \/>\n<\/p>\n<p>Oldalmegjelen\u00edt\u00e9s be\u00e1ll\u00edt\u00e1sai, nagy\u00edt\u00e1s, renderel\u00e9s, itt laptophoz be\u00e1ll\u00edtva a sz\u00f6veg sim\u00edt\u00e1sa, helyi bet\u0171t\u00edpusok haszn\u00e1lata, oldalgyors\u00edt\u00f3t\u00e1r haszn\u00e1lata, ilyesmik &#8230;<br \/>\n<img decoding=\"async\" loading=\"lazy\" alt=\"Adobe Reader oldalmegjelen\u00edt\u00e9s\" src=\"\/\/cuccokhalomban.csillagpor.hu\/pict\/adobe-reader-screenshot-8.jpg\" width=\"759\" height=\"500\" \/>\n<\/p>\n<p>3D \u00e9s multim\u00e9dia be\u00e1ll\u00edt\u00e1sok, lek\u00e9pez\u0151 be\u00e1ll\u00edt\u00e1sa, 3D eszk\u00f6zsor, 3D t\u00e1jol\u00e1si tengely, k\u00e9pkocka\/m\u00e1sodperc be\u00e1ll\u00edt\u00e1s&#8230;<br \/>\n<img decoding=\"async\" loading=\"lazy\" alt=\"Adobe Reader 3D\" src=\"\/\/cuccokhalomban.csillagpor.hu\/pict\/adobe-reader-screenshot-9.jpg\" width=\"785\" height=\"500\" \/>\n<\/p>\n<p>Automatikus friss\u00edt\u00e9sek be\u00e1ll\u00edt\u00e1sa, illetve letilt\u00e1sa.<br \/>\n<img decoding=\"async\" loading=\"lazy\" alt=\"Adobe Reader friss\u00edt\u00e9s\" src=\"\/\/cuccokhalomban.csillagpor.hu\/pict\/adobe-reader-screenshot-10.jpg\" width=\"758\" height=\"500\" \/>\n<\/p>\n<p>Helyes\u00edr\u00e1s-ellen\u0151rz\u00e9s be\u00edr\u00e1skor, magyar sz\u00f3t\u00e1r \u00e9s az al\u00e1h\u00faz\u00e1s sz\u00edne.<br \/>\n<img decoding=\"async\" loading=\"lazy\" alt=\"Adobe Reader helyes\u00edr\u00e1s\" src=\"\/\/cuccokhalomban.csillagpor.hu\/pict\/adobe-reader-screenshot-11.jpg\" width=\"758\" height=\"500\" \/>\n<\/p>\n<p>PDF megjelen\u00edt\u00e9se a b\u00f6ng\u00e9sz\u0151ben, csatlakoz\u00e1si \u00e9s let\u00f6lt\u00e9si be\u00e1ll\u00edt\u00e1sok.<br \/>\n<img decoding=\"async\" loading=\"lazy\" alt=\"Adobe Reader b\u00f6ng\u00e9sz\u0151\" src=\"\/\/cuccokhalomban.csillagpor.hu\/pict\/adobe-reader-screenshot-12.jpg\" width=\"731\" height=\"500\" \/>\n<\/p>\n<p>JavaScript letilt\u00e1sa illetve enged\u00e9lyez\u00e9se.<br \/>\n<img decoding=\"async\" loading=\"lazy\" alt=\"Adobe Reader JavaScript\" src=\"\/\/cuccokhalomban.csillagpor.hu\/pict\/adobe-reader-screenshot-13.jpg\" width=\"758\" height=\"500\" \/>\n<\/p>\n<p>Olvas\u00e1si sorrend be\u00e1ll\u00edt\u00e1sa, k\u00e9perny\u0151-olvas\u00e1si be\u00e1ll\u00edt\u00e1sok, hangos olvas\u00e1s be\u00e1ll\u00edt\u00e1sai \u00e9s a besz\u00e9dhang testreszab\u00e1sa.<br \/>\n<img decoding=\"async\" loading=\"lazy\" alt=\"Adobe Reader olvas\u00e1s\" src=\"\/\/cuccokhalomban.csillagpor.hu\/pict\/adobe-reader-screenshot-14.jpg\" width=\"822\" height=\"500\" \/>\n<\/p>\n<p>Online szolg\u00e1ltat\u00e1sok, az Adobe-azonos\u00edt\u00f3 megad\u00e1s\u00e1val z\u00f6kken\u0151mentesen haszn\u00e1lhatjuk az Adobe szolg\u00e1ltat\u00e1sait.<br \/>\n<img decoding=\"async\" loading=\"lazy\" alt=\"Adobe Reader online\" src=\"\/\/cuccokhalomban.csillagpor.hu\/pict\/adobe-reader-screenshot-15.jpg\" width=\"758\" height=\"500\" \/>\n<\/p>\n<p>Kiemel\u00e9s tulajdons\u00e1gai, fedetts\u00e9g, sz\u00edn.<br \/>\n<img decoding=\"async\" loading=\"lazy\" alt=\"Adobe Reader kiemel\u00e9s\" src=\"\/\/cuccokhalomban.csillagpor.hu\/pict\/adobe-reader-screenshot-16.jpg\" width=\"611\" height=\"500\" \/>\n<\/p>\n<p>\u00cdrhatunk megjegyz\u00e9st.<br \/>\n<img decoding=\"async\" loading=\"lazy\" alt=\"Adobe Reader megjegyz\u00e9s\" src=\"\/\/cuccokhalomban.csillagpor.hu\/pict\/adobe-reader-screenshot-17.jpg\" width=\"611\" height=\"500\" \/>\n<\/p>\n<p>Ha az egeret f\u00f6l\u00e9 vissz\u00fck, megjelenik a sz\u00f6veghez f\u0171z\u00f6tt megjegyz\u00e9s.<br \/>\n<img decoding=\"async\" loading=\"lazy\" alt=\"Adobe Reader\" src=\"\/\/cuccokhalomban.csillagpor.hu\/pict\/adobe-reader-screenshot-18.jpg\" width=\"612\" height=\"500\" \/>\n<\/p>\n<p>A jobboldali oldals\u00e1vban megtekinthet\u0151 a dokumentum \u00f6sszes megjegyz\u00e9se.<br \/>\n<img decoding=\"async\" loading=\"lazy\" alt=\"Adobe Reader \u00f6sszes megjegyz\u00e9s\" src=\"\/\/cuccokhalomban.csillagpor.hu\/pict\/adobe-reader-screenshot-19.jpg\" width=\"611\" height=\"500\" \/><\/p>\n","protected":false},"excerpt":{"rendered":"<p><a target=\"_blank\" title=\"Adobe Reader k\u00e9perny\u0151k\u00e9pek\" href=\"\/\/csillagpor.hu\/remek\/programok\/adobe-reader-screenshot\" rel=\"noopener noreferrer\"><img decoding=\"async\" loading=\"lazy\" alt=\"Adobe Reader\" src=\"\/\/cuccokhalomban.csillagpor.hu\/pict\/adobe_reader_icon.jpg\" width=\"100\" height=\"83\" class=\"flr\" \/><\/a>Az Adobe Reader 11.0-s verzi\u00f3ja Windows 10-en. Be\u00e1ll\u00edt\u00e1sok, a friss\u00edt\u00e9seket itt tilthatjuk le, ha szeretn\u00e9nk. Helyes\u00edr\u00e1s-ellen\u0151rz\u00e9s ki-be kapcsol\u00e1sa \u00e9s be\u00e1ll\u00edt\u00e1sa. A PDF dokumentumok b\u00f6ng\u00e9sz\u0151ben val\u00f3 megjelen\u00edt\u00e9s\u00e9nek be\u00e1ll\u00edt\u00e1sai. JavaScript ki-be kapcsol\u00e1s, paranoi\u00e1soknak aj\u00e1nlott nem enged\u00e9lyezni. Sandbox v\u00e9delem be\u00e1ll\u00edt\u00e1sai, v\u00e9dett n\u00e9zet, fokozott biztons\u00e1g &#8230; ilyenek.<\/p>\n","protected":false},"author":1,"featured_media":0,"parent":0,"menu_order":0,"comment_status":"closed","ping_status":"closed","template":"","meta":{"footnotes":""},"_links":{"self":[{"href":"https:\/\/csillagpor.hu\/remek\/programok\/wp-json\/wp\/v2\/pages\/812"}],"collection":[{"href":"https:\/\/csillagpor.hu\/remek\/programok\/wp-json\/wp\/v2\/pages"}],"about":[{"href":"https:\/\/csillagpor.hu\/remek\/programok\/wp-json\/wp\/v2\/types\/page"}],"author":[{"embeddable":true,"href":"https:\/\/csillagpor.hu\/remek\/programok\/wp-json\/wp\/v2\/users\/1"}],"replies":[{"embeddable":true,"href":"https:\/\/csillagpor.hu\/remek\/programok\/wp-json\/wp\/v2\/comments?post=812"}],"version-history":[{"count":0,"href":"https:\/\/csillagpor.hu\/remek\/programok\/wp-json\/wp\/v2\/pages\/812\/revisions"}],"wp:attachment":[{"href":"https:\/\/csillagpor.hu\/remek\/programok\/wp-json\/wp\/v2\/media?parent=812"}],"curies":[{"name":"wp","href":"https:\/\/api.w.org\/{rel}","templated":true}]}}