{"id":822,"date":"2011-12-04T18:01:48","date_gmt":"2011-12-04T17:01:48","guid":{"rendered":"http:\/\/csillagpor.hu\/remek\/programok\/?page_id=822"},"modified":"2022-06-30T18:01:25","modified_gmt":"2022-06-30T16:01:25","slug":"remove-fake-antivirus-screenshot","status":"publish","type":"page","link":"https:\/\/csillagpor.hu\/remek\/programok\/remove-fake-antivirus-screenshot","title":{"rendered":"Remove Fake Antivirus k\u00e9perny\u0151k\u00e9pek"},"content":{"rendered":"<p><a target=\"_blank\" title=\"remove fake antivirus\" href=\"\/\/csillagpor.hu\/remek\/programok\/remove_fake_antivirus\" rel=\"noopener noreferrer\">Remove Fake Antivirus<\/a>. Ezeket a programokat takar\u00edtja el, \u00e9s a felsoroltakon k\u00edv\u00fcl m\u00e9g j\u00f3 p\u00e1rat.<br \/>\n<img decoding=\"async\" loading=\"lazy\" alt=\"Remove Fake Antivirus programok\" src=\"\/\/cuccokhalomban.csillagpor.hu\/pict\/remove-fake-antivirus-screenshot.jpg\" width=\"456\" height=\"320\" \/>\n<\/p>\n<p>Yes &#8211; Indulhat a magukat antiv\u00edrus programoknak kiad\u00f3 v\u00edrusok elt\u00e1vol\u00edt\u00e1sa.<br \/>\n<img decoding=\"async\" loading=\"lazy\" alt=\"Remove Fake Antivirus elt\u00e1vol\u00edt\u00e1s\" src=\"\/\/cuccokhalomban.csillagpor.hu\/pict\/remove-fake-antivirus-screenshot-1.jpg\" width=\"454\" height=\"324\" \/>\n<\/p>\n<p>A keres\u00e9s folyamatban&#8230;<br \/>\n<img decoding=\"async\" loading=\"lazy\" alt=\"Remove Fake Antivirus keres\u00e9s\" src=\"\/\/cuccokhalomban.csillagpor.hu\/pict\/remove-fake-antivirus-screenshot-2.jpg\" width=\"471\" height=\"339\" \/><\/p>\n","protected":false},"excerpt":{"rendered":"<p>Remove Fake Antivirus. Ezeket a programokat takar\u00edtja el, \u00e9s a felsoroltakon k\u00edv\u00fcl m\u00e9g j\u00f3 p\u00e1rat. Yes &#8211; Indulhat a magukat antiv\u00edrus programoknak kiad\u00f3&#46;&#46;&#46;<\/p>\n","protected":false},"author":1,"featured_media":0,"parent":0,"menu_order":0,"comment_status":"closed","ping_status":"closed","template":"","meta":{"footnotes":""},"_links":{"self":[{"href":"https:\/\/csillagpor.hu\/remek\/programok\/wp-json\/wp\/v2\/pages\/822"}],"collection":[{"href":"https:\/\/csillagpor.hu\/remek\/programok\/wp-json\/wp\/v2\/pages"}],"about":[{"href":"https:\/\/csillagpor.hu\/remek\/programok\/wp-json\/wp\/v2\/types\/page"}],"author":[{"embeddable":true,"href":"https:\/\/csillagpor.hu\/remek\/programok\/wp-json\/wp\/v2\/users\/1"}],"replies":[{"embeddable":true,"href":"https:\/\/csillagpor.hu\/remek\/programok\/wp-json\/wp\/v2\/comments?post=822"}],"version-history":[{"count":0,"href":"https:\/\/csillagpor.hu\/remek\/programok\/wp-json\/wp\/v2\/pages\/822\/revisions"}],"wp:attachment":[{"href":"https:\/\/csillagpor.hu\/remek\/programok\/wp-json\/wp\/v2\/media?parent=822"}],"curies":[{"name":"wp","href":"https:\/\/api.w.org\/{rel}","templated":true}]}}