{"id":824,"date":"2011-12-06T15:03:51","date_gmt":"2011-12-06T14:03:51","guid":{"rendered":"http:\/\/csillagpor.hu\/remek\/programok\/?page_id=824"},"modified":"2022-06-30T17:43:54","modified_gmt":"2022-06-30T15:43:54","slug":"spybot-search-destroy-screenshot","status":"publish","type":"page","link":"https:\/\/csillagpor.hu\/remek\/programok\/spybot-search-destroy-screenshot","title":{"rendered":"Spybot \u2013 Search &#038; Destroy k\u00e9perny\u0151k\u00e9pek"},"content":{"rendered":"<p><a target=\"_blank\" title=\"spybot search destroy\" href=\"\/\/csillagpor.hu\/remek\/programok\/spybot-search-destroy\" rel=\"noopener noreferrer\">Spybot Search Destroy<\/a>, telep\u00edt\u00e9s k\u00f6zben kereshet\u00fcnk friss\u00edt\u00e9seket.<br \/>\n<img decoding=\"async\" loading=\"lazy\" alt=\"Spybot \u2013 Search &#038; Destroy friss\u00edt\u00e9sek\" src=\"\/\/cuccokhalomban.csillagpor.hu\/pict\/spybot-search-destroy-screenshot.jpg\" width=\"374\" height=\"368\" \/>\n<\/p>\n<p>A friss\u00edt\u00e9sek ezekr\u0151l a helyekr\u0151l t\u00f6lthet\u0151k le.<br \/>\n<img decoding=\"async\" loading=\"lazy\" alt=\"Spybot \u2013 Search &#038; Destroy\" src=\"\/\/cuccokhalomban.csillagpor.hu\/pict\/spybot-search-destroy-screenshot-1.jpg\" width=\"381\" height=\"417\" \/>\n<\/p>\n<p>Ak\u00e1r minden \u00f6sszetev\u0151t is let\u00f6lthet\u00fcnk, de ami be van pip\u00e1lva az mindenk\u00e9pp hasznos.<br \/>\n<img decoding=\"async\" loading=\"lazy\" alt=\"Spybot \u2013 Search &#038; Destroy \u00f6sszetev\u0151k\" src=\"\/\/cuccokhalomban.csillagpor.hu\/pict\/spybot-search-destroy-screenshot-2.jpg\" width=\"600\" height=\"440\" \/>\n<\/p>\n<p>A nyit\u00f3oldal.<br \/>\n<img decoding=\"async\" loading=\"lazy\" alt=\"Spybot \u2013 Search &#038; Destroy nyit\u00f3oldal\" src=\"\/\/cuccokhalomban.csillagpor.hu\/pict\/spybot-search-destroy-screenshot-3.jpg\" width=\"640\" height=\"440\" \/>\n<\/p>\n<p>Immuniz\u00e1l\u00e1s<br \/>\n<img decoding=\"async\" loading=\"lazy\" alt=\"Spybot \u2013 Search &#038; Destroy immuniz\u00e1l\u00e1s\" src=\"\/\/cuccokhalomban.csillagpor.hu\/pict\/spybot-search-destroy-screenshot-4.jpg\" width=\"708\" height=\"556\" \/>\n<\/p>\n<p>Keres\u00e9s \u00e9s megsemmis\u00edt\u00e9s<br \/>\n<img decoding=\"async\" loading=\"lazy\" alt=\"Spybot \u2013 Search &#038; Destroy keres\u00e9s, megsemmis\u00edt\u00e9s\" src=\"\/\/cuccokhalomban.csillagpor.hu\/pict\/spybot-search-destroy-screenshot-5.jpg\" width=\"708\" height=\"556\" \/>\n<\/p>\n<p>Speci\u00e1lis m\u00f3dra v\u00e1lt\u00e1s<br \/>\n<img decoding=\"async\" loading=\"lazy\" alt=\"Spybot \u2013 Search &#038; Destroy speci\u00e1lis m\u00f3d\" src=\"\/\/cuccokhalomban.csillagpor.hu\/pict\/spybot-search-destroy-screenshot-6.jpg\" width=\"708\" height=\"556\" \/>\n<\/p>\n<p>Be\u00e1ll\u00edt\u00e1sok &#8211; Term\u00e9kek<br \/>\n<img decoding=\"async\" loading=\"lazy\" alt=\"Spybot \u2013 Search &#038; Destroy term\u00e9kek\" src=\"\/\/cuccokhalomban.csillagpor.hu\/pict\/spybot-search-destroy-screenshot-7.jpg\" width=\"708\" height=\"556\" \/>\n<\/p>\n<p>Be\u00e1ll\u00edt\u00e1sok &#8211; Az \u00f6sszes fontos be\u00e1ll\u00edt\u00e1s.<br \/>\n<img decoding=\"async\" loading=\"lazy\" alt=\"Spybot \u2013 Search &#038; Destroy be\u00e1ll\u00edt\u00e1sok\" src=\"\/\/cuccokhalomban.csillagpor.hu\/pict\/spybot-search-destroy-screenshot-8.jpg\" width=\"708\" height=\"556\" \/>\n<\/p>\n<p>A kijel\u00f6lt bejegyz\u00e9sek elt\u00e1vol\u00edt\u00e1sa.<br \/>\n<img decoding=\"async\" loading=\"lazy\" alt=\"Spybot \u2013 Search &#038; Destroy bejegyz\u00e9sek elt\u00e1vol\u00edt\u00e1sa\" src=\"\/\/cuccokhalomban.csillagpor.hu\/pict\/spybot-search-destroy-screenshot-9.jpg\" width=\"708\" height=\"556\" \/><\/p>\n","protected":false},"excerpt":{"rendered":"<p>Spybot Search Destroy, telep\u00edt\u00e9s k\u00f6zben kereshet\u00fcnk friss\u00edt\u00e9seket. A friss\u00edt\u00e9sek ezekr\u0151l a helyekr\u0151l t\u00f6lthet\u0151k le. Ak\u00e1r minden \u00f6sszetev\u0151t is let\u00f6lthet\u00fcnk, de ami be van&#46;&#46;&#46;<\/p>\n","protected":false},"author":1,"featured_media":0,"parent":0,"menu_order":0,"comment_status":"closed","ping_status":"closed","template":"","meta":{"footnotes":""},"_links":{"self":[{"href":"https:\/\/csillagpor.hu\/remek\/programok\/wp-json\/wp\/v2\/pages\/824"}],"collection":[{"href":"https:\/\/csillagpor.hu\/remek\/programok\/wp-json\/wp\/v2\/pages"}],"about":[{"href":"https:\/\/csillagpor.hu\/remek\/programok\/wp-json\/wp\/v2\/types\/page"}],"author":[{"embeddable":true,"href":"https:\/\/csillagpor.hu\/remek\/programok\/wp-json\/wp\/v2\/users\/1"}],"replies":[{"embeddable":true,"href":"https:\/\/csillagpor.hu\/remek\/programok\/wp-json\/wp\/v2\/comments?post=824"}],"version-history":[{"count":0,"href":"https:\/\/csillagpor.hu\/remek\/programok\/wp-json\/wp\/v2\/pages\/824\/revisions"}],"wp:attachment":[{"href":"https:\/\/csillagpor.hu\/remek\/programok\/wp-json\/wp\/v2\/media?parent=824"}],"curies":[{"name":"wp","href":"https:\/\/api.w.org\/{rel}","templated":true}]}}