{"id":825,"date":"2011-12-08T17:58:55","date_gmt":"2011-12-08T16:58:55","guid":{"rendered":"http:\/\/csillagpor.hu\/remek\/programok\/?page_id=825"},"modified":"2022-06-30T18:29:30","modified_gmt":"2022-06-30T16:29:30","slug":"autoruns-screenshot","status":"publish","type":"page","link":"https:\/\/csillagpor.hu\/remek\/programok\/autoruns-screenshot","title":{"rendered":"Autoruns k\u00e9perny\u0151k\u00e9pek"},"content":{"rendered":"<p><a target=\"_blank\" title=\"autoruns\" href=\"\/\/csillagpor.hu\/remek\/programok\/autoruns-letoltes\" rel=\"noopener noreferrer\">Az Autoruns<\/a> 64 bites Windows 10-en, minden folyamat egyben \u00e9s az egyes f\u00e1jlokra jobb eg\u00e9rgombbal kattintva el\u0151bukkan\u00f3 men\u00fc lehet\u0151s\u00e9gei, pl. r\u00e1kereshet\u00fcnk interneten, hogy mi a fene is ez, vagy online ellen\u0151rizhetj\u00fck mi a v\u00e9lem\u00e9nye r\u00f3la bizonyos v\u00edruskeres\u0151knek.<br \/>\n<img decoding=\"async\" loading=\"lazy\" alt=\"Autoruns Windows 10\" src=\"\/\/cuccokhalomban.csillagpor.hu\/pict\/autoruns-kepernyokep-1.jpg\" width=\"730\" height=\"426\" \/>\n<\/p>\n<p>Be\u00e1ll\u00edthatjuk, hogy a VirusTotal.com minden esetben ellen\u0151rizze.<br \/>\n<img decoding=\"async\" loading=\"lazy\" alt=\"Autoruns VirusTotal\" src=\"\/\/cuccokhalomban.csillagpor.hu\/pict\/autoruns-kepernyokep-2.jpg\" width=\"730\" height=\"425\" \/>\n<\/p>\n<p>A v\u00e9g\u00e9n k\u00e9kkel ami rendben van, \u00e9s egy piros ahol a 62 v\u00edruskeres\u0151b\u0151l egy gyan\u00fasnak tal\u00e1lja a 64 bites imagehlp.dll-t, szerintem t\u00e9ved az az egy &#8230; de sok esetben hasznos kiindul\u00f3pont lehet egy ilyen jelz\u00e9s, f\u0151leg ha t\u00f6bben is ezt jelzik, \u00e9s ha nem a Windows szerves r\u00e9szeir\u0151l \u00e1ll\u00edtja hogy vesz\u00e9lyes, hanem egy k\u00fcls\u0151 programr\u00f3l.<br \/>\n<img decoding=\"async\" loading=\"lazy\" alt=\"Autoruns \u00f6nvesz\u00e9lyes Windows\" src=\"\/\/cuccokhalomban.csillagpor.hu\/pict\/autoruns-kepernyokep-3.jpg\" width=\"730\" height=\"426\" \/>\n<\/p>\n<p>K\u00fcl\u00f6n Office f\u00fcl is van m\u00e1r &#8230;<br \/>\n<img decoding=\"async\" loading=\"lazy\" alt=\"Autoruns Office\" src=\"\/\/cuccokhalomban.csillagpor.hu\/pict\/autoruns-kepernyokep-4.jpg\" width=\"730\" height=\"425\" \/>\n<\/p>\n<p>Ha elrejtj\u00fck a Windows \u00e9s Microsoft folyamatokat \u00e9s a VirusTotal \u00e1ltal tiszt\u00e1nak tal\u00e1ltakat, k\u00f6nnyebb lesz a betolakod\u00f3k vagy felesleges folyamatok megtal\u00e1l\u00e1sa.<br \/>\n<img decoding=\"async\" loading=\"lazy\" alt=\"Autoruns Windows elrejt\u00e9s\" src=\"\/\/cuccokhalomban.csillagpor.hu\/pict\/autoruns-kepernyokep-5.jpg\" width=\"730\" height=\"425\" \/>\n<\/p>\n<p>Itt most pl. kikapcsolgatom azoknak a k\u00f6vetkez\u0151 indul\u00e1skor val\u00f3 futtat\u00e1s\u00e1t vagy legal\u00e1bbis annak k\u00eds\u00e9rlet\u00e9t, amik m\u00e1r nincsenek a rendszerben, csak megmaradt r\u00f3luk a registry bejegyz\u00e9s. Teh\u00e1t <em>File not found<\/em> kikapcs.<br \/>\n<img decoding=\"async\" loading=\"lazy\" alt=\"Autoruns nem tal\u00e1lhat\u00f3k\" src=\"\/\/cuccokhalomban.csillagpor.hu\/pict\/autoruns-kepernyokep-6.jpg\" width=\"730\" height=\"360\" \/>\n<\/p>\n<p>R\u00e9gebbi verzi\u00f3k:<\/p>\n<p><a target=\"_blank\" title=\"autoruns\" href=\"\/\/csillagpor.hu\/remek\/programok\/autoruns-letoltes\" rel=\"noopener noreferrer\">Autoruns Windows folyamat kezel\u0151<\/a>, be\u00e1ll\u00edthat\u00f3 sz\u0171r\u0151, hogy a Windows vagy az \u00f6sszes Microsoft bejegyz\u00e9st rejtse el a biztons\u00e1g kedv\u00e9\u00e9rt.<br \/>\n<img decoding=\"async\" loading=\"lazy\" alt=\"Autoruns sz\u0171r\u0151\" src=\"\/\/cuccokhalomban.csillagpor.hu\/pict\/autoruns-screenshot.jpg\" width=\"730\" height=\"495\" \/>\n<\/p>\n<p>Ellen\u0151rz\u00f6tt Windows DLL f\u00e1jlok a system32 k\u00f6nyvt\u00e1rb\u00f3l.<br \/>\n<img decoding=\"async\" loading=\"lazy\" alt=\"Autoruns dll\" src=\"\/\/cuccokhalomban.csillagpor.hu\/pict\/autoruns-screenshot-1.jpg\" width=\"730\" height=\"495\" \/>\n<\/p>\n<p>Automatikusan bet\u00f6lt\u0151d\u0151 codec f\u00e1jlok.<br \/>\n<img decoding=\"async\" loading=\"lazy\" alt=\"Autoruns codec\" src=\"\/\/cuccokhalomban.csillagpor.hu\/pict\/autoruns-screenshot-2.jpg\" width=\"730\" height=\"495\" \/>\n<\/p>\n<p>Bejelentkez\u00e9skor bet\u00f6lt\u0151d\u0151 rendszerf\u00e1jlok.<br \/>\n<img decoding=\"async\" loading=\"lazy\" alt=\"Autoruns system\" src=\"\/\/cuccokhalomban.csillagpor.hu\/pict\/autoruns-screenshot-3.jpg\" width=\"730\" height=\"495\" \/><\/p>\n","protected":false},"excerpt":{"rendered":"<p><a target=\"_blank\" title=\"autoruns\" href=\"\/\/csillagpor.hu\/remek\/programok\/autoruns-screenshot\" rel=\"noopener noreferrer\"><img decoding=\"async\" loading=\"lazy\" alt=\"Autoruns\" src=\"\/\/cuccokhalomban.csillagpor.hu\/pict\/autoruns-kicsi.jpg\" width=\"100\" height=\"66\" class=\"flr\" \/><\/a>Az Autoruns 64 bites Windows 10-en, minden folyamat egyben \u00e9s az egyes f\u00e1jlokra jobb eg\u00e9rgombbal kattintva el\u0151bukkan\u00f3 men\u00fc lehet\u0151s\u00e9gei, pl. r\u00e1kereshet\u00fcnk interneten, hogy mi a fene is ez, vagy online ellen\u0151rizhetj\u00fck mi a v\u00e9lem\u00e9nye r\u00f3la bizonyos v\u00edruskeres\u0151knek. Ha elrejtj\u00fck a Windows \u00e9s Microsoft folyamatokat \u00e9s a VirusTotal \u00e1ltal tiszt\u00e1nak tal\u00e1ltakat, k\u00f6nnyebb lesz a betolakod\u00f3k vagy felesleges folyamatok megtal\u00e1l\u00e1sa&#8230;<\/p>\n","protected":false},"author":1,"featured_media":0,"parent":0,"menu_order":0,"comment_status":"closed","ping_status":"closed","template":"","meta":{"footnotes":""},"_links":{"self":[{"href":"https:\/\/csillagpor.hu\/remek\/programok\/wp-json\/wp\/v2\/pages\/825"}],"collection":[{"href":"https:\/\/csillagpor.hu\/remek\/programok\/wp-json\/wp\/v2\/pages"}],"about":[{"href":"https:\/\/csillagpor.hu\/remek\/programok\/wp-json\/wp\/v2\/types\/page"}],"author":[{"embeddable":true,"href":"https:\/\/csillagpor.hu\/remek\/programok\/wp-json\/wp\/v2\/users\/1"}],"replies":[{"embeddable":true,"href":"https:\/\/csillagpor.hu\/remek\/programok\/wp-json\/wp\/v2\/comments?post=825"}],"version-history":[{"count":0,"href":"https:\/\/csillagpor.hu\/remek\/programok\/wp-json\/wp\/v2\/pages\/825\/revisions"}],"wp:attachment":[{"href":"https:\/\/csillagpor.hu\/remek\/programok\/wp-json\/wp\/v2\/media?parent=825"}],"curies":[{"name":"wp","href":"https:\/\/api.w.org\/{rel}","templated":true}]}}