{"id":830,"date":"2011-12-10T15:12:49","date_gmt":"2011-12-10T14:12:49","guid":{"rendered":"http:\/\/csillagpor.hu\/remek\/programok\/?page_id=830"},"modified":"2022-06-30T18:08:06","modified_gmt":"2022-06-30T16:08:06","slug":"opera-bongeszo-screenshot","status":"publish","type":"page","link":"https:\/\/csillagpor.hu\/remek\/programok\/opera-bongeszo-screenshot","title":{"rendered":"Opera b\u00f6ng\u00e9sz\u0151 k\u00e9perny\u0151k\u00e9pek"},"content":{"rendered":"<p>&rarr; <a target=\"_blank\" title=\"opera k\u00e9perny\u0151k\u00e9pek\" href=\"\/\/csillagpor.hu\/remek\/programok\/opera-kepernyokepek\" rel=\"noopener noreferrer\">\u00dajabb Opera k\u00e9perny\u0151k\u00e9pek<\/a><\/p>\n<p><a target=\"_blank\" title=\"opera\" href=\"\/\/csillagpor.hu\/remek\/programok\/opera-letoltese\" rel=\"noopener noreferrer\">Opera<\/a> <a target=\"_blank\" href=\"\/\/csillagpor.hu\/remek\/programok\/internet-bongeszo\" rel=\"noopener noreferrer\">b\u00f6ng\u00e9sz\u0151<\/a>. Telep\u00edt\u00e9skor n\u00e9zz\u00fcnk bele a Be\u00e1ll\u00edt\u00e1sokba!<br \/>\n<img decoding=\"async\" loading=\"lazy\" alt=\"Opera b\u00f6ng\u00e9sz\u0151 be\u00e1ll\u00edt\u00e1sok\" src=\"\/\/cuccokhalomban.csillagpor.hu\/pict\/opera-screenshot-1.jpg\" width=\"616\" height=\"404\" \/>\n<\/p>\n<p>\u00c1ll\u00edtsuk \u00e1t, ha valamit m\u00e1sk\u00e9nt szeretn\u00e9nk, pl. hogy ne az Opera legyen az alap\u00e9rtelmezett b\u00f6ng\u00e9sz\u0151nk.<br \/>\n<img decoding=\"async\" loading=\"lazy\" alt=\"Opera b\u00f6ng\u00e9sz\u0151\" src=\"\/\/cuccokhalomban.csillagpor.hu\/pict\/opera-screenshot-2.jpg\" width=\"616\" height=\"404\" \/>\n<\/p>\n<p>Egyszer\u0171 fel\u00fclet, f\u00fclek, Opera gomb, men\u00fc, keres\u0151. Az Opera gombb\u00f3l mindent el\u00e9rhet\u00fcnk.<br \/>\n<img decoding=\"async\" loading=\"lazy\" alt=\"Opera b\u00f6ng\u00e9sz\u0151\" src=\"\/\/cuccokhalomban.csillagpor.hu\/pict\/opera-screenshot-3.jpg\" width=\"665\" height=\"500\" \/>\n<\/p>\n<p>A weboldalak b\u00e9lyegk\u00e9p el\u0151n\u00e9zete l\u00e1that\u00f3 eg\u00e9rrel a f\u00fclek f\u00f6l\u00e9 \u00e1llva.<br \/>\n<img decoding=\"async\" loading=\"lazy\" alt=\"Opera b\u00f6ng\u00e9sz\u0151 b\u00e9lyegk\u00e9p el\u0151n\u00e9zet\" src=\"\/\/cuccokhalomban.csillagpor.hu\/pict\/opera-screenshot-4.jpg\" width=\"666\" height=\"500\" \/>\n<\/p>\n<p>Be\u00e1ll\u00edt\u00e1sok &#8211; Hangvez\u00e9relt b\u00f6ng\u00e9sz\u00e9s bekapcsol\u00e1sa \u00e9s be\u00e1ll\u00edt\u00e1sai.<br \/>\n<img decoding=\"async\" loading=\"lazy\" alt=\"Opera b\u00f6ng\u00e9sz\u0151 hangvez\u00e9rl\u00e9s\" src=\"\/\/cuccokhalomban.csillagpor.hu\/pict\/opera-screenshot-5.jpg\" width=\"665\" height=\"500\" \/>\n<\/p>\n<p>Opera Turbo be\u00e1ll\u00edt\u00e1sok, lass\u00fa h\u00e1l\u00f3zaton felgyors\u00edtja a b\u00f6ng\u00e9sz\u0151t. Automatikusra \u00e1ll\u00edtva felismeri ha sz\u00fcks\u00e9g van r\u00e1.<br \/>\n<img decoding=\"async\" loading=\"lazy\" alt=\"Opera b\u00f6ng\u00e9sz\u0151 Opera Turbo\" src=\"\/\/cuccokhalomban.csillagpor.hu\/pict\/opera-screenshot-6a.jpg\" width=\"665\" height=\"500\" \/>\n<\/p>\n<p>Megjelen\u00e9s, minden panel bekapcsolva. Keres\u00e9s, unite \u00e9s k\u00f6nyvjelz\u0151k, jegyzetek, let\u00f6lt\u00e9sek \u00e9s el\u0151zm\u00e9nyek, no meg hivatkoz\u00e1sok, ablakok, inform\u00e1ci\u00f3 \u00e9s minialkalmaz\u00e1sok.<br \/>\n<img decoding=\"async\" loading=\"lazy\" alt=\"Opera b\u00f6ng\u00e9sz\u0151 megjelen\u00e9s be\u00e1ll\u00edt\u00e1s\" src=\"\/\/cuccokhalomban.csillagpor.hu\/pict\/opera-screenshot-7.jpg\" width=\"665\" height=\"500\" \/>\n<\/p>\n<p>Minialkalmaz\u00e1sok panel, Google Toolbar, Google Translator<br \/>\n<img decoding=\"async\" loading=\"lazy\" alt=\"Opera b\u00f6ng\u00e9sz\u0151 minialkalmaz\u00e1sok\" src=\"\/\/cuccokhalomban.csillagpor.hu\/pict\/opera-screenshot-8.jpg\" width=\"665\" height=\"500\" \/>\n<\/p>\n<p>Unite panel, f\u00e1jl megoszt\u00e1s, m\u00e9dia lej\u00e1tsz\u00f3, azonnali \u00fczenetk\u00fcld\u0151&#8230;<br \/>\n<img decoding=\"async\" loading=\"lazy\" alt=\"Opera b\u00f6ng\u00e9sz\u0151 Unite\" src=\"\/\/cuccokhalomban.csillagpor.hu\/pict\/opera-screenshot-10.jpg\" width=\"665\" height=\"500\" \/>\n<\/p>\n<p>Inform\u00e1ci\u00f3 panel &#8211; Inform\u00e1ci\u00f3k a bet\u00f6lt\u00f6tt oldalr\u00f3l.<br \/>\n<img decoding=\"async\" loading=\"lazy\" alt=\"Opera b\u00f6ng\u00e9sz\u0151 inform\u00e1ci\u00f3 panel\" src=\"\/\/cuccokhalomban.csillagpor.hu\/pict\/opera-screenshot-12.jpg\" width=\"665\" height=\"500\" \/><\/p>\n","protected":false},"excerpt":{"rendered":"<p><a target=\"_blank\" title=\"Opera b\u00f6ng\u00e9sz\u0151 k\u00e9perny\u0151k\u00e9pek\" href=\"\/\/csillagpor.hu\/remek\/programok\/opera-bongeszo-screenshot\" rel=\"noopener noreferrer\"><img decoding=\"async\" loading=\"lazy\" alt=\"Opera\" src=\"\/\/cuccokhalomban.csillagpor.hu\/pict\/opera_browser.jpg\" width=\"80\" height=\"70\" class=\"flr\" \/><\/a>Opera b\u00f6ng\u00e9sz\u0151. Telep\u00edt\u00e9skor n\u00e9zz\u00fcnk bele a Be\u00e1ll\u00edt\u00e1sokba! \u00c1ll\u00edtsuk \u00e1t, ha valamit m\u00e1sk\u00e9nt szeretn\u00e9nk, pl. hogy ne az Opera legyen az alap\u00e9rtelmezett b\u00f6ng\u00e9sz\u0151nk. Egyszer\u0171 fel\u00fclet, f\u00fclek, Opera gomb, men\u00fc, keres\u0151. Az Opera gombb\u00f3l mindent el\u00e9rhet\u00fcnk. A weboldalak b\u00e9lyegk\u00e9p el\u0151n\u00e9zete l\u00e1that\u00f3 eg\u00e9rrel a f\u00fclek f\u00f6l\u00e9 \u00e1llva. Be\u00e1ll\u00edt\u00e1sok &#8211; Hangvez\u00e9relt b\u00f6ng\u00e9sz\u00e9s bekapcsol\u00e1sa \u00e9s be\u00e1ll\u00edt\u00e1sai&#8230;<\/p>\n","protected":false},"author":1,"featured_media":0,"parent":0,"menu_order":0,"comment_status":"closed","ping_status":"closed","template":"","meta":{"footnotes":""},"_links":{"self":[{"href":"https:\/\/csillagpor.hu\/remek\/programok\/wp-json\/wp\/v2\/pages\/830"}],"collection":[{"href":"https:\/\/csillagpor.hu\/remek\/programok\/wp-json\/wp\/v2\/pages"}],"about":[{"href":"https:\/\/csillagpor.hu\/remek\/programok\/wp-json\/wp\/v2\/types\/page"}],"author":[{"embeddable":true,"href":"https:\/\/csillagpor.hu\/remek\/programok\/wp-json\/wp\/v2\/users\/1"}],"replies":[{"embeddable":true,"href":"https:\/\/csillagpor.hu\/remek\/programok\/wp-json\/wp\/v2\/comments?post=830"}],"version-history":[{"count":0,"href":"https:\/\/csillagpor.hu\/remek\/programok\/wp-json\/wp\/v2\/pages\/830\/revisions"}],"wp:attachment":[{"href":"https:\/\/csillagpor.hu\/remek\/programok\/wp-json\/wp\/v2\/media?parent=830"}],"curies":[{"name":"wp","href":"https:\/\/api.w.org\/{rel}","templated":true}]}}