{"id":834,"date":"2011-12-11T16:17:21","date_gmt":"2011-12-11T15:17:21","guid":{"rendered":"http:\/\/csillagpor.hu\/remek\/programok\/?page_id=834"},"modified":"2022-06-30T17:37:46","modified_gmt":"2022-06-30T15:37:46","slug":"win7codecs-screenshot","status":"publish","type":"page","link":"https:\/\/csillagpor.hu\/remek\/programok\/win7codecs-screenshot","title":{"rendered":"Win7codecs k\u00e9perny\u0151k\u00e9pek"},"content":{"rendered":"<p><a target=\"_blank\" title=\"windows 7 codecs\" href=\"\/\/csillagpor.hu\/remek\/programok\/windows-7-codecs-letoltese\" rel=\"noopener noreferrer\">Win7codecs Windows 7 codec csomag<\/a>, az Ask.com Toolbart ne telep\u00edts\u00fck, ha nem akarjuk!<br \/>\n<img decoding=\"async\" loading=\"lazy\" alt=\"Win7codecs codec csomag\" src=\"\/\/cuccokhalomban.csillagpor.hu\/pict\/win7codecs-screenshot-1.jpg\" width=\"504\" height=\"382\" \/>\n<\/p>\n<p>A WeatherBugot is kihagyhatjuk, hacsak nincs sz\u00fcks\u00e9g\u00fcnk folyamatos id\u0151j\u00e1r\u00e1s jelent\u00e9sre.<br \/>\n<img decoding=\"async\" loading=\"lazy\" alt=\"Win7codecs telep\u00edt\u00e9s\" src=\"\/\/cuccokhalomban.csillagpor.hu\/pict\/win7codecs-screenshot-2.jpg\" width=\"504\" height=\"382\" \/>\n<\/p>\n<p>A Custom eset\u00e9ben pontosan testre szabhatjuk melyik codec kell \u00e9s melyik nem.<br \/>\n<img decoding=\"async\" loading=\"lazy\" alt=\"Win7codecs codec testreszab\u00e1s\" src=\"\/\/cuccokhalomban.csillagpor.hu\/pict\/win7codecs-screenshot-3.jpg\" width=\"504\" height=\"382\" \/>\n<\/p>\n<p>Ezek a codec-ek, sz\u0171r\u0151k \u00e9s m\u00e1s komponensek telep\u00fclnek, ha akarjuk.<br \/>\n<img decoding=\"async\" loading=\"lazy\" alt=\"Win7codecs codecek, sz\u0171r\u0151k\" src=\"\/\/cuccokhalomban.csillagpor.hu\/pict\/win7codecs-screenshot-4.jpg\" width=\"504\" height=\"382\" \/>\n<\/p>\n<p>Sz\u0171r\u0151k be\u00e1ll\u00edt\u00e1sai, FDDShow, Haali, VobSub, AC3Filter, LAV &#8230;<br \/>\n<img decoding=\"async\" loading=\"lazy\" alt=\"Win7codecs sz\u0171r\u0151k\" src=\"\/\/cuccokhalomban.csillagpor.hu\/pict\/win7codecs-screenshot-5.jpg\" width=\"486\" height=\"318\" \/>\n<\/p>\n<p>Audio be\u00e1ll\u00edt\u00e1sok, pl. hang normaliz\u00e1l\u00e1s.<br \/>\n<img decoding=\"async\" loading=\"lazy\" alt=\"Win7codecs audio\" src=\"\/\/cuccokhalomban.csillagpor.hu\/pict\/win7codecs-screenshot-7.jpg\" width=\"486\" height=\"318\" \/>\n<\/p>\n<p>Avi be\u00e1ll\u00edt\u00e1sok, splitter v\u00e1laszt\u00e1s.<br \/>\n<img decoding=\"async\" loading=\"lazy\" alt=\"Win7codecs avi\" src=\"\/\/cuccokhalomban.csillagpor.hu\/pict\/win7codecs-screenshot-8.jpg\" width=\"486\" height=\"318\" \/>\n<\/p>\n<p>H264 be\u00e1ll\u00edt\u00e1sok, codec v\u00e1laszt\u00e1s.<br \/>\n<img decoding=\"async\" loading=\"lazy\" alt=\"Win7codecs h264\" src=\"\/\/cuccokhalomban.csillagpor.hu\/pict\/win7codecs-screenshot-9.jpg\" width=\"486\" height=\"318\" \/>\n<\/p>\n<p>MKV be\u00e1ll\u00edt\u00e1sok.<br \/>\n<img decoding=\"async\" loading=\"lazy\" alt=\"Win7codecs MKV\" src=\"\/\/cuccokhalomban.csillagpor.hu\/pict\/win7codecs-screenshot-10.jpg\" width=\"486\" height=\"318\" \/>\n<\/p>\n<p>MPEG, MP4 be\u00e1ll\u00edt\u00e1sok.<br \/>\n<img decoding=\"async\" loading=\"lazy\" alt=\"Win7codecs MP4\" src=\"\/\/cuccokhalomban.csillagpor.hu\/pict\/win7codecs-screenshot-11.jpg\" width=\"486\" height=\"318\" \/><\/p>\n","protected":false},"excerpt":{"rendered":"<p>Win7codecs Windows 7 codec csomag, az Ask.com Toolbart ne telep\u00edts\u00fck, ha nem akarjuk! A WeatherBugot is kihagyhatjuk, hacsak nincs sz\u00fcks\u00e9g\u00fcnk folyamatos id\u0151j\u00e1r\u00e1s jelent\u00e9sre.&#46;&#46;&#46;<\/p>\n","protected":false},"author":1,"featured_media":0,"parent":0,"menu_order":0,"comment_status":"closed","ping_status":"closed","template":"","meta":{"footnotes":""},"_links":{"self":[{"href":"https:\/\/csillagpor.hu\/remek\/programok\/wp-json\/wp\/v2\/pages\/834"}],"collection":[{"href":"https:\/\/csillagpor.hu\/remek\/programok\/wp-json\/wp\/v2\/pages"}],"about":[{"href":"https:\/\/csillagpor.hu\/remek\/programok\/wp-json\/wp\/v2\/types\/page"}],"author":[{"embeddable":true,"href":"https:\/\/csillagpor.hu\/remek\/programok\/wp-json\/wp\/v2\/users\/1"}],"replies":[{"embeddable":true,"href":"https:\/\/csillagpor.hu\/remek\/programok\/wp-json\/wp\/v2\/comments?post=834"}],"version-history":[{"count":0,"href":"https:\/\/csillagpor.hu\/remek\/programok\/wp-json\/wp\/v2\/pages\/834\/revisions"}],"wp:attachment":[{"href":"https:\/\/csillagpor.hu\/remek\/programok\/wp-json\/wp\/v2\/media?parent=834"}],"curies":[{"name":"wp","href":"https:\/\/api.w.org\/{rel}","templated":true}]}}