{"id":839,"date":"2011-12-12T21:30:03","date_gmt":"2011-12-12T20:30:03","guid":{"rendered":"http:\/\/csillagpor.hu\/remek\/programok\/?page_id=839"},"modified":"2022-06-30T18:16:25","modified_gmt":"2022-06-30T16:16:25","slug":"internet-explorer-8-screenshot","status":"publish","type":"page","link":"https:\/\/csillagpor.hu\/remek\/programok\/internet-explorer-8-screenshot","title":{"rendered":"Internet Explorer 8 k\u00e9perny\u0151k\u00e9pek"},"content":{"rendered":"<p>A Windows <a target=\"_blank\" title=\"internet explorer\" href=\"\/\/csillagpor.hu\/remek\/programok\/internet-explorer-letoltese\" rel=\"noopener noreferrer\">Internet Explorer 8<\/a> telep\u00edt\u00e9se&#8230; \u00e9pp a let\u00f6lt\u00e9sn\u00e9l j\u00e1r.<br \/>\n<img decoding=\"async\" loading=\"lazy\" alt=\"Internet Explorer 8 telep\u00edt\u00e9s\" src=\"\/\/cuccokhalomban.csillagpor.hu\/pict\/internet-explorer-8-screenshot-1.jpg\" width=\"609\" height=\"448\" \/>\n<\/p>\n<p>Eszk\u00f6z\u00f6k, b\u00f6ng\u00e9sz\u00e9si el\u0151zm\u00e9nyek t\u00f6rl\u00e9se, InPrivate-b\u00f6ng\u00e9sz\u00e9s, InPrivate-sz\u0171r\u00e9s \u00e9s be\u00e1ll\u00edt\u00e1sai, el\u0151ugr\u00f3 ablakok blokkol\u00e1sa, SmartScreen sz\u0171r\u0151, stb&#8230;<br \/>\n<img decoding=\"async\" loading=\"lazy\" alt=\"Internet Explorer 8 eszk\u00f6z\u00f6k\" src=\"\/\/cuccokhalomban.csillagpor.hu\/pict\/internet-explorer-8-screenshot-2.jpg\" width=\"691\" height=\"500\" \/>\n<\/p>\n<p>Kompatibilit\u00e1si n\u00e9zet, csak egy kattint\u00e1s a v\u00e1lt\u00e1s.<br \/>\n<img decoding=\"async\" loading=\"lazy\" alt=\"Internet Explorer 8 kompatibilit\u00e1s\" src=\"\/\/cuccokhalomban.csillagpor.hu\/pict\/internet-explorer-8-screenshot-3.jpg\" width=\"691\" height=\"500\" \/>\n<\/p>\n<p>Web Slice elem hozz\u00e1ad\u00e1sa a Kedvence s\u00e1vhoz.<br \/>\n<img decoding=\"async\" loading=\"lazy\" alt=\"Internet Explorer 8 Web Slice\" src=\"\/\/cuccokhalomban.csillagpor.hu\/pict\/internet-explorer-8-screenshot-4.jpg\" width=\"691\" height=\"500\" \/>\n<\/p>\n<p>Javasolt helyek<br \/>\n<img decoding=\"async\" loading=\"lazy\" alt=\"Internet Explorer 8 javasolt helyek\" src=\"\/\/cuccokhalomban.csillagpor.hu\/pict\/internet-explorer-8-screenshot-5.jpg\" width=\"691\" height=\"500\" \/>\n<\/p>\n<p>Az InPrivate-sz\u0171r\u00e9s bekapcsol\u00e1sa, semmi nyomunk nem marad.<br \/>\n<img decoding=\"async\" loading=\"lazy\" alt=\"Internet Explorer 8 sz\u0171r\u00e9s\" src=\"\/\/cuccokhalomban.csillagpor.hu\/pict\/internet-explorer-8-screenshot-6.jpg\" width=\"688\" height=\"500\" \/>\n<\/p>\n<p>Internet Explorer Gal\u00e9ria Be\u00e9p\u00fcl\u0151 modulok.<br \/>\n<img decoding=\"async\" loading=\"lazy\" alt=\"Internet Explorer 8 gal\u00e9ria\" src=\"\/\/cuccokhalomban.csillagpor.hu\/pict\/internet-explorer-8-screenshot-7.jpg\" width=\"688\" height=\"500\" \/><\/p>\n","protected":false},"excerpt":{"rendered":"<p><a target=\"_blank\" title=\"Internet Explorer 8 k\u00e9perny\u0151k\u00e9pek\" href=\"\/\/csillagpor.hu\/remek\/programok\/internet-explorer-8-screenshot\" rel=\"noopener noreferrer\"><img decoding=\"async\" loading=\"lazy\" alt=\"Internet Explorer\" src=\"\/\/cuccokhalomban.csillagpor.hu\/pict\/ie8_logo.jpg\" width=\"80\" height=\"76\" class=\"flr\" \/><\/a><\/p>\n<p>A Windows Internet Explorer 8 telep\u00edt\u00e9se&#8230; \u00e9pp a let\u00f6lt\u00e9sn\u00e9l j\u00e1r. Eszk\u00f6z\u00f6k, b\u00f6ng\u00e9sz\u00e9si el\u0151zm\u00e9nyek t\u00f6rl\u00e9se, InPrivate-b\u00f6ng\u00e9sz\u00e9s, InPrivate-sz\u0171r\u00e9s \u00e9s be\u00e1ll\u00edt\u00e1sai, el\u0151ugr\u00f3 ablakok blokkol\u00e1sa, SmartScreen sz\u0171r\u0151, stb&#8230; Kompatibilit\u00e1si n\u00e9zet, csak egy kattint\u00e1s a v\u00e1lt\u00e1s. Web Slice elem hozz\u00e1ad\u00e1sa a Kedvence s\u00e1vhoz. Javasolt helyek&#8230;<\/p>\n","protected":false},"author":1,"featured_media":0,"parent":0,"menu_order":0,"comment_status":"closed","ping_status":"closed","template":"","meta":{"footnotes":""},"_links":{"self":[{"href":"https:\/\/csillagpor.hu\/remek\/programok\/wp-json\/wp\/v2\/pages\/839"}],"collection":[{"href":"https:\/\/csillagpor.hu\/remek\/programok\/wp-json\/wp\/v2\/pages"}],"about":[{"href":"https:\/\/csillagpor.hu\/remek\/programok\/wp-json\/wp\/v2\/types\/page"}],"author":[{"embeddable":true,"href":"https:\/\/csillagpor.hu\/remek\/programok\/wp-json\/wp\/v2\/users\/1"}],"replies":[{"embeddable":true,"href":"https:\/\/csillagpor.hu\/remek\/programok\/wp-json\/wp\/v2\/comments?post=839"}],"version-history":[{"count":0,"href":"https:\/\/csillagpor.hu\/remek\/programok\/wp-json\/wp\/v2\/pages\/839\/revisions"}],"wp:attachment":[{"href":"https:\/\/csillagpor.hu\/remek\/programok\/wp-json\/wp\/v2\/media?parent=839"}],"curies":[{"name":"wp","href":"https:\/\/api.w.org\/{rel}","templated":true}]}}