{"id":845,"date":"2011-12-14T17:42:16","date_gmt":"2011-12-14T16:42:16","guid":{"rendered":"http:\/\/csillagpor.hu\/remek\/programok\/?page_id=845"},"modified":"2022-06-30T18:10:25","modified_gmt":"2022-06-30T16:10:25","slug":"microsoft-reader-screenshot","status":"publish","type":"page","link":"https:\/\/csillagpor.hu\/remek\/programok\/microsoft-reader-screenshot","title":{"rendered":"Microsoft Reader k\u00e9perny\u0151k\u00e9pek"},"content":{"rendered":"<p><a target=\"_blank\" title=\"microsoft reader\" href=\"\/\/csillagpor.hu\/remek\/programok\/microsoft-reader\" rel=\"noopener noreferrer\">Microsoft Reader Ebook olvas\u00f3.<\/a> Library &#8211; A k\u00f6nyvt\u00e1r &#8230; m\u00e9g csak egy k\u00f6nyvem van.<br \/>\n<img decoding=\"async\" loading=\"lazy\" alt=\"Microsoft Reader k\u00f6nyvt\u00e1r\" src=\"\/\/cuccokhalomban.csillagpor.hu\/pict\/microsoft-reader-screenshot-1.jpg\" width=\"366\" height=\"500\" \/>\n<\/p>\n<p>Be\u00e1ll\u00edt\u00e1si lehet\u0151s\u00e9gek.<br \/>\n<img decoding=\"async\" loading=\"lazy\" alt=\"Microsoft Reader be\u00e1ll\u00edt\u00e1sok\" src=\"\/\/cuccokhalomban.csillagpor.hu\/pict\/microsoft-reader-screenshot-2.jpg\" width=\"366\" height=\"500\" \/>\n<\/p>\n<p>Bet\u0171 m\u00e9ret be\u00e1ll\u00edt\u00e1sok.<br \/>\n<img decoding=\"async\" loading=\"lazy\" alt=\"Microsoft Reader bet\u0171 m\u00e9ret\" src=\"\/\/cuccokhalomban.csillagpor.hu\/pict\/microsoft-reader-screenshot-3.jpg\" width=\"366\" height=\"500\" \/>\n<\/p>\n<p>Kijelz\u0151 be\u00e1ll\u00edt\u00e1si lehet\u0151s\u00e9gei.<br \/>\n<img decoding=\"async\" loading=\"lazy\" alt=\"Microsoft Reader kijelz\u0151\" src=\"\/\/cuccokhalomban.csillagpor.hu\/pict\/microsoft-reader-screenshot-4.jpg\" width=\"370\" height=\"500\" \/>\n<\/p>\n<p>Hang be\u00e1ll\u00edt\u00e1sok.<br \/>\n<img decoding=\"async\" loading=\"lazy\" alt=\"Microsoft Reader hang\" src=\"\/\/cuccokhalomban.csillagpor.hu\/pict\/microsoft-reader-screenshot-5.jpg\" width=\"370\" height=\"500\" \/>\n<\/p>\n<p>Jegyzet be\u00e1ll\u00edt\u00e1sok.<br \/>\n<img decoding=\"async\" loading=\"lazy\" alt=\"Microsoft Reader jegyzet\" src=\"\/\/cuccokhalomban.csillagpor.hu\/pict\/microsoft-reader-screenshot-6.jpg\" width=\"370\" height=\"500\" \/>\n<\/p>\n<p>A Microsoft Reader Help k\u00f6nyv olvas\u00e1sa.<br \/>\n<img decoding=\"async\" loading=\"lazy\" alt=\"Microsoft Reader Help\" src=\"\/\/cuccokhalomban.csillagpor.hu\/pict\/microsoft-reader-screenshot-7.jpg\" width=\"366\" height=\"500\" \/>\n<\/p>\n<p>Jobb gombos men\u00fcn\u00e9l el\u00e9rhet\u0151 lehet\u0151s\u00e9gek.<br \/>\n<img decoding=\"async\" loading=\"lazy\" alt=\"Microsoft Reader jobb klikk\" src=\"\/\/cuccokhalomban.csillagpor.hu\/pict\/microsoft-reader-screenshot-8.jpg\" width=\"365\" height=\"500\" \/>\n<\/p>\n<p>Jegyzetek.<br \/>\n<img decoding=\"async\" loading=\"lazy\" alt=\"Microsoft Reader jegyzetek\" src=\"\/\/cuccokhalomban.csillagpor.hu\/pict\/microsoft-reader-screenshot-9.jpg\" width=\"366\" height=\"500\" \/>\n<\/p>\n<p>Van egy jegyzet\u00fcnk, kijel\u00f6l\u00e9s\u00fcnk \u00e9s k\u00f6nyvjelz\u0151nk is.<br \/>\n<img decoding=\"async\" loading=\"lazy\" alt=\"Microsoft Reader k\u00f6nyvjelz\u0151\" src=\"\/\/cuccokhalomban.csillagpor.hu\/pict\/microsoft-reader-screenshot-10.jpg\" width=\"366\" height=\"500\" \/><\/p>\n","protected":false},"excerpt":{"rendered":"<p>Microsoft Reader Ebook olvas\u00f3. Library &#8211; A k\u00f6nyvt\u00e1r &#8230; m\u00e9g csak egy k\u00f6nyvem van. Be\u00e1ll\u00edt\u00e1si lehet\u0151s\u00e9gek. Bet\u0171 m\u00e9ret be\u00e1ll\u00edt\u00e1sok. Kijelz\u0151 be\u00e1ll\u00edt\u00e1si lehet\u0151s\u00e9gei. Hang&#46;&#46;&#46;<\/p>\n","protected":false},"author":1,"featured_media":0,"parent":0,"menu_order":0,"comment_status":"closed","ping_status":"closed","template":"","meta":{"footnotes":""},"_links":{"self":[{"href":"https:\/\/csillagpor.hu\/remek\/programok\/wp-json\/wp\/v2\/pages\/845"}],"collection":[{"href":"https:\/\/csillagpor.hu\/remek\/programok\/wp-json\/wp\/v2\/pages"}],"about":[{"href":"https:\/\/csillagpor.hu\/remek\/programok\/wp-json\/wp\/v2\/types\/page"}],"author":[{"embeddable":true,"href":"https:\/\/csillagpor.hu\/remek\/programok\/wp-json\/wp\/v2\/users\/1"}],"replies":[{"embeddable":true,"href":"https:\/\/csillagpor.hu\/remek\/programok\/wp-json\/wp\/v2\/comments?post=845"}],"version-history":[{"count":0,"href":"https:\/\/csillagpor.hu\/remek\/programok\/wp-json\/wp\/v2\/pages\/845\/revisions"}],"wp:attachment":[{"href":"https:\/\/csillagpor.hu\/remek\/programok\/wp-json\/wp\/v2\/media?parent=845"}],"curies":[{"name":"wp","href":"https:\/\/api.w.org\/{rel}","templated":true}]}}