{"id":847,"date":"2011-12-15T17:14:18","date_gmt":"2011-12-15T16:14:18","guid":{"rendered":"http:\/\/csillagpor.hu\/remek\/programok\/?page_id=847"},"modified":"2022-06-30T17:43:36","modified_gmt":"2022-06-30T15:43:36","slug":"stdu-viewer-screenshot","status":"publish","type":"page","link":"https:\/\/csillagpor.hu\/remek\/programok\/stdu-viewer-screenshot","title":{"rendered":"STDU Viewer k\u00e9perny\u0151k\u00e9pek"},"content":{"rendered":"<p><a target=\"_blank\" title=\"stdu viewer\" href=\"\/\/csillagpor.hu\/remek\/programok\/stdu-viewer-letoltes\" rel=\"noopener noreferrer\">STDU Viewer multi dokumentum form\u00e1tum n\u00e9z\u0151<\/a>. Telep\u00edt\u00e9skor v\u00e1lasszuk ki, hogy nem \u00fczleti felhaszn\u00e1l\u00f3k vagyunk!<br \/>\n<img decoding=\"async\" loading=\"lazy\" alt=\"STDU Viewer telep\u00edt\u00e9s\" src=\"\/\/cuccokhalomban.csillagpor.hu\/pict\/stdu-viewer-screenshot-1.jpg\" width=\"505\" height=\"389\" \/>\n<\/p>\n<p>Ezeket a f\u00e1jlkiterjeszt\u00e9seket rendelhetj\u00fck a programhoz.<br \/>\n<img decoding=\"async\" loading=\"lazy\" alt=\"STDU Viewer f\u00e1jlkiterjeszt\u00e9sek\" src=\"\/\/cuccokhalomban.csillagpor.hu\/pict\/stdu-viewer-screenshot-2.jpg\" width=\"503\" height=\"388\" \/>\n<\/p>\n<p>Ezzel az ablakkal indul, vagy ugyanez angolul, ha m\u00e9g nincs \u00e1t\u00e1ll\u00edtva a nyelv.<br \/>\n<img decoding=\"async\" loading=\"lazy\" alt=\"STDU Viewer angol\" src=\"\/\/cuccokhalomban.csillagpor.hu\/pict\/stdu-viewer-screenshot-3.jpg\" width=\"693\" height=\"500\" \/>\n<\/p>\n<p>A be\u00e1ll\u00edt\u00e1sok, itt \u00e1ll\u00edthatjuk \u00e1t a nyelvet is.<br \/>\n<img decoding=\"async\" loading=\"lazy\" alt=\"STDU Viewer nyelvek\" src=\"\/\/cuccokhalomban.csillagpor.hu\/pict\/stdu-viewer-screenshot-5.jpg\" width=\"693\" height=\"500\" \/>\n<\/p>\n<p>Egy PDF f\u00e1jl a tartalomjegyz\u00e9kkel.<br \/>\n<img decoding=\"async\" loading=\"lazy\" alt=\"STDU Viewer PDF\" src=\"\/\/cuccokhalomban.csillagpor.hu\/pict\/stdu-viewer-screenshot-4.jpg\" width=\"693\" height=\"500\" \/>\n<\/p>\n<p>B\u00e9lyegk\u00e9p n\u00e9zet \u00e9s Eszk\u00f6z\u00f6k.<br \/>\n<img decoding=\"async\" loading=\"lazy\" alt=\"STDU Viewer b\u00e9lyegk\u00e9p\" src=\"\/\/cuccokhalomban.csillagpor.hu\/pict\/stdu-viewer-screenshot-6.jpg\" width=\"693\" height=\"500\" \/>\n<\/p>\n<p>Egy m\u00e1sik n\u00e9zet.<br \/>\n<img decoding=\"async\" loading=\"lazy\" alt=\"STDU Viewer\" src=\"\/\/cuccokhalomban.csillagpor.hu\/pict\/stdu-viewer-screenshot-7.jpg\" width=\"693\" height=\"500\" \/>\n<\/p>\n<p>Egy k\u00e9pf\u00e1jlb\u00f3l, ha kijel\u00f6l\u00fcnk egy r\u00e9szt, m\u00e1solhatjuk, elk\u00fcldhetj\u00fck vagy f\u00e1jlba is menthetj\u00fck.<br \/>\n<img decoding=\"async\" loading=\"lazy\" alt=\"STDU Viewer kijel\u00f6l\u00e9s\" src=\"\/\/cuccokhalomban.csillagpor.hu\/pict\/stdu-viewer-screenshot-8.jpg\" width=\"693\" height=\"500\" \/><\/p>\n","protected":false},"excerpt":{"rendered":"<p>STDU Viewer multi dokumentum form\u00e1tum n\u00e9z\u0151. Telep\u00edt\u00e9skor v\u00e1lasszuk ki, hogy nem \u00fczleti felhaszn\u00e1l\u00f3k vagyunk! Ezeket a f\u00e1jlkiterjeszt\u00e9seket rendelhetj\u00fck a programhoz. Ezzel az ablakkal&#46;&#46;&#46;<\/p>\n","protected":false},"author":1,"featured_media":0,"parent":0,"menu_order":0,"comment_status":"closed","ping_status":"closed","template":"","meta":{"footnotes":""},"_links":{"self":[{"href":"https:\/\/csillagpor.hu\/remek\/programok\/wp-json\/wp\/v2\/pages\/847"}],"collection":[{"href":"https:\/\/csillagpor.hu\/remek\/programok\/wp-json\/wp\/v2\/pages"}],"about":[{"href":"https:\/\/csillagpor.hu\/remek\/programok\/wp-json\/wp\/v2\/types\/page"}],"author":[{"embeddable":true,"href":"https:\/\/csillagpor.hu\/remek\/programok\/wp-json\/wp\/v2\/users\/1"}],"replies":[{"embeddable":true,"href":"https:\/\/csillagpor.hu\/remek\/programok\/wp-json\/wp\/v2\/comments?post=847"}],"version-history":[{"count":0,"href":"https:\/\/csillagpor.hu\/remek\/programok\/wp-json\/wp\/v2\/pages\/847\/revisions"}],"wp:attachment":[{"href":"https:\/\/csillagpor.hu\/remek\/programok\/wp-json\/wp\/v2\/media?parent=847"}],"curies":[{"name":"wp","href":"https:\/\/api.w.org\/{rel}","templated":true}]}}