{"id":856,"date":"2011-12-19T17:11:43","date_gmt":"2011-12-19T16:11:43","guid":{"rendered":"http:\/\/csillagpor.hu\/remek\/programok\/?page_id=856"},"modified":"2022-06-30T18:18:54","modified_gmt":"2022-06-30T16:18:54","slug":"google-dokumentumok-screenshot","status":"publish","type":"page","link":"https:\/\/csillagpor.hu\/remek\/programok\/google-dokumentumok-screenshot","title":{"rendered":"Google Dokumentumok k\u00e9perny\u0151k\u00e9pek"},"content":{"rendered":"<p><a target=\"_blank\" title=\"google dokumentumok\" href=\"\/\/csillagpor.hu\/remek\/programok\/google-dokumentumok\" rel=\"noopener noreferrer\">Google Dokumentumok online office szolg\u00e1ltat\u00e1s<\/a> &#8211; Dokumentum &#8211; Sz\u00f6vegszerkeszt\u0151<br \/>\n<img decoding=\"async\" loading=\"lazy\" alt=\"Google Dokumentumok sz\u00f6vegszerkeszt\u0151\" src=\"\/\/cuccokhalomban.csillagpor.hu\/pict\/google-dokumentumok-1.jpg\" width=\"842\" height=\"500\" \/>\n<\/p>\n<p>Prezent\u00e1ci\u00f3 k\u00e9sz\u00edt\u0151<br \/>\n<img decoding=\"async\" loading=\"lazy\" alt=\"Google Dokumentumok prezent\u00e1ci\u00f3\" src=\"\/\/cuccokhalomban.csillagpor.hu\/pict\/google-dokumentumok-2.jpg\" width=\"844\" height=\"500\" \/>\n<\/p>\n<p>T\u00e1bl\u00e1zat &#8211; T\u00e1bl\u00e1zat kezel\u0151<br \/>\n<img decoding=\"async\" loading=\"lazy\" alt=\"Google Dokumentumok t\u00e1bl\u00e1zat\" src=\"\/\/cuccokhalomban.csillagpor.hu\/pict\/google-dokumentumok-3.jpg\" width=\"844\" height=\"500\" \/>\n<\/p>\n<p>\u0170rlap &#8211; K\u00e9rd\u0151\u00edv<br \/>\n<img decoding=\"async\" loading=\"lazy\" alt=\"Google Dokumentumok \u0171rlap\" src=\"\/\/cuccokhalomban.csillagpor.hu\/pict\/google-dokumentumok-4.jpg\" width=\"803\" height=\"500\" \/>\n<\/p>\n<p>Rajz &#8211; Rajzol\u00f3 program<br \/>\n<img decoding=\"async\" loading=\"lazy\" alt=\"Google Dokumentumok rajzol\u00f3\" src=\"\/\/cuccokhalomban.csillagpor.hu\/pict\/google-dokumentumok-5.jpg\" width=\"844\" height=\"500\" \/><\/p>\n","protected":false},"excerpt":{"rendered":"<p>Google Dokumentumok online office szolg\u00e1ltat\u00e1s &#8211; Dokumentum &#8211; Sz\u00f6vegszerkeszt\u0151 Prezent\u00e1ci\u00f3 k\u00e9sz\u00edt\u0151 T\u00e1bl\u00e1zat &#8211; T\u00e1bl\u00e1zat kezel\u0151 \u0170rlap &#8211; K\u00e9rd\u0151\u00edv Rajz &#8211; Rajzol\u00f3 program<\/p>\n","protected":false},"author":1,"featured_media":0,"parent":0,"menu_order":0,"comment_status":"closed","ping_status":"closed","template":"","meta":{"footnotes":""},"_links":{"self":[{"href":"https:\/\/csillagpor.hu\/remek\/programok\/wp-json\/wp\/v2\/pages\/856"}],"collection":[{"href":"https:\/\/csillagpor.hu\/remek\/programok\/wp-json\/wp\/v2\/pages"}],"about":[{"href":"https:\/\/csillagpor.hu\/remek\/programok\/wp-json\/wp\/v2\/types\/page"}],"author":[{"embeddable":true,"href":"https:\/\/csillagpor.hu\/remek\/programok\/wp-json\/wp\/v2\/users\/1"}],"replies":[{"embeddable":true,"href":"https:\/\/csillagpor.hu\/remek\/programok\/wp-json\/wp\/v2\/comments?post=856"}],"version-history":[{"count":0,"href":"https:\/\/csillagpor.hu\/remek\/programok\/wp-json\/wp\/v2\/pages\/856\/revisions"}],"wp:attachment":[{"href":"https:\/\/csillagpor.hu\/remek\/programok\/wp-json\/wp\/v2\/media?parent=856"}],"curies":[{"name":"wp","href":"https:\/\/api.w.org\/{rel}","templated":true}]}}