{"id":871,"date":"2012-01-06T23:01:33","date_gmt":"2012-01-06T22:01:33","guid":{"rendered":"http:\/\/csillagpor.hu\/remek\/programok\/?page_id=871"},"modified":"2022-06-30T17:59:33","modified_gmt":"2022-06-30T15:59:33","slug":"softmaker-office-screenshot","status":"publish","type":"page","link":"https:\/\/csillagpor.hu\/remek\/programok\/softmaker-office-screenshot","title":{"rendered":"SoftMaker FreeOffice k\u00e9perny\u0151k\u00e9pek"},"content":{"rendered":"<p>A meg\u00fajult <a target=\"_blank\" title=\"SoftMaker FreeOffice\" href=\"\/\/csillagpor.hu\/remek\/programok\/softmaker-office\" rel=\"noopener noreferrer\">FreeOffice<\/a> k\u00e9perny\u0151k\u00e9pei&#8230; Telep\u00edt\u00e9skor kiv\u00e1laszthatjuk melyik \u00f6sszetev\u0151re van sz\u00fcks\u00e9g\u00fcnk \u00e9s a nyelvet is innen telep\u00edthetj\u00fck.<br \/>\n<img decoding=\"async\" loading=\"lazy\" alt=\"FreeOffice telep\u00edt\u00e9s\" src=\"\/\/cuccokhalomban.csillagpor.hu\/pict\/free-office-screenshot-1.jpg\" width=\"699\" height=\"409\" \/>\n<\/p>\n<p>Itt be\u00e1ll\u00edthatjuk, hogy milyen f\u00e1jlt\u00edpusokat, kiterjeszt\u00e9seket rendel\u00fcnk a programokhoz. Pl. MS Office doc, xls, stb. is mehet &#8230;<br \/>\n<img decoding=\"async\" loading=\"lazy\" alt=\"FreeOffice kiterjeszt\u00e9sek\" src=\"\/\/cuccokhalomban.csillagpor.hu\/pict\/free-office-screenshot-2.jpg\" width=\"699\" height=\"409\" \/>\n<\/p>\n<p>Itt kell aktiv\u00e1lnunk a szoftvert. Ez az els\u0151 ind\u00edt\u00e1skor j\u00f6n el\u0151. Az emailben kapott adatokat kell itt megadni, a nevet is pontosan ugyan\u00fagy, mert m\u00e1sk\u00e9pp nem m\u0171k\u00f6dik.<br \/>\n<img decoding=\"async\" loading=\"lazy\" alt=\"FreeOffice aktiv\u00e1l\u00e1s\" src=\"\/\/cuccokhalomban.csillagpor.hu\/pict\/free-office-screenshot-3.jpg\" width=\"533\" height=\"249\" \/>\n<\/p>\n<p>FreeOffice PlanMaker, a t\u00e1bl\u00e1zatkezel\u0151, a Form\u00e1tum men\u00fc lenyitva&#8230;<br \/>\n<img decoding=\"async\" loading=\"lazy\" alt=\"FreeOffice PlanMaker\" src=\"\/\/cuccokhalomban.csillagpor.hu\/pict\/free-office-screenshot-4.jpg\" width=\"795\" height=\"500\" \/>\n<\/p>\n<p>FreeOffice TextMaker, a sz\u00f6vegszerkeszt\u0151 \u00e9s a F\u00e1jl men\u00fc&#8230;<br \/>\n<img decoding=\"async\" loading=\"lazy\" alt=\"FreeOffice TextMaker\" src=\"\/\/cuccokhalomban.csillagpor.hu\/pict\/free-office-screenshot-5.jpg\" width=\"757\" height=\"500\" \/>\n<\/p>\n<p>&#8230; \u00e9s v\u00e9g\u00fcl a SoftMaker Presentations, a bemutat\u00f3 vagy prezent\u00e1ci\u00f3 k\u00e9sz\u00edt\u0151 a Dia men\u00fcvel&#8230;<br \/>\n<img decoding=\"async\" loading=\"lazy\" alt=\"SoftMaker Presentations\" src=\"\/\/cuccokhalomban.csillagpor.hu\/pict\/free-office-screenshot-6.jpg\" width=\"838\" height=\"500\" \/>\n<\/p>\n<p>A SoftMaker Office r\u00e9gebbi verzi\u00f3 k\u00e9pei&#8230;<\/p>\n<p><a target=\"_blank\" title=\"softmaker office\" href=\"\/\/csillagpor.hu\/remek\/programok\/softmaker-office\" rel=\"noopener noreferrer\">SoftMaker Office irodai programcsomag<\/a>. Regisztr\u00e1lni kell, majd emailben kapjuk meg az egyedi sorozat sz\u00e1mot a telep\u00edt\u00e9shez.<br \/>\n<img decoding=\"async\" loading=\"lazy\" alt=\"SoftMaker Office regisztr\u00e1l\u00e1s\" src=\"\/\/cuccokhalomban.csillagpor.hu\/pict\/softmaker-office-screenshot-1.jpg\" width=\"951\" height=\"412\" \/>\n<\/p>\n<p>Regisztr\u00e1l\u00e1s ut\u00e1n innen let\u00f6lthet\u0151 a <a target=\"_blank\" title=\"\/\/csillagpor.hu\/remek\/programok\/softmaker-office\" href=\"\/\/csillagpor.hu\/remek\/programok\/softmaker-office\" rel=\"noopener noreferrer\">SoftMaker Office<\/a> <a target=\"_blank\" title=\"irodai programok\" href=\"\/\/csillagpor.hu\/remek\/programok\/irodai-programok\" rel=\"noopener noreferrer\">irodai programcsomag<\/a>.<br \/>\n<img decoding=\"async\" loading=\"lazy\" alt=\"SoftMaker Office let\u00f6lt\u00e9s\" src=\"\/\/cuccokhalomban.csillagpor.hu\/pict\/softmaker-office-screenshot-2.jpg\" width=\"678\" height=\"191\" \/>\n<\/p>\n<p>Az email a regisztr\u00e1l\u00e1shoz sz\u00fcks\u00e9ges adatokkal.<br \/>\n<img decoding=\"async\" loading=\"lazy\" alt=\"SoftMaker Office e-mail\" src=\"\/\/cuccokhalomban.csillagpor.hu\/pict\/softmaker-office-screenshot-3.jpg\" width=\"948\" height=\"500\" \/>\n<\/p>\n<p>Majd a telep\u00edt\u00e9s v\u00e9g\u00e9n ide kell be\u00edrni &#8230;<br \/>\n<img decoding=\"async\" loading=\"lazy\" alt=\"SoftMaker Office\" src=\"\/\/cuccokhalomban.csillagpor.hu\/pict\/softmaker-office-screenshot-4.jpg\" width=\"397\" height=\"442\" \/>\n<\/p>\n<p>BasicMaker, a VisualBasic szerkeszt\u0151 Windows 7-en.<br \/>\n<img decoding=\"async\" loading=\"lazy\" alt=\"SoftMaker Office BasicMaker\" src=\"\/\/cuccokhalomban.csillagpor.hu\/pict\/softmaker-office-screenshot-5.jpg\" width=\"1025\" height=\"468\" \/>\n<\/p>\n<p>TextMaker, a sz\u00f6vegszerkeszt\u0151 Linuxon.<br \/>\n<img decoding=\"async\" loading=\"lazy\" alt=\"SoftMaker Office TextMaker\" src=\"\/\/cuccokhalomban.csillagpor.hu\/pict\/softmaker-office-screenshot-6.jpg\" width=\"858\" height=\"500\" \/>\n<\/p>\n<p>PlanMaker, a t\u00e1bl\u00e1zatkezel\u0151 Linuxon.<br \/>\n<img decoding=\"async\" loading=\"lazy\" alt=\"SoftMaker Office PlanMaker\" src=\"\/\/cuccokhalomban.csillagpor.hu\/pict\/softmaker-office-screenshot-7.jpg\" width=\"856\" height=\"500\" \/>\n<\/p>\n<p>Presentations, a prezent\u00e1ci\u00f3k\u00e9sz\u00edt\u0151 Linuxon.<br \/>\n<img decoding=\"async\" loading=\"lazy\" alt=\"SoftMaker Office Presentations\" src=\"\/\/cuccokhalomban.csillagpor.hu\/pict\/softmaker-office-screenshot-8.jpg\" width=\"856\" height=\"500\" \/>\n<\/p>\n<p>A TextMaker sz\u00f6vegszerkeszt\u0151 Windows XP-n.<br \/>\n<img decoding=\"async\" loading=\"lazy\" alt=\"SoftMaker Office TextMaker\" src=\"\/\/cuccokhalomban.csillagpor.hu\/pict\/softmaker-office-screenshot-9.jpg\" width=\"849\" height=\"500\" \/>\n<\/p>\n<p>PlanMaker, a t\u00e1bl\u00e1zatkezel\u0151 Windows XP-n.<br \/>\n<img decoding=\"async\" loading=\"lazy\" alt=\"SoftMaker Office PlanMaker\" src=\"\/\/cuccokhalomban.csillagpor.hu\/pict\/softmaker-office-screenshot-10.jpg\" width=\"857\" height=\"500\" \/><\/p>\n","protected":false},"excerpt":{"rendered":"<p>A meg\u00fajult FreeOffice k\u00e9perny\u0151k\u00e9pei&#8230; Telep\u00edt\u00e9skor kiv\u00e1laszthatjuk melyik \u00f6sszetev\u0151re van sz\u00fcks\u00e9g\u00fcnk \u00e9s a nyelvet is innen telep\u00edthetj\u00fck. Itt be\u00e1ll\u00edthatjuk, hogy milyen f\u00e1jlt\u00edpusokat, kiterjeszt\u00e9seket rendel\u00fcnk&#46;&#46;&#46;<\/p>\n","protected":false},"author":1,"featured_media":0,"parent":0,"menu_order":0,"comment_status":"closed","ping_status":"closed","template":"","meta":{"footnotes":""},"_links":{"self":[{"href":"https:\/\/csillagpor.hu\/remek\/programok\/wp-json\/wp\/v2\/pages\/871"}],"collection":[{"href":"https:\/\/csillagpor.hu\/remek\/programok\/wp-json\/wp\/v2\/pages"}],"about":[{"href":"https:\/\/csillagpor.hu\/remek\/programok\/wp-json\/wp\/v2\/types\/page"}],"author":[{"embeddable":true,"href":"https:\/\/csillagpor.hu\/remek\/programok\/wp-json\/wp\/v2\/users\/1"}],"replies":[{"embeddable":true,"href":"https:\/\/csillagpor.hu\/remek\/programok\/wp-json\/wp\/v2\/comments?post=871"}],"version-history":[{"count":0,"href":"https:\/\/csillagpor.hu\/remek\/programok\/wp-json\/wp\/v2\/pages\/871\/revisions"}],"wp:attachment":[{"href":"https:\/\/csillagpor.hu\/remek\/programok\/wp-json\/wp\/v2\/media?parent=871"}],"curies":[{"name":"wp","href":"https:\/\/api.w.org\/{rel}","templated":true}]}}