{"id":882,"date":"2012-01-10T22:50:52","date_gmt":"2012-01-10T21:50:52","guid":{"rendered":"http:\/\/csillagpor.hu\/remek\/programok\/?page_id=882"},"modified":"2022-06-30T18:12:50","modified_gmt":"2022-06-30T16:12:50","slug":"kingsoft-office-screenshot","status":"publish","type":"page","link":"https:\/\/csillagpor.hu\/remek\/programok\/kingsoft-office-screenshot","title":{"rendered":"Kingsoft Office Suite Free k\u00e9perny\u0151k\u00e9pek"},"content":{"rendered":"<p><a target=\"_blank\" title=\"kingsoft office suite\" href=\"\/\/csillagpor.hu\/remek\/programok\/kingsoft-office-suite\" rel=\"noopener noreferrer\">Kingsoft Office Suite Free<\/a>, telep\u00edt\u00e9s k\u00f6zben MS Office f\u00e1jlok hozz\u00e1rendel\u00e9se.<br \/>\n<img decoding=\"async\" loading=\"lazy\" alt=\"Kingsoft Office Suite Free 2012 MS Office f\u00e1jlok\" src=\"\/\/cuccokhalomban.csillagpor.hu\/pict\/kingsoft-office-screenshot-1.jpg\" width=\"504\" height=\"389\" \/>\n<\/p>\n<p>K\u00e9s\u0151bb r\u00e9szletesebben be\u00e1ll\u00edthatjuk.<br \/>\n<img decoding=\"async\" loading=\"lazy\" alt=\"Kingsoft Office Suite Free 2012 be\u00e1ll\u00edt\u00e1s\" src=\"\/\/cuccokhalomban.csillagpor.hu\/pict\/kingsoft-office-screenshot-2.jpg\" width=\"568\" height=\"477\" \/>\n<\/p>\n<p>Writer sz\u00f6vegszerkeszt\u0151, PDF-be export\u00e1l\u00e1s.<br \/>\n<img decoding=\"async\" loading=\"lazy\" alt=\"Kingsoft Office Suite Free 2012 PDF\" src=\"\/\/cuccokhalomban.csillagpor.hu\/pict\/kingsoft-office-screenshot-3.jpg\" width=\"1042\" height=\"480\" \/>\n<\/p>\n<p>Writer men\u00fc, eszk\u00f6zt\u00e1r be\u00e1ll\u00edt\u00e1sok.<br \/>\n<img decoding=\"async\" loading=\"lazy\" alt=\"Kingsoft Office Suite Free 2012 Writer\" src=\"\/\/cuccokhalomban.csillagpor.hu\/pict\/kingsoft-office-screenshot-4.jpg\" width=\"1044\" height=\"480\" \/>\n<\/p>\n<p>Spreadsheets t\u00e1bl\u00e1zatkezel\u0151.<br \/>\n<img decoding=\"async\" loading=\"lazy\" alt=\"Kingsoft Office Suite Free 2012 Spreadsheets\" src=\"\/\/cuccokhalomban.csillagpor.hu\/pict\/kingsoft-office-screenshot-5.jpg\" width=\"1044\" height=\"480\" \/>\n<\/p>\n<p>A t\u00e1bl\u00e1zatkezel\u0151b\u0151l is export\u00e1lhatunk PDF-be.<br \/>\n<img decoding=\"async\" loading=\"lazy\" alt=\"Kingsoft Office Suite Free 2012 export\u00e1l\u00e1s\" src=\"\/\/cuccokhalomban.csillagpor.hu\/pict\/kingsoft-office-screenshot-6.jpg\" width=\"1046\" height=\"480\" \/>\n<\/p>\n<p>Presentation bemutat\u00f3 k\u00e9sz\u00edt\u0151.<br \/>\n<img decoding=\"async\" loading=\"lazy\" alt=\"Kingsoft Office Suite Free 2012 Presentation\" src=\"\/\/cuccokhalomban.csillagpor.hu\/pict\/kingsoft-office-screenshot-7.jpg\" width=\"1046\" height=\"480\" \/><\/p>\n","protected":false},"excerpt":{"rendered":"<p>Kingsoft Office Suite Free, telep\u00edt\u00e9s k\u00f6zben MS Office f\u00e1jlok hozz\u00e1rendel\u00e9se. K\u00e9s\u0151bb r\u00e9szletesebben be\u00e1ll\u00edthatjuk. Writer sz\u00f6vegszerkeszt\u0151, PDF-be export\u00e1l\u00e1s. Writer men\u00fc, eszk\u00f6zt\u00e1r be\u00e1ll\u00edt\u00e1sok. Spreadsheets t\u00e1bl\u00e1zatkezel\u0151.&#46;&#46;&#46;<\/p>\n","protected":false},"author":1,"featured_media":0,"parent":0,"menu_order":0,"comment_status":"closed","ping_status":"closed","template":"","meta":{"footnotes":""},"_links":{"self":[{"href":"https:\/\/csillagpor.hu\/remek\/programok\/wp-json\/wp\/v2\/pages\/882"}],"collection":[{"href":"https:\/\/csillagpor.hu\/remek\/programok\/wp-json\/wp\/v2\/pages"}],"about":[{"href":"https:\/\/csillagpor.hu\/remek\/programok\/wp-json\/wp\/v2\/types\/page"}],"author":[{"embeddable":true,"href":"https:\/\/csillagpor.hu\/remek\/programok\/wp-json\/wp\/v2\/users\/1"}],"replies":[{"embeddable":true,"href":"https:\/\/csillagpor.hu\/remek\/programok\/wp-json\/wp\/v2\/comments?post=882"}],"version-history":[{"count":0,"href":"https:\/\/csillagpor.hu\/remek\/programok\/wp-json\/wp\/v2\/pages\/882\/revisions"}],"wp:attachment":[{"href":"https:\/\/csillagpor.hu\/remek\/programok\/wp-json\/wp\/v2\/media?parent=882"}],"curies":[{"name":"wp","href":"https:\/\/api.w.org\/{rel}","templated":true}]}}