{"id":901,"date":"2012-01-13T18:01:52","date_gmt":"2012-01-13T17:01:52","guid":{"rendered":"http:\/\/csillagpor.hu\/remek\/programok\/?page_id=901"},"modified":"2022-06-30T18:00:08","modified_gmt":"2022-06-30T16:00:08","slug":"skype-screenshot","status":"publish","type":"page","link":"https:\/\/csillagpor.hu\/remek\/programok\/skype-screenshot","title":{"rendered":"Skype k\u00e9perny\u0151k\u00e9pek"},"content":{"rendered":"<p>Indul a telep\u00edt\u00e9s&#8230; <a target=\"_blank\" title=\"skype\" href=\"\/\/csillagpor.hu\/remek\/programok\/skype-letoltese\" rel=\"noopener noreferrer\">Skype-h\u00edv\u00e1s<\/a> egy kattint\u00e1ssal. A weboldalba \u00e9p\u00edtett Skype gomb haszn\u00e1lat\u00e1hoz&#8230;<br \/>\n<img decoding=\"async\" loading=\"lazy\" alt=\"Skype telep\u00edt\u00e9s\" src=\"\/\/cuccokhalomban.csillagpor.hu\/pict\/skype-screenshot-1.jpg\" width=\"514\" height=\"417\" \/>\n<\/p>\n<p>Bejelentkez\u00e9s vagy \u00faj fi\u00f3k l\u00e9trehoz\u00e1sa.<br \/>\n<img decoding=\"async\" loading=\"lazy\" alt=\"Skype bejelentkez\u00e9s\" src=\"\/\/cuccokhalomban.csillagpor.hu\/pict\/skype-screenshot-2.jpg\" width=\"699\" height=\"500\" \/>\n<\/p>\n<p>Hang \u00e9s vide\u00f3 be\u00e1ll\u00edt\u00e1sok, ha hallod a hangot \u00e9s l\u00e1tod magad, minden OK!<br \/>\n<img decoding=\"async\" loading=\"lazy\" alt=\"Skype hang \u00e9s vide\u00f3\" src=\"\/\/cuccokhalomban.csillagpor.hu\/pict\/skype-screenshot-3.jpg\" width=\"698\" height=\"500\" \/>\n<\/p>\n<p>K\u00e9sz a telep\u00edt\u00e9s, bejelentkez\u00e9s, keress\u00fcnk ismer\u0151s\u00f6ket.<br \/>\n<img decoding=\"async\" loading=\"lazy\" alt=\"Skype ismer\u0151s\u00f6k keres\u00e9se\" src=\"\/\/cuccokhalomban.csillagpor.hu\/pict\/skype-screenshot-4.jpg\" width=\"800\" height=\"500\" \/>\n<\/p>\n<p>Az adatlap be\u00e1ll\u00edt\u00e1sai.<br \/>\n<img decoding=\"async\" loading=\"lazy\" alt=\"Skype adatlap\" src=\"\/\/cuccokhalomban.csillagpor.hu\/pict\/skype-screenshot-5.jpg\" width=\"798\" height=\"500\" \/>\n<\/p>\n<p>\u00c9rtes\u00edt\u00e9sek be\u00e1ll\u00edt\u00e1sai. A bejelentkezett-kijelentkezett m\u00e1r Facebookon is.<br \/>\n<img decoding=\"async\" loading=\"lazy\" alt=\"Skype \u00e9rtes\u00edt\u00e9sek\" src=\"\/\/cuccokhalomban.csillagpor.hu\/pict\/skype-screenshot-6.jpg\" width=\"586\" height=\"500\" \/>\n<\/p>\n<p>A Skype m\u0171k\u00f6d\u00e9s\u00e9nek be\u00e1ll\u00edt\u00e1sai. A Skype ind\u00edt\u00e1sa a Windowszal egy\u00fctt.<br \/>\n<img decoding=\"async\" loading=\"lazy\" alt=\"Skype m\u0171k\u00f6d\u00e9se\" src=\"\/\/cuccokhalomban.csillagpor.hu\/pict\/skype-screenshot-7.jpg\" width=\"587\" height=\"500\" \/>\n<\/p>\n<p>Bejelentkezve l\u00e1thatjuk, kit h\u00edvhatunk Facebook ismer\u0151seink k\u00f6z\u00fcl Skype-on.<br \/>\n<img decoding=\"async\" loading=\"lazy\" alt=\"Skype Facebook\" src=\"\/\/cuccokhalomban.csillagpor.hu\/pict\/skype-screenshot-8.jpg\" width=\"799\" height=\"500\" \/>\n<\/p>\n<p>T\u00e1rcs\u00e1z\u00f3 \u00e9s mellette a d\u00edjak.<br \/>\n<img decoding=\"async\" loading=\"lazy\" alt=\"Skype t\u00e1rcs\u00e1z\u00f3\" src=\"\/\/cuccokhalomban.csillagpor.hu\/pict\/skype-screenshot-9.jpg\" width=\"797\" height=\"500\" \/><\/p>\n","protected":false},"excerpt":{"rendered":"<p>Indul a telep\u00edt\u00e9s&#8230; Skype-h\u00edv\u00e1s egy kattint\u00e1ssal. A weboldalba \u00e9p\u00edtett Skype gomb haszn\u00e1lat\u00e1hoz&#8230; Bejelentkez\u00e9s vagy \u00faj fi\u00f3k l\u00e9trehoz\u00e1sa. Hang \u00e9s vide\u00f3 be\u00e1ll\u00edt\u00e1sok, ha hallod&#46;&#46;&#46;<\/p>\n","protected":false},"author":1,"featured_media":0,"parent":0,"menu_order":0,"comment_status":"closed","ping_status":"closed","template":"","meta":{"footnotes":""},"_links":{"self":[{"href":"https:\/\/csillagpor.hu\/remek\/programok\/wp-json\/wp\/v2\/pages\/901"}],"collection":[{"href":"https:\/\/csillagpor.hu\/remek\/programok\/wp-json\/wp\/v2\/pages"}],"about":[{"href":"https:\/\/csillagpor.hu\/remek\/programok\/wp-json\/wp\/v2\/types\/page"}],"author":[{"embeddable":true,"href":"https:\/\/csillagpor.hu\/remek\/programok\/wp-json\/wp\/v2\/users\/1"}],"replies":[{"embeddable":true,"href":"https:\/\/csillagpor.hu\/remek\/programok\/wp-json\/wp\/v2\/comments?post=901"}],"version-history":[{"count":0,"href":"https:\/\/csillagpor.hu\/remek\/programok\/wp-json\/wp\/v2\/pages\/901\/revisions"}],"wp:attachment":[{"href":"https:\/\/csillagpor.hu\/remek\/programok\/wp-json\/wp\/v2\/media?parent=901"}],"curies":[{"name":"wp","href":"https:\/\/api.w.org\/{rel}","templated":true}]}}