{"id":905,"date":"2012-01-15T00:25:01","date_gmt":"2012-01-14T23:25:01","guid":{"rendered":"http:\/\/csillagpor.hu\/remek\/programok\/?page_id=905"},"modified":"2022-06-30T17:44:07","modified_gmt":"2022-06-30T15:44:07","slug":"speccy-screenshot","status":"publish","type":"page","link":"https:\/\/csillagpor.hu\/remek\/programok\/speccy-screenshot","title":{"rendered":"Speccy k\u00e9perny\u0151k\u00e9pek"},"content":{"rendered":"<p><a target=\"_blank\" title=\"speccy\" href=\"\/\/csillagpor.hu\/remek\/programok\/speccy\" rel=\"noopener noreferrer\">Speccy rendszer inform\u00e1ci\u00f3s szoftver<\/a>, \u00f6sszefoglal\u00f3 n\u00e9zet. Egy virtu\u00e1lis g\u00e9p adatai.<br \/>\n<img decoding=\"async\" loading=\"lazy\" alt=\"Speccy \u00f6sszefoglal\u00e1s\" src=\"\/\/cuccokhalomban.csillagpor.hu\/pict\/speccy-screenshot-1.jpg\" width=\"633\" height=\"500\" \/>\n<\/p>\n<p>Oper\u00e1ci\u00f3s rendszer inform\u00e1ci\u00f3k.<br \/>\n<img decoding=\"async\" loading=\"lazy\" alt=\"Speccy oper\u00e1ci\u00f3s rendszer\" src=\"\/\/cuccokhalomban.csillagpor.hu\/pict\/speccy-screenshot-2.jpg\" width=\"633\" height=\"500\" \/>\n<\/p>\n<p>Adatok a processzorr\u00f3l.<br \/>\n<img decoding=\"async\" loading=\"lazy\" alt=\"Speccy processzor\" src=\"\/\/cuccokhalomban.csillagpor.hu\/pict\/speccy-screenshot-3.jpg\" width=\"633\" height=\"500\" \/>\n<\/p>\n<p>RAM mem\u00f3ria.<br \/>\n<img decoding=\"async\" loading=\"lazy\" alt=\"Speccy RAM\" src=\"\/\/cuccokhalomban.csillagpor.hu\/pict\/speccy-screenshot-4.jpg\" width=\"633\" height=\"500\" \/>\n<\/p>\n<p>Az alaplap adatai.<br \/>\n<img decoding=\"async\" loading=\"lazy\" alt=\"Speccy alaplap\" src=\"\/\/cuccokhalomban.csillagpor.hu\/pict\/speccy-screenshot-5.jpg\" width=\"633\" height=\"500\" \/>\n<\/p>\n<p>Grafika &#8211; Monitor, vide\u00f3k\u00e1rtya, szoftverek.<br \/>\n<img decoding=\"async\" loading=\"lazy\" alt=\"Speccy grafika\" src=\"\/\/cuccokhalomban.csillagpor.hu\/pict\/speccy-screenshot-6.jpg\" width=\"633\" height=\"500\" \/>\n<\/p>\n<p>Merevlemezek, part\u00edci\u00f3k, S.M.A.R.T k\u00e9pess\u00e9g.<br \/>\n<img decoding=\"async\" loading=\"lazy\" alt=\"Speccy lemezek\" src=\"\/\/cuccokhalomban.csillagpor.hu\/pict\/speccy-screenshot-7.jpg\" width=\"633\" height=\"500\" \/>\n<\/p>\n<p>Optikai meghajt\u00f3k.<br \/>\n<img decoding=\"async\" loading=\"lazy\" alt=\"Speccy optikai meghajt\u00f3k\" src=\"\/\/cuccokhalomban.csillagpor.hu\/pict\/speccy-screenshot-8.jpg\" width=\"633\" height=\"500\" \/>\n<\/p>\n<p>Eg\u00e9r, billenty\u0171zet, nyomtat\u00f3, stb&#8230;<br \/>\n<img decoding=\"async\" loading=\"lazy\" alt=\"Speccy perif\u00e9ri\u00e1k\" src=\"\/\/cuccokhalomban.csillagpor.hu\/pict\/speccy-screenshot-9.jpg\" width=\"633\" height=\"500\" \/>\n<\/p>\n<p>H\u00e1l\u00f3zati eszk\u00f6z\u00f6k, nevek, inform\u00e1ci\u00f3k.<br \/>\n<img decoding=\"async\" loading=\"lazy\" alt=\"Speccy h\u00e1l\u00f3zat\" src=\"\/\/cuccokhalomban.csillagpor.hu\/pict\/speccy-screenshot-10.jpg\" width=\"634\" height=\"500\" \/><\/p>\n","protected":false},"excerpt":{"rendered":"<p>Speccy rendszer inform\u00e1ci\u00f3s szoftver, \u00f6sszefoglal\u00f3 n\u00e9zet. Egy virtu\u00e1lis g\u00e9p adatai. Oper\u00e1ci\u00f3s rendszer inform\u00e1ci\u00f3k. Adatok a processzorr\u00f3l. RAM mem\u00f3ria. Az alaplap adatai. Grafika &#8211;&#46;&#46;&#46;<\/p>\n","protected":false},"author":1,"featured_media":0,"parent":0,"menu_order":0,"comment_status":"closed","ping_status":"closed","template":"","meta":{"footnotes":""},"_links":{"self":[{"href":"https:\/\/csillagpor.hu\/remek\/programok\/wp-json\/wp\/v2\/pages\/905"}],"collection":[{"href":"https:\/\/csillagpor.hu\/remek\/programok\/wp-json\/wp\/v2\/pages"}],"about":[{"href":"https:\/\/csillagpor.hu\/remek\/programok\/wp-json\/wp\/v2\/types\/page"}],"author":[{"embeddable":true,"href":"https:\/\/csillagpor.hu\/remek\/programok\/wp-json\/wp\/v2\/users\/1"}],"replies":[{"embeddable":true,"href":"https:\/\/csillagpor.hu\/remek\/programok\/wp-json\/wp\/v2\/comments?post=905"}],"version-history":[{"count":0,"href":"https:\/\/csillagpor.hu\/remek\/programok\/wp-json\/wp\/v2\/pages\/905\/revisions"}],"wp:attachment":[{"href":"https:\/\/csillagpor.hu\/remek\/programok\/wp-json\/wp\/v2\/media?parent=905"}],"curies":[{"name":"wp","href":"https:\/\/api.w.org\/{rel}","templated":true}]}}