{"id":906,"date":"2012-01-17T21:58:02","date_gmt":"2012-01-17T20:58:02","guid":{"rendered":"http:\/\/csillagpor.hu\/remek\/programok\/?page_id=906"},"modified":"2022-06-30T18:28:07","modified_gmt":"2022-06-30T16:28:07","slug":"ccenhancer-screenshot","status":"publish","type":"page","link":"https:\/\/csillagpor.hu\/remek\/programok\/ccenhancer-screenshot","title":{"rendered":"CCEnhancer \u00e9s Winapp2 k\u00e9perny\u0151k\u00e9pek"},"content":{"rendered":"<p>A <a target=\"_blank\" title=\"CCEnhancer\" href=\"\/\/csillagpor.hu\/remek\/programok\/ccenhancer-letoltes\" rel=\"noopener noreferrer\">Winapp2.ini f\u00e1jl<\/a> bem\u00e1solva a CCleaner mapp\u00e1j\u00e1ba, a program elind\u00edtva, \u00e9s l\u00e1that\u00f3 a j\u00f3csk\u00e1n kib\u0151v\u00fclt lista, Windows 10-en.<br \/>\n<img decoding=\"async\" loading=\"lazy\" alt=\"CCEnhancer Winapp2.ini b\u0151v\u00edt\u0151vel\" src=\"\/\/cuccokhalomban.csillagpor.hu\/pict\/ccenhancer-kepernyokep-1.jpg\" width=\"786\" height=\"593\" \/>\n<\/p>\n<p>Az els\u0151 a Firefox volt, most itt l\u00e1that\u00f3 a Chrome. A csillaggal jel\u00f6ltek azok, amiket a CCEnhancer adott hozz\u00e1.<br \/>\n<img decoding=\"async\" loading=\"lazy\" alt=\"CCEnhancer Chrome\" src=\"\/\/cuccokhalomban.csillagpor.hu\/pict\/ccenhancer-kepernyokep-2.jpg\" width=\"786\" height=\"593\" \/>\n<\/p>\n<p>Adobe, Google, HP, MS \u00e9s egyebek CCleaner el\u0151tt eddig rejtett dolgai.<br \/>\n<img decoding=\"async\" loading=\"lazy\" alt=\"CCEnhancer rejtett volt, most el\u0151bukkant\" src=\"\/\/cuccokhalomban.csillagpor.hu\/pict\/ccenhancer-kepernyokep-3.jpg\" width=\"786\" height=\"593\" \/>\n<\/p>\n<p>Internet kateg\u00f3ria &#8230;<br \/>\n<img decoding=\"async\" loading=\"lazy\" alt=\"CCEnhancer Internet\" src=\"\/\/cuccokhalomban.csillagpor.hu\/pict\/ccenhancer-kepernyokep-4.jpg\" width=\"786\" height=\"593\" \/>\n<\/p>\n<p>Ez meg tal\u00e1n egy Multim\u00e9dia volt \u00e9s most j\u00f6nnek az Eszk\u00f6z\u00f6k &#8230;<br \/>\n<img decoding=\"async\" loading=\"lazy\" alt=\"CCEnhancer eszk\u00f6z\u00f6k\" src=\"\/\/cuccokhalomban.csillagpor.hu\/pict\/ccenhancer-kepernyokep-5.jpg\" width=\"786\" height=\"593\" \/>\n<\/p>\n<p>Rengeteg Microsoftos cucc&#8230;<br \/>\n<img decoding=\"async\" loading=\"lazy\" alt=\"CCEnhancer MS\" src=\"\/\/cuccokhalomban.csillagpor.hu\/pict\/ccenhancer-kepernyokep-6.jpg\" width=\"786\" height=\"593\" \/>\n<\/p>\n<p>\u00c9s akkor lefutott az Elemz\u00e9s, itt vannak a t\u00f6r\u00f6lhet\u0151k. Ezel\u0151tt lefuttattam a CCleanert Winapp2.ini n\u00e9lk\u00fcl, \u00e9s ezut\u00e1n Winapp2.ini-vel m\u00e9g 1,5 GB-t kit\u00f6r\u00f6lt!<br \/>\n<img decoding=\"async\" loading=\"lazy\" alt=\"CCEnhancer m\u00e9g 1,5 GB\" src=\"\/\/cuccokhalomban.csillagpor.hu\/pict\/ccenhancer-kepernyokep-7.jpg\" width=\"786\" height=\"593\" \/>\n<\/p>\n<p>R\u00e9gebbi k\u00e9pek a CCEnhancer keretprogramr\u00f3l &#8230;<\/p>\n<p>A CCEnhancer CCleaner b\u0151v\u00edt\u0151 program. A telep\u00edt\u0151program a leg\u00fajabb verzi\u00f3t t\u00f6lti le: Download Latest.<br \/>\n<img decoding=\"async\" loading=\"lazy\" alt=\"CCEnhancer CCleaner b\u0151v\u00edt\u0151\" src=\"\/\/cuccokhalomban.csillagpor.hu\/pict\/ccenhancer-screenshot-1.jpg\" width=\"427\" height=\"242\" \/>\n<\/p>\n<p>Innen ak\u00e1r a hordozhat\u00f3 CCleaner <a target=\"_blank\" title=\"Windows karbantart\u00f3\" href=\"\/\/csillagpor.hu\/remek\/programok\/rendszerprogramok-rendszer-karbantartok\" rel=\"noopener noreferrer\">rendszer karbantart\u00f3<\/a> is telep\u00edthet\u0151.<br \/>\n<img decoding=\"async\" loading=\"lazy\" alt=\"CCEnhancer hordozhat\u00f3\" src=\"\/\/cuccokhalomban.csillagpor.hu\/pict\/ccenhancer-screenshot-2.jpg\" width=\"426\" height=\"241\" \/>\n<\/p>\n<p>Kib\u0151v\u00edti a telep\u00edtett programok t\u00f6r\u00f6lhet\u0151 f\u00e1jljainak list\u00e1j\u00e1t&#8230;<br \/>\n<img decoding=\"async\" loading=\"lazy\" alt=\"CCEnhancer lista\" src=\"\/\/cuccokhalomban.csillagpor.hu\/pict\/ccenhancer-screenshot-3.jpg\" width=\"743\" height=\"500\" \/>\n<\/p>\n<p>&#8230; \u00e9s a Windows multim\u00e9dia &#8230;<br \/>\n<img decoding=\"async\" loading=\"lazy\" alt=\"CCEnhancer Windows multim\u00e9dia\" src=\"\/\/cuccokhalomban.csillagpor.hu\/pict\/ccenhancer-screenshot-4.jpg\" width=\"739\" height=\"500\" \/>\n<\/p>\n<p>&#8230; \u00e9s a rendszer egy\u00e9b f\u00e1jljainak t\u00f6r\u00f6lhet\u0151 darabjait &#8230;<br \/>\n<img decoding=\"async\" loading=\"lazy\" alt=\"CCEnhancer rendszer\" src=\"\/\/cuccokhalomban.csillagpor.hu\/pict\/ccenhancer-screenshot-5.jpg\" width=\"740\" height=\"500\" \/>\n<\/p>\n<p>&#8230; t\u00f6r\u00f6lhet\u0151 napl\u00f3f\u00e1jlokat, gyors\u00edt\u00f3t\u00e1rakat \u00e9s egyebeket.<br \/>\n<img decoding=\"async\" loading=\"lazy\" alt=\"CCEnhancer cache\" src=\"\/\/cuccokhalomban.csillagpor.hu\/pict\/ccenhancer-screenshot-6.jpg\" width=\"740\" height=\"500\" \/><\/p>\n","protected":false},"excerpt":{"rendered":"<p><a target=\"_blank\" title=\"CCEnhancer, Winapp2.ini k\u00e9perny\u0151k\u00e9pek\" href=\"\/\/csillagpor.hu\/remek\/programok\/ccenhancer-screenshot\" rel=\"noopener noreferrer\"><img decoding=\"async\" loading=\"lazy\" alt=\"CCEnhancer\" src=\"\/\/cuccokhalomban.csillagpor.hu\/pict\/ccenhancer-kicsi.jpg\" width=\"100\" height=\"97\" class=\"flr\" \/><\/a>A Winapp2.ini f\u00e1jl bem\u00e1solva a CCleaner mapp\u00e1j\u00e1ba, a program elind\u00edtva, \u00e9s l\u00e1that\u00f3 a j\u00f3csk\u00e1n kib\u0151v\u00fclt lista, Windows 10-en. Az els\u0151 a Firefox volt, most itt l\u00e1that\u00f3 a Chrome. A csillaggal jel\u00f6ltek azok, amiket a CCEnhancer adott hozz\u00e1. Adobe, Google, HP, MS \u00e9s egyebek CCleaner el\u0151tt eddig rejtett dolgai. Internet kateg\u00f3ria, Multim\u00e9dia, Eszk\u00f6z\u00f6k, rengeteg Microsoftos cucc. Winapp2.ini-vel m\u00e9g 1,5 GB-t kit\u00f6r\u00f6lt!<\/p>\n","protected":false},"author":1,"featured_media":0,"parent":0,"menu_order":0,"comment_status":"closed","ping_status":"closed","template":"","meta":{"footnotes":""},"_links":{"self":[{"href":"https:\/\/csillagpor.hu\/remek\/programok\/wp-json\/wp\/v2\/pages\/906"}],"collection":[{"href":"https:\/\/csillagpor.hu\/remek\/programok\/wp-json\/wp\/v2\/pages"}],"about":[{"href":"https:\/\/csillagpor.hu\/remek\/programok\/wp-json\/wp\/v2\/types\/page"}],"author":[{"embeddable":true,"href":"https:\/\/csillagpor.hu\/remek\/programok\/wp-json\/wp\/v2\/users\/1"}],"replies":[{"embeddable":true,"href":"https:\/\/csillagpor.hu\/remek\/programok\/wp-json\/wp\/v2\/comments?post=906"}],"version-history":[{"count":0,"href":"https:\/\/csillagpor.hu\/remek\/programok\/wp-json\/wp\/v2\/pages\/906\/revisions"}],"wp:attachment":[{"href":"https:\/\/csillagpor.hu\/remek\/programok\/wp-json\/wp\/v2\/media?parent=906"}],"curies":[{"name":"wp","href":"https:\/\/api.w.org\/{rel}","templated":true}]}}