{"id":912,"date":"2012-01-20T20:40:58","date_gmt":"2012-01-20T19:40:58","guid":{"rendered":"http:\/\/csillagpor.hu\/remek\/programok\/?page_id=912"},"modified":"2022-06-30T18:03:40","modified_gmt":"2022-06-30T16:03:40","slug":"pdfescape-screenshot","status":"publish","type":"page","link":"https:\/\/csillagpor.hu\/remek\/programok\/pdfescape-screenshot","title":{"rendered":"PDFescape k\u00e9perny\u0151k\u00e9pek"},"content":{"rendered":"<p><a target=\"_blank\" title=\"pdfescape\" href=\"\/\/csillagpor.hu\/remek\/programok\/pdfescape-online-pdf-szerkeszto\" rel=\"noopener noreferrer\">PDFescape<\/a> online <a target=\"_blank\" title=\"pdf\" href=\"\/\/csillagpor.hu\/remek\/programok\/pdf-olvaso-szerkeszto\" rel=\"noopener noreferrer\">PDF szerkeszt\u0151<\/a>. Itt v\u00e1laszthatunk, hogy \u00fajat kezd\u00fcnk, felt\u00f6lt\u00fcnk, az internetr\u0151l belinkel\u00fcnk vagy az el\u0151z\u0151t szerkesztj\u00fck.<br \/>\n<img decoding=\"async\" loading=\"lazy\" alt=\"PDFescape 1\" src=\"\/\/cuccokhalomban.csillagpor.hu\/pict\/pdfescape-screenshot-2.jpg\" width=\"1060\" height=\"480\" \/>\n<\/p>\n<p>\u00dajn\u00e1l adjuk meg h\u00e1ny oldal \u00e9s milyen m\u00e9ret\u0171.<br \/>\n<img decoding=\"async\" loading=\"lazy\" alt=\"PDFescape 2\" src=\"\/\/cuccokhalomban.csillagpor.hu\/pict\/pdfescape-screenshot-3.jpg\" width=\"1060\" height=\"480\" \/>\n<\/p>\n<p>Sz\u00f6veg besz\u00far\u00e1sa.<br \/>\n<img decoding=\"async\" loading=\"lazy\" alt=\"PDFescape 3\" src=\"\/\/cuccokhalomban.csillagpor.hu\/pict\/pdfescape-screenshot-4.jpg\" width=\"1061\" height=\"480\" \/>\n<\/p>\n<p>Adjunk hozz\u00e1 k\u00e9pek a saj\u00e1t g\u00e9p\u00fcnkr\u0151l.<br \/>\n<img decoding=\"async\" loading=\"lazy\" alt=\"PDFescape 4\" src=\"\/\/cuccokhalomban.csillagpor.hu\/pict\/pdfescape-screenshot-5.jpg\" width=\"1063\" height=\"480\" \/>\n<\/p>\n<p>PDF f\u00e1jl felt\u00f6lt\u00e9se.<br \/>\n<img decoding=\"async\" loading=\"lazy\" alt=\"PDFescape 5\" src=\"\/\/cuccokhalomban.csillagpor.hu\/pict\/pdfescape-screenshot-6.jpg\" width=\"1060\" height=\"480\" \/>\n<\/p>\n<p>Oldal elford\u00edt\u00e1sa, mozgat\u00e1sa, t\u00f6rl\u00e9se vagy vissza\u00e1ll\u00edt\u00e1sa.<br \/>\n<img decoding=\"async\" loading=\"lazy\" alt=\"PDFescape 6\" src=\"\/\/cuccokhalomban.csillagpor.hu\/pict\/pdfescape-screenshot-7.jpg\" width=\"1051\" height=\"480\" \/>\n<\/p>\n<p>Mindenf\u00e9le dolgokkal \u00f6sszefirk\u00e1lhatjuk a PDF dokumentumot.<br \/>\n<img decoding=\"async\" loading=\"lazy\" alt=\"PDFescape 7\" src=\"\/\/cuccokhalomban.csillagpor.hu\/pict\/pdfescape-screenshot-8.jpg\" width=\"1051\" height=\"480\" \/>\n<\/p>\n<p>Az eddig szerkesztett dokumentumok a My PDF Documentsben.<br \/>\n<img decoding=\"async\" loading=\"lazy\" alt=\"PDFescape 8\" src=\"\/\/cuccokhalomban.csillagpor.hu\/pict\/pdfescape-screenshot-9.jpg\" width=\"1035\" height=\"480\" \/><\/p>\n","protected":false},"excerpt":{"rendered":"<p>PDFescape online PDF szerkeszt\u0151. Itt v\u00e1laszthatunk, hogy \u00fajat kezd\u00fcnk, felt\u00f6lt\u00fcnk, az internetr\u0151l belinkel\u00fcnk vagy az el\u0151z\u0151t szerkesztj\u00fck. \u00dajn\u00e1l adjuk meg h\u00e1ny oldal \u00e9s&#46;&#46;&#46;<\/p>\n","protected":false},"author":1,"featured_media":0,"parent":0,"menu_order":0,"comment_status":"closed","ping_status":"closed","template":"","meta":{"footnotes":""},"_links":{"self":[{"href":"https:\/\/csillagpor.hu\/remek\/programok\/wp-json\/wp\/v2\/pages\/912"}],"collection":[{"href":"https:\/\/csillagpor.hu\/remek\/programok\/wp-json\/wp\/v2\/pages"}],"about":[{"href":"https:\/\/csillagpor.hu\/remek\/programok\/wp-json\/wp\/v2\/types\/page"}],"author":[{"embeddable":true,"href":"https:\/\/csillagpor.hu\/remek\/programok\/wp-json\/wp\/v2\/users\/1"}],"replies":[{"embeddable":true,"href":"https:\/\/csillagpor.hu\/remek\/programok\/wp-json\/wp\/v2\/comments?post=912"}],"version-history":[{"count":0,"href":"https:\/\/csillagpor.hu\/remek\/programok\/wp-json\/wp\/v2\/pages\/912\/revisions"}],"wp:attachment":[{"href":"https:\/\/csillagpor.hu\/remek\/programok\/wp-json\/wp\/v2\/media?parent=912"}],"curies":[{"name":"wp","href":"https:\/\/api.w.org\/{rel}","templated":true}]}}