{"id":930,"date":"2012-01-28T23:18:29","date_gmt":"2012-01-28T22:18:29","guid":{"rendered":"http:\/\/csillagpor.hu\/remek\/programok\/?page_id=930"},"modified":"2022-06-30T18:26:50","modified_gmt":"2022-06-30T16:26:50","slug":"coolnovo-screenshot","status":"publish","type":"page","link":"https:\/\/csillagpor.hu\/remek\/programok\/coolnovo-screenshot","title":{"rendered":"CoolNovo k\u00e9perny\u0151k\u00e9pek"},"content":{"rendered":"<p><a target=\"_blank\" title=\"chromeplus\" href=\"\/\/csillagpor.hu\/remek\/programok\/chromeplus-letoltese\" rel=\"noopener noreferrer\">CoolNovo (ChromePlus) b\u00f6ng\u00e9sz\u0151<\/a>, telep\u00edt\u00e9s elej\u00e9n v\u00e1lasszuk a Customize-t &#8230;<br \/>\n<img decoding=\"async\" loading=\"lazy\" alt=\"CoolNovo b\u00f6ng\u00e9sz\u0151\" src=\"\/\/cuccokhalomban.csillagpor.hu\/pict\/coolnovo-screenshot-1.jpg\" width=\"468\" height=\"399\" \/>\n<\/p>\n<p>&#8230; \u00e9s v\u00e1lasszuk ki mit szeretn\u00e9nk, majd Install.<br \/>\n<img decoding=\"async\" loading=\"lazy\" alt=\"CoolNovo telep\u00edt\u00e9s\" src=\"\/\/cuccokhalomban.csillagpor.hu\/pict\/coolnovo-screenshot-2.jpg\" width=\"470\" height=\"398\" \/>\n<\/p>\n<p>CoolNovo \u00fatmutat\u00f3 kezd\u0151knek, hasznos.<br \/>\n<img decoding=\"async\" loading=\"lazy\" alt=\"CoolNovo \u00fatmutat\u00f3\" src=\"\/\/cuccokhalomban.csillagpor.hu\/pict\/coolnovo-screenshot-3.jpg\" width=\"730\" height=\"429\" \/>\n<\/p>\n<p>\u00datmutat\u00f3 az adatv\u00e9delemr\u0151l.<br \/>\n<img decoding=\"async\" loading=\"lazy\" alt=\"CoolNovo adatv\u00e9delem\" src=\"\/\/cuccokhalomban.csillagpor.hu\/pict\/coolnovo-screenshot-4.jpg\" width=\"730\" height=\"430\" \/>\n<\/p>\n<p>Nagyon r\u00e9szletes be\u00e1ll\u00edt\u00e1si lehet\u0151s\u00e9gek.<br \/>\n<img decoding=\"async\" loading=\"lazy\" alt=\"CoolNovo be\u00e1ll\u00edt\u00e1sok\" src=\"\/\/cuccokhalomban.csillagpor.hu\/pict\/coolnovo-screenshot-5.jpg\" width=\"730\" height=\"429\" \/>\n<\/p>\n<p>F\u00fclek be\u00e1ll\u00edt\u00e1sai. T\u00f6bbsz\u00f6r\u00f6s betekint\u0151 ablakok a Windows 7 t\u00e1lc\u00e1j\u00e1n.<br \/>\n<img decoding=\"async\" loading=\"lazy\" alt=\"CoolNovo f\u00fclek\" src=\"\/\/cuccokhalomban.csillagpor.hu\/pict\/coolnovo-screenshot-6.jpg\" width=\"730\" height=\"429\" \/>\n<\/p>\n<p>Szem\u00e9lyes adatok be\u00e1ll\u00edt\u00e1sai. B\u00f6ng\u00e9sz\u00e9si el\u0151zm\u00e9nyek, adathal\u00e1szat, gyors\u00edt\u00f3t\u00e1r t\u00f6rl\u00e9se, miegym\u00e1s&#8230;<br \/>\n<img decoding=\"async\" loading=\"lazy\" alt=\"CoolNovo szem\u00e9lyes adatok\" src=\"\/\/cuccokhalomban.csillagpor.hu\/pict\/coolnovo-screenshot-7.jpg\" width=\"730\" height=\"428\" \/>\n<\/p>\n<p>Eg\u00e9rmozdulatok be\u00e1ll\u00edt\u00e1sai.<br \/>\n<img decoding=\"async\" loading=\"lazy\" alt=\"CoolNovo eg\u00e9rmozdulatok\" src=\"\/\/cuccokhalomban.csillagpor.hu\/pict\/coolnovo-screenshot-8.jpg\" width=\"730\" height=\"430\" \/>\n<\/p>\n<p>Ha kijel\u00f6l\u00fcnk egy sz\u00f6vegr\u00e9szt \u00e9s eldobjuk eg\u00e9rrel &#8230;<br \/>\n<img decoding=\"async\" loading=\"lazy\" alt=\"CoolNovo eg\u00e9r\" src=\"\/\/cuccokhalomban.csillagpor.hu\/pict\/coolnovo-screenshot-9.jpg\" width=\"730\" height=\"428\" \/>\n<\/p>\n<p>&#8230; a sz\u00f6vegre keres\u00e9s tal\u00e1lati oldala jelenik meg egy \u00faj f\u00fcl\u00f6n.<br \/>\n<img decoding=\"async\" loading=\"lazy\" alt=\"CoolNovo keres\u00e9s\" src=\"\/\/cuccokhalomban.csillagpor.hu\/pict\/coolnovo-screenshot-10.jpg\" width=\"730\" height=\"428\" \/><\/p>\n","protected":false},"excerpt":{"rendered":"<p><a target=\"_blank\" title=\"coolnovo k\u00e9perny\u0151k\u00e9pek\" href=\"\/\/csillagpor.hu\/remek\/programok\/chromeplus-letoltese\" rel=\"noopener noreferrer\"><img decoding=\"async\" loading=\"lazy\" alt=\"CoolNovo\" src=\"\/\/cuccokhalomban.csillagpor.hu\/pict\/chromeplus-kicsi.jpg\" width=\"100\" height=\"96\" class=\"flr\" \/><\/a>CoolNovo (ChromePlus) b\u00f6ng\u00e9sz\u0151, telep\u00edt\u00e9s elej\u00e9n v\u00e1lasszuk a Customize-t &#8230; \u00e9s v\u00e1lasszuk ki mit szeretn\u00e9nk, majd Install. CoolNovo \u00fatmutat\u00f3 kezd\u0151knek, hasznos. Nagyon r\u00e9szletes be\u00e1ll\u00edt\u00e1si lehet\u0151s\u00e9gek. F\u00fclek be\u00e1ll\u00edt\u00e1sai. T\u00f6bbsz\u00f6r\u00f6s betekint\u0151 ablakok a Windows 7 t\u00e1lc\u00e1j\u00e1n&#8230;<\/p>\n","protected":false},"author":1,"featured_media":0,"parent":0,"menu_order":0,"comment_status":"closed","ping_status":"closed","template":"","meta":{"footnotes":""},"_links":{"self":[{"href":"https:\/\/csillagpor.hu\/remek\/programok\/wp-json\/wp\/v2\/pages\/930"}],"collection":[{"href":"https:\/\/csillagpor.hu\/remek\/programok\/wp-json\/wp\/v2\/pages"}],"about":[{"href":"https:\/\/csillagpor.hu\/remek\/programok\/wp-json\/wp\/v2\/types\/page"}],"author":[{"embeddable":true,"href":"https:\/\/csillagpor.hu\/remek\/programok\/wp-json\/wp\/v2\/users\/1"}],"replies":[{"embeddable":true,"href":"https:\/\/csillagpor.hu\/remek\/programok\/wp-json\/wp\/v2\/comments?post=930"}],"version-history":[{"count":0,"href":"https:\/\/csillagpor.hu\/remek\/programok\/wp-json\/wp\/v2\/pages\/930\/revisions"}],"wp:attachment":[{"href":"https:\/\/csillagpor.hu\/remek\/programok\/wp-json\/wp\/v2\/media?parent=930"}],"curies":[{"name":"wp","href":"https:\/\/api.w.org\/{rel}","templated":true}]}}