{"id":935,"date":"2012-01-31T15:05:34","date_gmt":"2012-01-31T14:05:34","guid":{"rendered":"http:\/\/csillagpor.hu\/remek\/programok\/?page_id=935"},"modified":"2022-06-30T18:25:02","modified_gmt":"2022-06-30T16:25:02","slug":"easeus-data-recovery-wizard-screenshot","status":"publish","type":"page","link":"https:\/\/csillagpor.hu\/remek\/programok\/easeus-data-recovery-wizard-screenshot","title":{"rendered":"EaseUS Data Recovery Wizard k\u00e9perny\u0151k\u00e9pek"},"content":{"rendered":"<p>&rarr; <a target=\"_blank\" title=\"easeus data recovery wizard\" href=\"\/\/csillagpor.hu\/remek\/programok\/easeus-data-recovery-wizard-kepernyokepek\" rel=\"noopener noreferrer\">Az \u00fajabb verzi\u00f3k k\u00e9perny\u0151k\u00e9pei.<\/a><\/p>\n<p><a target=\"_blank\" title=\"easeus data recovery wizard free\" href=\"\/\/csillagpor.hu\/remek\/programok\/easeus-data-recovery-wizard-free\" rel=\"noopener noreferrer\">EaseUS Data Recovery Wizard adat vissza\u00e1ll\u00edt\u00f3 program<\/a>. Ha nem akarunk, nem kell regisztr\u00e1lni, csak Finish \u00e9s k\u00e9sz.<br \/>\n<img decoding=\"async\" loading=\"lazy\" alt=\"EaseUS Data Recovery Wizard\" src=\"\/\/cuccokhalomban.csillagpor.hu\/pict\/easus-data-recovery-wizard-screenshot-1.jpg\" width=\"502\" height=\"387\" \/>\n<\/p>\n<p>A kezd\u0151 oldal T\u00f6r\u00f6lt f\u00e1jl vissza\u00e1ll\u00edt\u00e1s, Teljes vissza\u00e1ll\u00edt\u00e1s \u00e9s Part\u00edci\u00f3 helyre\u00e1ll\u00edt\u00e1s.<br \/>\n<img decoding=\"async\" loading=\"lazy\" alt=\"EaseUS Data Recovery Wizard kezd\u0151 oldal\" src=\"\/\/cuccokhalomban.csillagpor.hu\/pict\/easus-data-recovery-wizard-screenshot-2.jpg\" width=\"727\" height=\"500\" \/>\n<\/p>\n<p>T\u00f6r\u00f6lt f\u00e1jlok vissza\u00e1ll\u00edt\u00e1sa, f\u00e1jlt\u00edpusonk\u00e9nt.<br \/>\n<img decoding=\"async\" loading=\"lazy\" alt=\"EaseUS Data Recovery Wizard f\u00e1jlt\u00edpusok\" src=\"\/\/cuccokhalomban.csillagpor.hu\/pict\/easus-data-recovery-wizard-screenshot-3.jpg\" width=\"727\" height=\"500\" \/>\n<\/p>\n<p>Ha csak jpg k\u00e9pet keres\u00fcnk&#8230;<br \/>\n<img decoding=\"async\" loading=\"lazy\" alt=\"EaseUS Data Recovery Wizard jpg k\u00e9p\" src=\"\/\/cuccokhalomban.csillagpor.hu\/pict\/easus-data-recovery-wizard-screenshot-4.jpg\" width=\"727\" height=\"500\" \/>\n<\/p>\n<p>Teljes vissza\u00e1ll\u00edt\u00e1s, form\u00e1zott, s\u00e9r\u00fclt, stb. lemezr\u0151l.<br \/>\n<img decoding=\"async\" loading=\"lazy\" alt=\"EaseUS Data Recovery Wizard teljes lemez\" src=\"\/\/cuccokhalomban.csillagpor.hu\/pict\/easus-data-recovery-wizard-screenshot-5.jpg\" width=\"727\" height=\"500\" \/>\n<\/p>\n<p>Teljes vissza\u00e1ll\u00edt\u00e1shoz v\u00e1lasszunk part\u00edci\u00f3t.<br \/>\n<img decoding=\"async\" loading=\"lazy\" alt=\"EaseUS Data Recovery Wizard part\u00edci\u00f3\" src=\"\/\/cuccokhalomban.csillagpor.hu\/pict\/easus-data-recovery-wizard-screenshot-6.jpg\" width=\"725\" height=\"500\" \/>\n<\/p>\n<p>Elveszett, t\u00f6r\u00f6lt part\u00edci\u00f3 vissza\u00e1ll\u00edt\u00e1sa.<br \/>\n<img decoding=\"async\" loading=\"lazy\" alt=\"EaseUS Data Recovery Wizard t\u00f6r\u00f6lt part\u00edci\u00f3\" src=\"\/\/cuccokhalomban.csillagpor.hu\/pict\/easus-data-recovery-wizard-screenshot-7.jpg\" width=\"726\" height=\"500\" \/>\n<\/p>\n<p>Part\u00edci\u00f3 helyre\u00e1ll\u00edt\u00e1s be\u00e1ll\u00edt\u00e1sai.<br \/>\n<img decoding=\"async\" loading=\"lazy\" alt=\"EaseUS Data Recovery Wizard be\u00e1ll\u00edt\u00e1sok\" src=\"\/\/cuccokhalomban.csillagpor.hu\/pict\/easus-data-recovery-wizard-screenshot-8.jpg\" width=\"728\" height=\"500\" \/>\n<\/p>\n<p>Intelligens keres\u00e9s folyamatban.<br \/>\n<img decoding=\"async\" loading=\"lazy\" alt=\"EaseUS Data Recovery Wizard intelligens keres\u00e9s\" src=\"\/\/cuccokhalomban.csillagpor.hu\/pict\/easus-data-recovery-wizard-screenshot-9.jpg\" width=\"727\" height=\"500\" \/><\/p>\n","protected":false},"excerpt":{"rendered":"<p><a target=\"_blank\" title=\"EaseUS Data Recovery Wizard screenshot\" href=\"\/\/csillagpor.hu\/remek\/programok\/easeus-data-recovery-wizard-screenshot\" rel=\"noopener noreferrer\"><img decoding=\"async\" loading=\"lazy\" alt=\"EaseUS Data Recovery Wizard\" src=\"\/\/cuccokhalomban.csillagpor.hu\/pict\/easus-data-recovery-wizard-kicsi.jpg\" width=\"100\" height=\"69\" class=\"flr\" \/><\/a>EaseUS Data Recovery Wizard adat vissza\u00e1ll\u00edt\u00f3 program. Ha nem akarunk, nem kell regisztr\u00e1lni, csak Finish \u00e9s k\u00e9sz. A kezd\u0151 oldal T\u00f6r\u00f6lt f\u00e1jl vissza\u00e1ll\u00edt\u00e1s, Teljes vissza\u00e1ll\u00edt\u00e1s \u00e9s Part\u00edci\u00f3 helyre\u00e1ll\u00edt\u00e1s. T\u00f6r\u00f6lt f\u00e1jlok vissza\u00e1ll\u00edt\u00e1sa, f\u00e1jlt\u00edpusonk\u00e9nt. Ha csak jpg k\u00e9pet keres\u00fcnk&#8230;<\/p>\n","protected":false},"author":1,"featured_media":0,"parent":0,"menu_order":0,"comment_status":"closed","ping_status":"closed","template":"","meta":{"footnotes":""},"_links":{"self":[{"href":"https:\/\/csillagpor.hu\/remek\/programok\/wp-json\/wp\/v2\/pages\/935"}],"collection":[{"href":"https:\/\/csillagpor.hu\/remek\/programok\/wp-json\/wp\/v2\/pages"}],"about":[{"href":"https:\/\/csillagpor.hu\/remek\/programok\/wp-json\/wp\/v2\/types\/page"}],"author":[{"embeddable":true,"href":"https:\/\/csillagpor.hu\/remek\/programok\/wp-json\/wp\/v2\/users\/1"}],"replies":[{"embeddable":true,"href":"https:\/\/csillagpor.hu\/remek\/programok\/wp-json\/wp\/v2\/comments?post=935"}],"version-history":[{"count":0,"href":"https:\/\/csillagpor.hu\/remek\/programok\/wp-json\/wp\/v2\/pages\/935\/revisions"}],"wp:attachment":[{"href":"https:\/\/csillagpor.hu\/remek\/programok\/wp-json\/wp\/v2\/media?parent=935"}],"curies":[{"name":"wp","href":"https:\/\/api.w.org\/{rel}","templated":true}]}}