{"id":938,"date":"2012-02-03T22:49:41","date_gmt":"2012-02-03T21:49:41","guid":{"rendered":"http:\/\/csillagpor.hu\/remek\/programok\/?page_id=938"},"modified":"2022-06-30T18:28:56","modified_gmt":"2022-06-30T16:28:56","slug":"axcrypt-screenshot","status":"publish","type":"page","link":"https:\/\/csillagpor.hu\/remek\/programok\/axcrypt-screenshot","title":{"rendered":"AxCrypt k\u00e9perny\u0151k\u00e9pek"},"content":{"rendered":"<p><a target=\"_blank\" title=\"axcrypt\" href=\"\/\/csillagpor.hu\/remek\/programok\/axcrypt-letoltese\" rel=\"noopener noreferrer\">Az AxCryptben<\/a> sajnos jelenleg nem el\u00e9rhet\u0151 a magyar nyelv. Az els\u0151 ind\u00edt\u00e1sakor e-mail c\u00edmet kell megadnunk&#8230;<br \/>\n<img decoding=\"async\" loading=\"lazy\" alt=\"AxCrypt ind\u00edt\u00e1s\" src=\"\/\/cuccokhalomban.csillagpor.hu\/pict\/axcrypt-kepernyokep-1.jpg\" width=\"730\" height=\"405\" \/>\n<\/p>\n<p>&#8230; hogy azt\u00e1n oda kapott ellen\u0151rz\u0151 k\u00f3dot k\u00e9s\u0151bb megadjuk.<br \/>\n<img decoding=\"async\" loading=\"lazy\" alt=\"AxCrypt ellen\u0151rz\u0151 k\u00f3d\" src=\"\/\/cuccokhalomban.csillagpor.hu\/pict\/axcrypt-kepernyokep-2.jpg\" width=\"730\" height=\"403\" \/>\n<\/p>\n<p>Teh\u00e1t ide be\u00edrjuk, majd adunk m\u00e9g neki j\u00f3 er\u0151s jelsz\u00f3t is. Ha sz\u00fcks\u00e9ges innen k\u00e9rhetj\u00fck \u00fajra az e-mailt.<br \/>\n<img decoding=\"async\" loading=\"lazy\" alt=\"AxCrypt jelsz\u00f3\" src=\"\/\/cuccokhalomban.csillagpor.hu\/pict\/axcrypt-kepernyokep-3.jpg\" width=\"730\" height=\"443\" \/>\n<\/p>\n<p>A k\u00f6vetkez\u0151 indul\u00e1sn\u00e1l a megadott jelsz\u00f3val kell bejelentkezni.<br \/>\n<img decoding=\"async\" loading=\"lazy\" alt=\"AxCrypt bejelentkez\u00e9s\" src=\"\/\/cuccokhalomban.csillagpor.hu\/pict\/axcrypt-kepernyokep-4.jpg\" width=\"730\" height=\"403\" \/>\n<\/p>\n<p>Itt azt \u00edrja, hogy nem sz\u00fcks\u00e9ges internet az AxCrypt haszn\u00e1lat\u00e1hoz, \u00e9s nem t\u00e1rolja a jelszavunkat semmilyen szerveren. A Premium verzi\u00f3hoz hasznos az internet, no meg persze a friss\u00edt\u00e9sekhez, de mindig titkos\u00edtott csatorn\u00e1n kereszt\u00fcl kommunik\u00e1l a program vel\u00fck.<br \/>\n<img decoding=\"async\" loading=\"lazy\" alt=\"AxCrypt internet\" src=\"\/\/cuccokhalomban.csillagpor.hu\/pict\/axcrypt-kepernyokep-5.jpg\" width=\"730\" height=\"401\" \/>\n<\/p>\n<p>Itt vannak a be\u00e1ll\u00edt\u00e1sok, mint l\u00e1thatjuk nincs magyar nyelv, be\u00e1ll\u00edthatjuk mindig offline m\u00f3dra, jelsz\u00f3t v\u00e1ltoztathatunk itt \u00e9s minden be\u00e1ll\u00edt\u00e1st t\u00f6r\u00f6lhet\u00fcnk.<br \/>\n<img decoding=\"async\" loading=\"lazy\" alt=\"AxCrypt be\u00e1ll\u00edt\u00e1sok\" src=\"\/\/cuccokhalomban.csillagpor.hu\/pict\/axcrypt-kepernyokep-6.jpg\" width=\"730\" height=\"503\" \/>\n<\/p>\n<p>Be\u00e9p\u00fcl a Windows men\u00fckbe, itt tudjuk pl. ezt a mapp\u00e1t titkos\u00edtani, vagy a titkosat megnyitni, biztons\u00e1gosan t\u00f6r\u00f6lni, miegym\u00e1s &#8230;.<br \/>\n<img decoding=\"async\" loading=\"lazy\" alt=\"AxCrypt Windows 10\" src=\"\/\/cuccokhalomban.csillagpor.hu\/pict\/axcrypt-kepernyokep-7.jpg\" width=\"730\" height=\"384\" \/>\n<\/p>\n<p>R\u00e9gebbi verzi\u00f3&#8230;<\/p>\n<p><a target=\"_blank\" title=\"axcrypt\" href=\"\/\/csillagpor.hu\/remek\/programok\/axcrypt-letoltese\" rel=\"noopener noreferrer\">AxCrypt<\/a> <a target=\"_blank\" title=\"titkos\u00edt\u00e1s\" href=\"\/\/csillagpor.hu\/remek\/programok\/biztonsag-adatvedelem-titkositas\" rel=\"noopener noreferrer\">titkos\u00edt\u00f3 program<\/a>. Telep\u00edt\u00e9s v\u00e9g\u00e9n nem musz\u00e1j regisztr\u00e1lni.<br \/>\n<img decoding=\"async\" loading=\"lazy\" alt=\"AxCrypt titkos\u00edt\u00f3 program\" src=\"\/\/cuccokhalomban.csillagpor.hu\/pict\/axcrypt-screenshot-1.jpg\" width=\"500\" height=\"387\" \/>\n<\/p>\n<p>A f\u00e1jlokra jobb gombbal kattintva ezut\u00e1n ott tal\u00e1lhat\u00f3 az AxCrypt almen\u00fc.<br \/>\n<img decoding=\"async\" loading=\"lazy\" alt=\"AxCrypt almen\u00fc\" src=\"\/\/cuccokhalomban.csillagpor.hu\/pict\/axcrypt-screenshot-2.jpg\" width=\"730\" height=\"456\" \/>\n<\/p>\n<p>A titkos\u00edt\u00e1shoz \u00edrjuk be a kulcsmondatot.<br \/>\n<img decoding=\"async\" loading=\"lazy\" alt=\"AxCrypt kulcsmondat\" src=\"\/\/cuccokhalomban.csillagpor.hu\/pict\/axcrypt-screenshot-3.jpg\" width=\"591\" height=\"384\" \/>\n<\/p>\n<p>Kulcsf\u00e1jl l\u00e9trehoz\u00e1sa a f\u00e1jlb\u00f3l titkos\u00edt\u00e1shoz.<br \/>\n<img decoding=\"async\" loading=\"lazy\" alt=\"AxCrypt kulcsf\u00e1jl\" src=\"\/\/cuccokhalomban.csillagpor.hu\/pict\/axcrypt-screenshot-4.jpg\" width=\"429\" height=\"218\" \/>\n<\/p>\n<p>A leger\u0151sebb titkos\u00edt\u00e1s \u00e9rdek\u00e9ben haszn\u00e1lhatjuk a kulcsf\u00e1jl titkos\u00edt\u00e1st.<br \/>\n<img decoding=\"async\" loading=\"lazy\" alt=\"AxCrypt leger\u0151sebb tikos\u00edt\u00e1s\" src=\"\/\/cuccokhalomban.csillagpor.hu\/pict\/axcrypt-screenshot-5.jpg\" width=\"495\" height=\"387\" \/>\n<\/p>\n<p>F\u00e1jl megsemmis\u00edt\u00e9s is a lehet\u0151s\u00e9gek k\u00f6z\u00f6tt van.<br \/>\n<img decoding=\"async\" loading=\"lazy\" alt=\"AxCrypt f\u00e1jl megsemmis\u00edt\u00e9s\" src=\"\/\/cuccokhalomban.csillagpor.hu\/pict\/axcrypt-screenshot-6.jpg\" width=\"730\" height=\"386\" \/>\n<\/p>\n<p>V\u00e9letlenszer\u0171 adatokkal fel\u00fcl\u00edrja a f\u00e1jlt, a v\u00e9gleges t\u00f6rl\u00e9s \u00e9rdek\u00e9ben.<br \/>\n<img decoding=\"async\" loading=\"lazy\" alt=\"AxCrypt v\u00e9gleges t\u00f6rl\u00e9s\" src=\"\/\/cuccokhalomban.csillagpor.hu\/pict\/axcrypt-screenshot-7.jpg\" width=\"367\" height=\"187\" \/><\/p>\n","protected":false},"excerpt":{"rendered":"<p><a target=\"_blank\" title=\"axcrypt k\u00e9perny\u0151k\u00e9pek\" href=\"\/\/csillagpor.hu\/remek\/programok\/axcrypt-screenshot\" rel=\"noopener noreferrer\"><img decoding=\"async\" loading=\"lazy\" alt=\"AxCrypt\" src=\"\/\/cuccokhalomban.csillagpor.hu\/pict\/axcrypt-kicsi.jpg\" width=\"100\" height=\"102\" class=\"flr\" \/><\/a>AxCrypt titkos\u00edt\u00f3 program. A f\u00e1jlokra jobb gombbal kattintva ott tal\u00e1lhat\u00f3 az AxCrypt almen\u00fc. A titkos\u00edt\u00e1shoz \u00edrjuk be a kulcsmondatot. Kulcsf\u00e1jl l\u00e9trehoz\u00e1sa a f\u00e1jlb\u00f3l titkos\u00edt\u00e1shoz. Be\u00e9p\u00fcl a Windows men\u00fckbe, itt tudjuk pl. ezt a mapp\u00e1t titkos\u00edtani, vagy a titkosat megnyitni, biztons\u00e1gosan t\u00f6r\u00f6lni..<\/p>\n","protected":false},"author":1,"featured_media":0,"parent":0,"menu_order":0,"comment_status":"closed","ping_status":"closed","template":"","meta":{"footnotes":""},"_links":{"self":[{"href":"https:\/\/csillagpor.hu\/remek\/programok\/wp-json\/wp\/v2\/pages\/938"}],"collection":[{"href":"https:\/\/csillagpor.hu\/remek\/programok\/wp-json\/wp\/v2\/pages"}],"about":[{"href":"https:\/\/csillagpor.hu\/remek\/programok\/wp-json\/wp\/v2\/types\/page"}],"author":[{"embeddable":true,"href":"https:\/\/csillagpor.hu\/remek\/programok\/wp-json\/wp\/v2\/users\/1"}],"replies":[{"embeddable":true,"href":"https:\/\/csillagpor.hu\/remek\/programok\/wp-json\/wp\/v2\/comments?post=938"}],"version-history":[{"count":0,"href":"https:\/\/csillagpor.hu\/remek\/programok\/wp-json\/wp\/v2\/pages\/938\/revisions"}],"wp:attachment":[{"href":"https:\/\/csillagpor.hu\/remek\/programok\/wp-json\/wp\/v2\/media?parent=938"}],"curies":[{"name":"wp","href":"https:\/\/api.w.org\/{rel}","templated":true}]}}