{"id":944,"date":"2012-02-07T16:48:15","date_gmt":"2012-02-07T15:48:15","guid":{"rendered":"http:\/\/csillagpor.hu\/remek\/programok\/?page_id=944"},"modified":"2022-06-30T18:18:35","modified_gmt":"2022-06-30T16:18:35","slug":"google-sketchup-screenshot","status":"publish","type":"page","link":"https:\/\/csillagpor.hu\/remek\/programok\/google-sketchup-screenshot","title":{"rendered":"Google SketchUp k\u00e9perny\u0151k\u00e9pek"},"content":{"rendered":"<p><a target=\"_blank\" title=\"google sketchup\" href=\"\/\/csillagpor.hu\/remek\/programok\/google-sketchup-letoltese\" rel=\"noopener noreferrer\">Google SketchUp 3D modellez\u0151 program<\/a>. A telep\u00edt\u00e9s v\u00e9g\u00e9n v\u00e1laszthatunk, hogy tanulunk a Google SketchUpr\u00f3l vagy v\u00e1lasztunk egy template-et \u00e9s dolgozunk.<br \/>\n<img decoding=\"async\" loading=\"lazy\" alt=\"Google SketchUp template vagy tanul\u00e1s\" src=\"\/\/cuccokhalomban.csillagpor.hu\/pict\/google-sketchup-screenshot-1.jpg\" width=\"582\" height=\"500\" \/>\n<\/p>\n<p>Template kiv\u00e1laszt\u00e1sa, egy hagyom\u00e1nyos sablon, metrikus rendszerben.<br \/>\n<img decoding=\"async\" loading=\"lazy\" alt=\"Google SketchUp template\" src=\"\/\/cuccokhalomban.csillagpor.hu\/pict\/google-sketchup-screenshot-2.jpg\" width=\"583\" height=\"500\" \/>\n<\/p>\n<p>A nyit\u00f3 k\u00e9p. Jobboldalon l\u00e1that\u00f3 az oktat\u00f3 ablak, automatikusan mindig az aktu\u00e1lis eszk\u00f6zh\u00f6z igazodva.<br \/>\n<img decoding=\"async\" loading=\"lazy\" alt=\"Google SketchUp oktat\u00f3 ablak\" src=\"\/\/cuccokhalomban.csillagpor.hu\/pict\/google-sketchup-screenshot-3.jpg\" width=\"675\" height=\"500\" \/>\n<\/p>\n<p>Gyorsan felh\u00fazhatunk egy falat.<br \/>\n<img decoding=\"async\" loading=\"lazy\" alt=\"Google SketchUp egy fal\" src=\"\/\/cuccokhalomban.csillagpor.hu\/pict\/google-sketchup-screenshot-4.jpg\" width=\"676\" height=\"500\" \/>\n<\/p>\n<p>B\u00e1rmit elforgathatunk.<br \/>\n<img decoding=\"async\" loading=\"lazy\" alt=\"Google SketchUp elforgat\u00e1s\" src=\"\/\/cuccokhalomban.csillagpor.hu\/pict\/google-sketchup-screenshot-5.jpg\" width=\"675\" height=\"500\" \/>\n<\/p>\n<p>Rengeteg anyag k\u00f6z\u00fcl v\u00e1laszthatunk.<br \/>\n<img decoding=\"async\" loading=\"lazy\" alt=\"Google SketchUp anyagok\" src=\"\/\/cuccokhalomban.csillagpor.hu\/pict\/google-sketchup-screenshot-6.jpg\" width=\"676\" height=\"500\" \/>\n<\/p>\n<p>Az eszk\u00f6zt\u00e1rak.<br \/>\n<img decoding=\"async\" loading=\"lazy\" alt=\"Google SketchUp eszk\u00f6zt\u00e1rak\" src=\"\/\/cuccokhalomban.csillagpor.hu\/pict\/google-sketchup-screenshot-7.jpg\" width=\"675\" height=\"500\" \/>\n<\/p>\n<p>Jobb gombbal v\u00e1laszthat\u00f3 n\u00e9zetek.<br \/>\n<img decoding=\"async\" loading=\"lazy\" alt=\"Google SketchUp jobb gomb\" src=\"\/\/cuccokhalomban.csillagpor.hu\/pict\/google-sketchup-screenshot-8.jpg\" width=\"676\" height=\"500\" \/>\n<\/p>\n<p>N\u00e9zz\u00fcnk k\u00f6r\u00fcl &#8230; fel\u00fclr\u0151l.<br \/>\n<img decoding=\"async\" loading=\"lazy\" alt=\"Google SketchUp fentr\u0151l\" src=\"\/\/cuccokhalomban.csillagpor.hu\/pict\/google-sketchup-screenshot-9.jpg\" width=\"675\" height=\"500\" \/><\/p>\n","protected":false},"excerpt":{"rendered":"<p>Google SketchUp 3D modellez\u0151 program. A telep\u00edt\u00e9s v\u00e9g\u00e9n v\u00e1laszthatunk, hogy tanulunk a Google SketchUpr\u00f3l vagy v\u00e1lasztunk egy template-et \u00e9s dolgozunk. Template kiv\u00e1laszt\u00e1sa, egy&#46;&#46;&#46;<\/p>\n","protected":false},"author":1,"featured_media":0,"parent":0,"menu_order":0,"comment_status":"closed","ping_status":"closed","template":"","meta":{"footnotes":""},"_links":{"self":[{"href":"https:\/\/csillagpor.hu\/remek\/programok\/wp-json\/wp\/v2\/pages\/944"}],"collection":[{"href":"https:\/\/csillagpor.hu\/remek\/programok\/wp-json\/wp\/v2\/pages"}],"about":[{"href":"https:\/\/csillagpor.hu\/remek\/programok\/wp-json\/wp\/v2\/types\/page"}],"author":[{"embeddable":true,"href":"https:\/\/csillagpor.hu\/remek\/programok\/wp-json\/wp\/v2\/users\/1"}],"replies":[{"embeddable":true,"href":"https:\/\/csillagpor.hu\/remek\/programok\/wp-json\/wp\/v2\/comments?post=944"}],"version-history":[{"count":0,"href":"https:\/\/csillagpor.hu\/remek\/programok\/wp-json\/wp\/v2\/pages\/944\/revisions"}],"wp:attachment":[{"href":"https:\/\/csillagpor.hu\/remek\/programok\/wp-json\/wp\/v2\/media?parent=944"}],"curies":[{"name":"wp","href":"https:\/\/api.w.org\/{rel}","templated":true}]}}