{"id":945,"date":"2012-02-08T14:30:32","date_gmt":"2012-02-08T13:30:32","guid":{"rendered":"http:\/\/csillagpor.hu\/remek\/programok\/?page_id=945"},"modified":"2022-10-01T18:34:16","modified_gmt":"2022-10-01T16:34:16","slug":"dropbox-screenshot","status":"publish","type":"page","link":"https:\/\/csillagpor.hu\/remek\/programok\/dropbox-screenshot","title":{"rendered":"Dropbox k\u00e9perny\u0151k\u00e9pek"},"content":{"rendered":"<p><a target=\"_blank\" title=\"dropbox\" href=\"\/\/csillagpor.hu\/remek\/programok\/dropbox-letoltese\" rel=\"noopener\">Dropbox f\u00e1jl szinkroniz\u00e1l\u00f3 program.<\/a> Telep\u00edt\u00e9s v\u00e9g\u00e9n bejelentkez\u00e9s vagy regisztr\u00e1l\u00e1s.<br \/>\n<img decoding=\"async\" loading=\"lazy\" alt=\"Dropbox f\u00e1jl szinkroniz\u00e1l\u00f3\" src=\"\/\/cuccokhalomban.csillagpor.hu\/pict\/dropbox-screenshot-1.jpg\" width=\"510\" height=\"481\" \/>\n<\/p>\n<p>2 GB ingyenes t\u00e1rhely, p\u00e9nz\u00e9rt 100 GB-ig b\u0151v\u00edthet\u0151 jelenleg.<br \/>\n<img decoding=\"async\" loading=\"lazy\" alt=\"Dropbox ingyenes t\u00e1rhely\" src=\"\/\/cuccokhalomban.csillagpor.hu\/pict\/dropbox-screenshot-2.jpg\" width=\"510\" height=\"479\" \/>\n<\/p>\n<p>Egy\u00e9rtelm\u0171en megmutatja, hogy hol tal\u00e1lhat\u00f3 telep\u00edt\u00e9s ut\u00e1n az ikonja :-)<br \/>\n<img decoding=\"async\" loading=\"lazy\" alt=\"Dropbox\" src=\"\/\/cuccokhalomban.csillagpor.hu\/pict\/dropbox-screenshot-3.jpg\" width=\"719\" height=\"500\" \/>\n<\/p>\n<p>A jobb klikkel el\u00e9rhet\u0151 men\u00fc.<br \/>\n<img decoding=\"async\" loading=\"lazy\" alt=\"Dropbox men\u00fc\" src=\"\/\/cuccokhalomban.csillagpor.hu\/pict\/dropbox-screenshot-4.jpg\" width=\"369\" height=\"279\" \/>\n<\/p>\n<p>S\u00e1vsz\u00e9less\u00e9g be\u00e1ll\u00edt\u00e1sok, ha teheted \u00e1ll\u00edtsd &#8220;Don&#8217;t limit&#8221;-re!<br \/>\n<img decoding=\"async\" loading=\"lazy\" alt=\"Dropbox s\u00e1vsz\u00e9less\u00e9g\" src=\"\/\/cuccokhalomban.csillagpor.hu\/pict\/dropbox-screenshot-5.jpg\" width=\"387\" height=\"412\" \/>\n<\/p>\n<p>Dropbox k\u00f6nyvt\u00e1r \u00e9s egy\u00e9b be\u00e1ll\u00edt\u00e1sok.<br \/>\n<img decoding=\"async\" loading=\"lazy\" alt=\"Dropbox k\u00f6nyvt\u00e1r\" src=\"\/\/cuccokhalomban.csillagpor.hu\/pict\/dropbox-screenshot-6.jpg\" width=\"386\" height=\"412\" \/>\n<\/p>\n<p>F\u00e1jlok \u00e9s k\u00f6nyvt\u00e1rak a webes fel\u00fcleten.<br \/>\n<img decoding=\"async\" loading=\"lazy\" alt=\"Dropbox webes fel\u00fclet\" src=\"\/\/cuccokhalomban.csillagpor.hu\/pict\/dropbox-screenshot-7.jpg\" width=\"800\" height=\"302\" \/><\/p>\n","protected":false},"excerpt":{"rendered":"<p>Dropbox f\u00e1jl szinkroniz\u00e1l\u00f3 program. Telep\u00edt\u00e9s v\u00e9g\u00e9n bejelentkez\u00e9s vagy regisztr\u00e1l\u00e1s. 2 GB ingyenes t\u00e1rhely, p\u00e9nz\u00e9rt 100 GB-ig b\u0151v\u00edthet\u0151 jelenleg. Egy\u00e9rtelm\u0171en megmutatja, hogy hol tal\u00e1lhat\u00f3&#46;&#46;&#46;<\/p>\n","protected":false},"author":1,"featured_media":0,"parent":0,"menu_order":0,"comment_status":"closed","ping_status":"closed","template":"","meta":{"footnotes":""},"_links":{"self":[{"href":"https:\/\/csillagpor.hu\/remek\/programok\/wp-json\/wp\/v2\/pages\/945"}],"collection":[{"href":"https:\/\/csillagpor.hu\/remek\/programok\/wp-json\/wp\/v2\/pages"}],"about":[{"href":"https:\/\/csillagpor.hu\/remek\/programok\/wp-json\/wp\/v2\/types\/page"}],"author":[{"embeddable":true,"href":"https:\/\/csillagpor.hu\/remek\/programok\/wp-json\/wp\/v2\/users\/1"}],"replies":[{"embeddable":true,"href":"https:\/\/csillagpor.hu\/remek\/programok\/wp-json\/wp\/v2\/comments?post=945"}],"version-history":[{"count":0,"href":"https:\/\/csillagpor.hu\/remek\/programok\/wp-json\/wp\/v2\/pages\/945\/revisions"}],"wp:attachment":[{"href":"https:\/\/csillagpor.hu\/remek\/programok\/wp-json\/wp\/v2\/media?parent=945"}],"curies":[{"name":"wp","href":"https:\/\/api.w.org\/{rel}","templated":true}]}}