{"id":946,"date":"2012-02-11T16:12:00","date_gmt":"2012-02-11T15:12:00","guid":{"rendered":"http:\/\/csillagpor.hu\/remek\/programok\/?page_id=946"},"modified":"2022-06-30T18:20:01","modified_gmt":"2022-06-30T16:20:01","slug":"foxit-reader-screenshot","status":"publish","type":"page","link":"https:\/\/csillagpor.hu\/remek\/programok\/foxit-reader-screenshot","title":{"rendered":"Foxit Reader k\u00e9perny\u0151k\u00e9pek"},"content":{"rendered":"<p>A <a target=\"_blank\" title=\"foxit reader\" href=\"\/\/csillagpor.hu\/remek\/programok\/foxit-reader\" rel=\"noopener noreferrer\">Foxit Reader PDF olvas\u00f3<\/a> 7.1.5-\u00f6s verzi\u00f3ja. \u00c1talak\u00edtott fel\u00fclettel&#8230; a szalag nyomokban magyar nyelvet is tartalmazhat.<br \/>\n<img decoding=\"async\" loading=\"lazy\" alt=\"Foxit Reader szalag\" src=\"\/\/cuccokhalomban.csillagpor.hu\/pict\/foxit-kepernyokepek-1.jpg\" width=\"803\" height=\"500\" \/>\n<\/p>\n<p>M\u00e9g ez se olyan rossz&#8230; el\u00e9g sok mindent lehet m\u00e1r vele csin\u00e1lni az el\u0151z\u0151 verzi\u00f3khoz k\u00e9pest.<br \/>\n<img decoding=\"async\" loading=\"lazy\" alt=\"Foxit Reader szalag megjegyz\u00e9s\" src=\"\/\/cuccokhalomban.csillagpor.hu\/pict\/foxit-kepernyokepek-2.jpg\" width=\"803\" height=\"500\" \/>\n<\/p>\n<p>No ide, a n\u00e9zethez m\u00e1r nem jutott magyar nyelv&#8230; a jobb gombos men\u00fc is fura.<br \/>\n<img decoding=\"async\" loading=\"lazy\" alt=\"Foxit Reader men\u00fc\" src=\"\/\/cuccokhalomban.csillagpor.hu\/pict\/foxit-kepernyokepek-3.jpg\" width=\"803\" height=\"500\" \/>\n<\/p>\n<p>A Be\u00e1ll\u00edt\u00e1sok ezen r\u00e9sz\u00e9n lehet \u00e1t\u00e1ll\u00edtani a nyelvet.<br \/>\n<img decoding=\"async\" loading=\"lazy\" alt=\"Foxit Reader magyar nyelv\" src=\"\/\/cuccokhalomban.csillagpor.hu\/pict\/foxit-kepernyokepek-4.jpg\" width=\"725\" height=\"458\" \/>\n<\/p>\n<p>A hagyom\u00e1nyos fel\u00fclet l\u00e9nyegesen jobban van magyarra ford\u00edtva &#8230; gondolhatn\u00e1nk, de k\u00e9s\u0151bb m\u00e1r ez sem olyan j\u00f3. Az \u00fajabb dolgok m\u00e9g nem magyarok.<br \/>\n<img decoding=\"async\" loading=\"lazy\" alt=\"Foxit Reader hagyom\u00e1nyos fel\u00fclet\" src=\"\/\/cuccokhalomban.csillagpor.hu\/pict\/foxit-kepernyokepek-5.jpg\" width=\"803\" height=\"500\" \/>\n<\/p>\n<p>Egy \u00faj, \u00fcres PDF l\u00e9trehoz\u00e1sa.<br \/>\n<img decoding=\"async\" loading=\"lazy\" alt=\"Foxit Reader \u00fcres PDF\" src=\"\/\/cuccokhalomban.csillagpor.hu\/pict\/foxit-kepernyokepek-6.jpg\" width=\"803\" height=\"500\" \/>\n<\/p>\n<p>R\u00e9gebbi verzi\u00f3k:<\/p>\n<p><a target=\"_blank\" title=\"foxit reader\" href=\"\/\/csillagpor.hu\/remek\/programok\/foxit-reader\" rel=\"noopener noreferrer\">Foxit Reader PDF olvas\u00f3<\/a>. Ha nem akarjuk ne telep\u00edts\u00fck a Toolbart, \u00e9s ne \u00e1ll\u00edtsuk \u00e1t a keres\u0151t a b\u00f6ng\u00e9sz\u0151nkben. Ez azt hiszem az \u00fajabb verzi\u00f3kban m\u00e1r nincs.<br \/>\n<img decoding=\"async\" loading=\"lazy\" alt=\"Foxit Reader toolbar\" src=\"\/\/cuccokhalomban.csillagpor.hu\/pict\/foxit-reader-screenshot-1.jpg\" width=\"507\" height=\"415\" \/>\n<\/p>\n<p>A b\u00f6ng\u00e9sz\u0151 be\u00e9p\u00fcl\u0151k szint\u00e9n nem fontosak, csak ha akarjuk &#8230;<br \/>\n<img decoding=\"async\" loading=\"lazy\" alt=\"Foxit Reader be\u00e9p\u00fcl\u0151k\" src=\"\/\/cuccokhalomban.csillagpor.hu\/pict\/foxit-reader-screenshot-2.jpg\" width=\"508\" height=\"415\" \/>\n<\/p>\n<p>Legyen a Foxit az alap\u00e9rtelmezett PDF olvas\u00f3?<br \/>\n<img decoding=\"async\" loading=\"lazy\" alt=\"Foxit Reader PDF olvas\u00f3\" src=\"\/\/cuccokhalomban.csillagpor.hu\/pict\/foxit-reader-screenshot-3.jpg\" width=\"509\" height=\"414\" \/>\n<\/p>\n<p>Egy gyors regisztr\u00e1l\u00e1s ut\u00e1n ingyenes, az emailben kapott linkre kell egyet kattintani \u00e9s k\u00e9sz.<br \/>\n<img decoding=\"async\" loading=\"lazy\" alt=\"Foxit Reader regisztr\u00e1l\u00e1s\" src=\"\/\/cuccokhalomban.csillagpor.hu\/pict\/foxit-reader-screenshot-4.jpg\" width=\"915\" height=\"411\" \/>\n<\/p>\n<p>A nyit\u00f3ablak \u00e9s a be\u00e1ll\u00edt\u00e1sok.<br \/>\n<img decoding=\"async\" loading=\"lazy\" alt=\"Foxit Reader be\u00e1ll\u00edt\u00e1sok\" src=\"\/\/cuccokhalomban.csillagpor.hu\/pict\/foxit-reader-screenshot-5.jpg\" width=\"914\" height=\"500\" \/>\n<\/p>\n<p>Itt tudjuk magyar nyelvre \u00e1ll\u00edtani, ha m\u00e1r elk\u00e9sz\u00fclt a ford\u00edt\u00e1s, a leg\u00fajabb verzi\u00f3hoz nem mindig van r\u00f6gt\u00f6n k\u00e9sz.<br \/>\n<img decoding=\"async\" loading=\"lazy\" alt=\"Foxit Reader magyar nyelv\" src=\"\/\/cuccokhalomban.csillagpor.hu\/pict\/foxit-reader-screenshot-6.jpg\" width=\"914\" height=\"500\" \/>\n<\/p>\n<p>Be\u00e1ll\u00edt\u00e1sok, f\u00e1jl hozz\u00e1rendel\u00e9s \u00e9s alap\u00e9rtelmezett PDF olvas\u00f3v\u00e1 t\u00e9tel.<br \/>\n<img decoding=\"async\" loading=\"lazy\" alt=\"Foxit Reader f\u00e1jl hozz\u00e1rendel\u00e9s\" src=\"\/\/cuccokhalomban.csillagpor.hu\/pict\/foxit-reader-screenshot-7.jpg\" width=\"912\" height=\"500\" \/>\n<\/p>\n<p>Oldal b\u00f6ng\u00e9sz\u00e9s \u00e9s eszk\u00f6z\u00f6k.<br \/>\n<img decoding=\"async\" loading=\"lazy\" alt=\"Foxit Reader eszk\u00f6z\u00f6k\" src=\"\/\/cuccokhalomban.csillagpor.hu\/pict\/foxit-reader-screenshot-8.jpg\" width=\"915\" height=\"500\" \/>\n<\/p>\n<p>Sz\u00f6veg kijel\u00f6l\u00e9s \u00e9s m\u0171veletek hozz\u00e1.<br \/>\n<img decoding=\"async\" loading=\"lazy\" alt=\"Foxit Reader kijel\u00f6l\u00e9s\" src=\"\/\/cuccokhalomban.csillagpor.hu\/pict\/foxit-reader-screenshot-9.jpg\" width=\"914\" height=\"500\" \/>\n<\/p>\n<p>Az eszk\u00f6zt\u00e1r \u00e1t\u00e1ll\u00edt\u00e1sa, itt l\u00e1that\u00f3ak pl. a rajz eszk\u00f6z\u00f6k is.<br \/>\n<img decoding=\"async\" loading=\"lazy\" alt=\"Foxit Reader eszk\u00f6zt\u00e1r\" src=\"\/\/cuccokhalomban.csillagpor.hu\/pict\/foxit-reader-screenshot-10.jpg\" width=\"914\" height=\"500\" \/><\/p>\n","protected":false},"excerpt":{"rendered":"<p>A Foxit Reader PDF olvas\u00f3 7.1.5-\u00f6s verzi\u00f3ja. \u00c1talak\u00edtott fel\u00fclettel&#8230; a szalag nyomokban magyar nyelvet is tartalmazhat. M\u00e9g ez se olyan rossz&#8230; el\u00e9g sok&#46;&#46;&#46;<\/p>\n","protected":false},"author":1,"featured_media":0,"parent":0,"menu_order":0,"comment_status":"closed","ping_status":"closed","template":"","meta":{"footnotes":""},"_links":{"self":[{"href":"https:\/\/csillagpor.hu\/remek\/programok\/wp-json\/wp\/v2\/pages\/946"}],"collection":[{"href":"https:\/\/csillagpor.hu\/remek\/programok\/wp-json\/wp\/v2\/pages"}],"about":[{"href":"https:\/\/csillagpor.hu\/remek\/programok\/wp-json\/wp\/v2\/types\/page"}],"author":[{"embeddable":true,"href":"https:\/\/csillagpor.hu\/remek\/programok\/wp-json\/wp\/v2\/users\/1"}],"replies":[{"embeddable":true,"href":"https:\/\/csillagpor.hu\/remek\/programok\/wp-json\/wp\/v2\/comments?post=946"}],"version-history":[{"count":0,"href":"https:\/\/csillagpor.hu\/remek\/programok\/wp-json\/wp\/v2\/pages\/946\/revisions"}],"wp:attachment":[{"href":"https:\/\/csillagpor.hu\/remek\/programok\/wp-json\/wp\/v2\/media?parent=946"}],"curies":[{"name":"wp","href":"https:\/\/api.w.org\/{rel}","templated":true}]}}