{"id":958,"date":"2012-02-13T20:58:50","date_gmt":"2012-02-13T19:58:50","guid":{"rendered":"http:\/\/csillagpor.hu\/remek\/programok\/?page_id=958"},"modified":"2022-06-30T18:25:49","modified_gmt":"2022-06-30T16:25:49","slug":"dopdf-screenshot","status":"publish","type":"page","link":"https:\/\/csillagpor.hu\/remek\/programok\/dopdf-screenshot","title":{"rendered":"doPDF k\u00e9perny\u0151k\u00e9pek"},"content":{"rendered":"<p><a target=\"_blank\" title=\"dopdf pdf nyomtato\" href=\"\/\/csillagpor.hu\/remek\/programok\/dopdf-pdf-nyomtato\" rel=\"noopener noreferrer\">doPDF PDF nyomtat\u00f3 \u00e9s \u00e1talak\u00edt\u00f3<\/a>. Telep\u00edt\u00e9s k\u00f6zben alap\u00e9rtelmezett nyomtat\u00f3v\u00e1 tehetj\u00fck (de k\u00e9s\u0151bb is).<br \/>\n<img decoding=\"async\" loading=\"lazy\" alt=\"doPDF telep\u00edt\u00e9s\" src=\"\/\/cuccokhalomban.csillagpor.hu\/pict\/dopdf-screenshot-1.jpg\" width=\"502\" height=\"388\" \/>\n<\/p>\n<p>Nyelvek telep\u00edt\u00e9se.<br \/>\n<img decoding=\"async\" loading=\"lazy\" alt=\"doPDF nyelvek\" src=\"\/\/cuccokhalomban.csillagpor.hu\/pict\/dopdf-screenshot-2.jpg\" width=\"502\" height=\"387\" \/>\n<\/p>\n<p>Ha programot ind\u00edtjuk, f\u00e1jlokat alak\u00edthatunk PDF-be.<br \/>\n<img decoding=\"async\" loading=\"lazy\" alt=\"doPDF f\u00e1jl \u00e1talak\u00edt\u00e1s\" src=\"\/\/cuccokhalomban.csillagpor.hu\/pict\/dopdf-screenshot-3.jpg\" width=\"542\" height=\"378\" \/>\n<\/p>\n<p>Itt l\u00e1that\u00f3 mint alap\u00e9rtelmezett nyomtat\u00f3.<br \/>\n<img decoding=\"async\" loading=\"lazy\" alt=\"doPDF alap\u00e9rtelmezett nyomtat\u00f3\" src=\"\/\/cuccokhalomban.csillagpor.hu\/pict\/dopdf-screenshot-4.jpg\" width=\"711\" height=\"500\" \/>\n<\/p>\n<p>A doPDF nyomtat\u00f3 be\u00e1ll\u00edt\u00e1sai.<br \/>\n<img decoding=\"async\" loading=\"lazy\" alt=\"doPDF be\u00e1ll\u00edt\u00e1sok\" src=\"\/\/cuccokhalomban.csillagpor.hu\/pict\/dopdf-screenshot-5.jpg\" width=\"710\" height=\"500\" \/><\/p>\n","protected":false},"excerpt":{"rendered":"<p>doPDF PDF nyomtat\u00f3 \u00e9s \u00e1talak\u00edt\u00f3. Telep\u00edt\u00e9s k\u00f6zben alap\u00e9rtelmezett nyomtat\u00f3v\u00e1 tehetj\u00fck (de k\u00e9s\u0151bb is). Nyelvek telep\u00edt\u00e9se. Ha programot ind\u00edtjuk, f\u00e1jlokat alak\u00edthatunk PDF-be. Itt l\u00e1that\u00f3&#46;&#46;&#46;<\/p>\n","protected":false},"author":1,"featured_media":0,"parent":0,"menu_order":0,"comment_status":"closed","ping_status":"closed","template":"","meta":{"footnotes":""},"_links":{"self":[{"href":"https:\/\/csillagpor.hu\/remek\/programok\/wp-json\/wp\/v2\/pages\/958"}],"collection":[{"href":"https:\/\/csillagpor.hu\/remek\/programok\/wp-json\/wp\/v2\/pages"}],"about":[{"href":"https:\/\/csillagpor.hu\/remek\/programok\/wp-json\/wp\/v2\/types\/page"}],"author":[{"embeddable":true,"href":"https:\/\/csillagpor.hu\/remek\/programok\/wp-json\/wp\/v2\/users\/1"}],"replies":[{"embeddable":true,"href":"https:\/\/csillagpor.hu\/remek\/programok\/wp-json\/wp\/v2\/comments?post=958"}],"version-history":[{"count":0,"href":"https:\/\/csillagpor.hu\/remek\/programok\/wp-json\/wp\/v2\/pages\/958\/revisions"}],"wp:attachment":[{"href":"https:\/\/csillagpor.hu\/remek\/programok\/wp-json\/wp\/v2\/media?parent=958"}],"curies":[{"name":"wp","href":"https:\/\/api.w.org\/{rel}","templated":true}]}}