{"id":963,"date":"2012-02-19T16:10:32","date_gmt":"2012-02-19T15:10:32","guid":{"rendered":"http:\/\/csillagpor.hu\/remek\/programok\/?page_id=963"},"modified":"2022-06-30T18:15:47","modified_gmt":"2022-06-30T16:15:47","slug":"java-jre-screenshot","status":"publish","type":"page","link":"https:\/\/csillagpor.hu\/remek\/programok\/java-jre-screenshot","title":{"rendered":"Java JRE k\u00e9perny\u0151k\u00e9pek"},"content":{"rendered":"<p><a target=\"_blank\" title=\"java\" href=\"\/\/csillagpor.hu\/remek\/programok\/java-letoltese\" rel=\"noopener noreferrer\">Java virtu\u00e1lis g\u00e9p<\/a>, a Java <a target=\"_blank\" title=\"Windows alkatr\u00e9szek\" href=\"\/\/csillagpor.hu\/remek\/programok\/windows-alkatreszek\" rel=\"noopener noreferrer\">futtat\u00f3 k\u00f6rnyezet<\/a> telep\u00edt\u00e9se.<br \/>\n<img decoding=\"async\" loading=\"lazy\" alt=\"Java JRE telep\u00edt\u00e9s\" src=\"\/\/cuccokhalomban.csillagpor.hu\/pict\/java-jre-screenshot-1.jpg\" width=\"505\" height=\"382\" \/>\n<\/p>\n<p>Oracle Java telep\u00edt\u00e9s folyamatban &#8230; 3 milli\u00f3 eszk\u00f6z fut Java-n.<br \/>\n<img decoding=\"async\" loading=\"lazy\" alt=\"Java JRE - 3 milli\u00f3 eszk\u00f6z\" src=\"\/\/cuccokhalomban.csillagpor.hu\/pict\/java-jre-screenshot-2.jpg\" width=\"506\" height=\"381\" \/>\n<\/p>\n<p>Java telep\u00edt\u00e9se k\u00e9sz.<br \/>\n<img decoding=\"async\" loading=\"lazy\" alt=\"Java JRE k\u00e9sz\" src=\"\/\/cuccokhalomban.csillagpor.hu\/pict\/java-jre-screenshot-3.jpg\" width=\"506\" height=\"381\" \/>\n<\/p>\n<p>Be\u00e1ll\u00edt\u00e1sok &#8211; General, h\u00e1l\u00f3zati \u00e9s \u00e1tmeneti f\u00e1jlok be\u00e1ll\u00edt\u00e1sa.<br \/>\n<img decoding=\"async\" loading=\"lazy\" alt=\"Java JRE 4\" src=\"\/\/cuccokhalomban.csillagpor.hu\/pict\/java-jre-screenshot-4.jpg\" width=\"439\" height=\"435\" \/>\n<\/p>\n<p>Friss\u00edt\u00e9sek be\u00e1ll\u00edt\u00e1sai. Itt automatikusan ellen\u0151rzi van e friss\u00edt\u00e9s, let\u00f6lti \u00e9s ezut\u00e1n sz\u00f3l.<br \/>\n<img decoding=\"async\" loading=\"lazy\" alt=\"Java JRE friss\u00edt\u00e9s\" src=\"\/\/cuccokhalomban.csillagpor.hu\/pict\/java-jre-screenshot-5.jpg\" width=\"440\" height=\"434\" \/>\n<\/p>\n<p>Halad\u00f3 be\u00e1ll\u00edt\u00e1sok, pl. b\u00f6ng\u00e9sz\u0151 plugint telep\u00edt\u00fcnk e, az \u00e9rtes\u00edt\u00e9si ter\u00fcleten legyen e Java ikon, ilyesmik &#8230;<br \/>\n<img decoding=\"async\" loading=\"lazy\" alt=\"Java JRE be\u00e1ll\u00edt\u00e1sok\" src=\"\/\/cuccokhalomban.csillagpor.hu\/pict\/java-jre-screenshot-6.jpg\" width=\"440\" height=\"435\" \/><\/p>\n","protected":false},"excerpt":{"rendered":"<p>Java virtu\u00e1lis g\u00e9p, a Java futtat\u00f3 k\u00f6rnyezet telep\u00edt\u00e9se. Oracle Java telep\u00edt\u00e9s folyamatban &#8230; 3 milli\u00f3 eszk\u00f6z fut Java-n. Java telep\u00edt\u00e9se k\u00e9sz. Be\u00e1ll\u00edt\u00e1sok &#8211;&#46;&#46;&#46;<\/p>\n","protected":false},"author":1,"featured_media":0,"parent":0,"menu_order":0,"comment_status":"closed","ping_status":"closed","template":"","meta":{"footnotes":""},"_links":{"self":[{"href":"https:\/\/csillagpor.hu\/remek\/programok\/wp-json\/wp\/v2\/pages\/963"}],"collection":[{"href":"https:\/\/csillagpor.hu\/remek\/programok\/wp-json\/wp\/v2\/pages"}],"about":[{"href":"https:\/\/csillagpor.hu\/remek\/programok\/wp-json\/wp\/v2\/types\/page"}],"author":[{"embeddable":true,"href":"https:\/\/csillagpor.hu\/remek\/programok\/wp-json\/wp\/v2\/users\/1"}],"replies":[{"embeddable":true,"href":"https:\/\/csillagpor.hu\/remek\/programok\/wp-json\/wp\/v2\/comments?post=963"}],"version-history":[{"count":0,"href":"https:\/\/csillagpor.hu\/remek\/programok\/wp-json\/wp\/v2\/pages\/963\/revisions"}],"wp:attachment":[{"href":"https:\/\/csillagpor.hu\/remek\/programok\/wp-json\/wp\/v2\/media?parent=963"}],"curies":[{"name":"wp","href":"https:\/\/api.w.org\/{rel}","templated":true}]}}