{"id":964,"date":"2012-02-19T22:07:49","date_gmt":"2012-02-19T21:07:49","guid":{"rendered":"http:\/\/csillagpor.hu\/remek\/programok\/?page_id=964"},"modified":"2022-06-30T17:59:49","modified_gmt":"2022-06-30T15:59:49","slug":"smplayer-screenshot","status":"publish","type":"page","link":"https:\/\/csillagpor.hu\/remek\/programok\/smplayer-screenshot","title":{"rendered":"SMPlayer k\u00e9perny\u0151k\u00e9pek"},"content":{"rendered":"<p>&rarr; <a target=\"_blank\" title=\"smplayer k\u00e9perny\u0151k\u00e9pek\" href=\"\/\/csillagpor.hu\/remek\/programok\/smplayer-kepernyokepek\" rel=\"noopener noreferrer\">SMPlayer k\u00e9perny\u0151k\u00e9pek egy sokkal \u00fajabb verzi\u00f3r\u00f3l.<\/a><\/p>\n<p><a target=\"_blank\" title=\"mplayer, smplayer\" href=\"\/\/csillagpor.hu\/remek\/programok\/mplayer-smplayer-letoltese\" rel=\"noopener noreferrer\">SMPlayer m\u00e9dia lej\u00e1tsz\u00f3<\/a> telep\u00edt\u00e9s k\u00f6zben, \u00f6sszetev\u0151k kiv\u00e1laszt\u00e1sa.<br \/>\n<img decoding=\"async\" loading=\"lazy\" alt=\"SMPlayer telep\u00edt\u00e9s\" src=\"\/\/cuccokhalomban.csillagpor.hu\/pict\/smplayer-screenshot-1.jpg\" width=\"503\" height=\"389\" \/>\n<\/p>\n<p>K\u00fcls\u0151 kodekek telep\u00edt\u00e9se.<br \/>\n<img decoding=\"async\" loading=\"lazy\" alt=\"SMPlayer kodekek\" src=\"\/\/cuccokhalomban.csillagpor.hu\/pict\/smplayer-screenshot-2.jpg\" width=\"503\" height=\"389\" \/>\n<\/p>\n<p>A lej\u00e1tsz\u00f3 nyit\u00f3k\u00e9pe.<br \/>\n<img decoding=\"async\" loading=\"lazy\" alt=\"SMPlayer\" src=\"\/\/cuccokhalomban.csillagpor.hu\/pict\/smplayer-screenshot-3.jpg\" width=\"596\" height=\"478\" \/>\n<\/p>\n<p>Be\u00e1ll\u00edt\u00e1sok, CD, DVD meghajt\u00f3k.<br \/>\n<img decoding=\"async\" loading=\"lazy\" alt=\"SMPlayer CD, DVD\" src=\"\/\/cuccokhalomban.csillagpor.hu\/pict\/smplayer-screenshot-4.jpg\" width=\"731\" height=\"484\" \/>\n<\/p>\n<p>Be\u00e1ll\u00edt\u00e1sok, pl. id\u0151poz\u00edci\u00f3 megjegyz\u00e9se, pillanatk\u00e9pek.<br \/>\n<img decoding=\"async\" loading=\"lazy\" alt=\"SMPlayer be\u00e1ll\u00edt\u00e1sok\" src=\"\/\/cuccokhalomban.csillagpor.hu\/pict\/smplayer-screenshot-5.jpg\" width=\"730\" height=\"484\" \/>\n<\/p>\n<p>Be\u00e1ll\u00edt\u00e1sok, teljes\u00edtm\u00e9ny, priorit\u00e1s.<br \/>\n<img decoding=\"async\" loading=\"lazy\" alt=\"SMPlayer teljes\u00edtm\u00e9ny\" src=\"\/\/cuccokhalomban.csillagpor.hu\/pict\/smplayer-screenshot-6.jpg\" width=\"731\" height=\"484\" \/>\n<\/p>\n<p>Feliratok be\u00e1ll\u00edt\u00e1sai.<br \/>\n<img decoding=\"async\" loading=\"lazy\" alt=\"SMPlayer feliratok\" src=\"\/\/cuccokhalomban.csillagpor.hu\/pict\/smplayer-screenshot-7.jpg\" width=\"732\" height=\"484\" \/>\n<\/p>\n<p>Rengeteg m\u00e9dia f\u00e1jl t\u00edpust kezel.<br \/>\n<img decoding=\"async\" loading=\"lazy\" alt=\"SMPlayer f\u00e1jlt\u00edpusok\" src=\"\/\/cuccokhalomban.csillagpor.hu\/pict\/smplayer-screenshot-8.jpg\" width=\"731\" height=\"484\" \/>\n<\/p>\n<p>Vide\u00f3, sokf\u00e9le m\u00e9retar\u00e1ny.<br \/>\n<img decoding=\"async\" loading=\"lazy\" alt=\"SMPlayer m\u00e9retar\u00e1ny\" src=\"\/\/cuccokhalomban.csillagpor.hu\/pict\/smplayer-screenshot-9.jpg\" width=\"597\" height=\"485\" \/>\n<\/p>\n<p>Kompakt n\u00e9zet.<br \/>\n<img decoding=\"async\" loading=\"lazy\" alt=\"SMPlayer kompakt n\u00e9zet\" src=\"\/\/cuccokhalomban.csillagpor.hu\/pict\/smplayer-screenshot-10.jpg\" width=\"596\" height=\"367\" \/><\/p>\n","protected":false},"excerpt":{"rendered":"<p>&rarr; SMPlayer k\u00e9perny\u0151k\u00e9pek egy sokkal \u00fajabb verzi\u00f3r\u00f3l. SMPlayer m\u00e9dia lej\u00e1tsz\u00f3 telep\u00edt\u00e9s k\u00f6zben, \u00f6sszetev\u0151k kiv\u00e1laszt\u00e1sa. K\u00fcls\u0151 kodekek telep\u00edt\u00e9se. A lej\u00e1tsz\u00f3 nyit\u00f3k\u00e9pe. Be\u00e1ll\u00edt\u00e1sok, CD, DVD&#46;&#46;&#46;<\/p>\n","protected":false},"author":1,"featured_media":0,"parent":0,"menu_order":0,"comment_status":"closed","ping_status":"closed","template":"","meta":{"footnotes":""},"_links":{"self":[{"href":"https:\/\/csillagpor.hu\/remek\/programok\/wp-json\/wp\/v2\/pages\/964"}],"collection":[{"href":"https:\/\/csillagpor.hu\/remek\/programok\/wp-json\/wp\/v2\/pages"}],"about":[{"href":"https:\/\/csillagpor.hu\/remek\/programok\/wp-json\/wp\/v2\/types\/page"}],"author":[{"embeddable":true,"href":"https:\/\/csillagpor.hu\/remek\/programok\/wp-json\/wp\/v2\/users\/1"}],"replies":[{"embeddable":true,"href":"https:\/\/csillagpor.hu\/remek\/programok\/wp-json\/wp\/v2\/comments?post=964"}],"version-history":[{"count":0,"href":"https:\/\/csillagpor.hu\/remek\/programok\/wp-json\/wp\/v2\/pages\/964\/revisions"}],"wp:attachment":[{"href":"https:\/\/csillagpor.hu\/remek\/programok\/wp-json\/wp\/v2\/media?parent=964"}],"curies":[{"name":"wp","href":"https:\/\/api.w.org\/{rel}","templated":true}]}}