{"id":967,"date":"2012-02-20T15:48:47","date_gmt":"2012-02-20T14:48:47","guid":{"rendered":"http:\/\/csillagpor.hu\/remek\/programok\/?page_id=967"},"modified":"2022-06-30T17:43:08","modified_gmt":"2022-06-30T15:43:08","slug":"sweet-home-3d-screenshot","status":"publish","type":"page","link":"https:\/\/csillagpor.hu\/remek\/programok\/sweet-home-3d-screenshot","title":{"rendered":"Sweet Home 3D k\u00e9perny\u0151k\u00e9pek"},"content":{"rendered":"<p><a target=\"_blank\" title=\"Sweet Home 3D let\u00f6lt\u00e9se\" href=\"\/\/csillagpor.hu\/remek\/programok\/sweet-home-3d-letoltese\" rel=\"noopener noreferrer\">Sweet Home 3D lak\u00e1stervez\u0151, lakberendez\u0151 program<\/a> Windows 10-en. Megpr\u00f3b\u00e1lok egy csigal\u00e9pcs\u0151t betenni a szoba k\u00f6zep\u00e9re.<br \/>\n<img decoding=\"async\" loading=\"lazy\" alt=\"Sweet Home 3D Windows 10\" src=\"\/\/cuccokhalomban.csillagpor.hu\/pict\/sweet-home-3d-kepernyokep-1.jpg\" width=\"1098\" height=\"834\" \/>\n<\/p>\n<p>Siker\u00fclt! Az asztalb\u00f3l r\u00f6gt\u00f6n felmehet\u00fcnk az emeletre! Mondjuk szerintem ez nem csigal\u00e9pcs\u0151 &#8230; most, de lehet, hogy alak\u00edthat\u00f3 m\u00e9g valami rajta.<br \/>\n<img decoding=\"async\" loading=\"lazy\" alt=\"Sweet Home 3D l\u00e9pcs\u0151\" src=\"\/\/cuccokhalomban.csillagpor.hu\/pict\/sweet-home-3d-kepernyokep-2.jpg\" width=\"1098\" height=\"834\" \/>\n<\/p>\n<p>Azt\u00e1n most j\u00f6jj\u00f6n az emeletes \u00e1gy &#8230;<br \/>\n<img decoding=\"async\" loading=\"lazy\" alt=\"Sweet Home 3D emelete \u00e1gy\" src=\"\/\/cuccokhalomban.csillagpor.hu\/pict\/sweet-home-3d-kepernyokep-3.jpg\" width=\"1098\" height=\"834\" \/>\n<\/p>\n<p>&#8230; a kertbe! L\u00e1thatjuk is az ablakon kereszt\u00fcl.<br \/>\n<img decoding=\"async\" loading=\"lazy\" alt=\"Sweet Home 3D ablakon kereszt\u00fcl\" src=\"\/\/cuccokhalomban.csillagpor.hu\/pict\/sweet-home-3d-kepernyokep-4.jpg\" width=\"1098\" height=\"834\" \/>\n<\/p>\n<p>Ez itt a fel\u00fcln\u00e9zet, menj\u00fcnk a virtu\u00e1lis l\u00e1togat\u00e1ssal is&#8230;<br \/>\n<img decoding=\"async\" loading=\"lazy\" alt=\"Sweet Home 3D n\u00e9zetek\" src=\"\/\/cuccokhalomban.csillagpor.hu\/pict\/sweet-home-3d-kepernyokep-5.jpg\" width=\"1098\" height=\"834\" \/>\n<\/p>\n<p>Magyarul, k\u00e9pekkel j\u00f3l illusztr\u00e1lt s\u00fag\u00f3. Nagyszer\u0171!<br \/>\n<img decoding=\"async\" loading=\"lazy\" alt=\"Sweet Home 3D magyar s\u00fag\u00f3\" src=\"\/\/cuccokhalomban.csillagpor.hu\/pict\/sweet-home-3d-kepernyokep-6.jpg\" width=\"786\" height=\"681\" \/>\n<\/p>\n<p>Az alapokon t\u00fal, t\u00f6bb mint 200 vide\u00f3b\u00f3l is tanulhatunk a YouTube-on!<br \/>\n<img decoding=\"async\" loading=\"lazy\" alt=\"Sweet Home 3D alapok\" src=\"\/\/cuccokhalomban.csillagpor.hu\/pict\/sweet-home-3d-kepernyokep-7.jpg\" width=\"786\" height=\"681\" \/>\n<\/p>\n<p>R\u00e9gebbi v\u00e1ltozat:<\/p>\n<p><a target=\"_blank\" title=\"sweet home 3d-letoltese\" href=\"\/\/csillagpor.hu\/remek\/programok\/sweet-home-3d-letoltese\" rel=\"noopener noreferrer\">Sweet Home 3D lak\u00e1stervez\u0151, lakberendez\u0151 program<\/a>. Egy let\u00f6lt\u00f6tt minta tervrajz megnyitva.<br \/>\n<img decoding=\"async\" loading=\"lazy\" alt=\"Sweet Home 3D tervrajz megnyitva\" src=\"\/\/cuccokhalomban.csillagpor.hu\/pict\/sweethome3d-screenshot-1.jpg\" width=\"819\" height=\"500\" \/>\n<\/p>\n<p>A k\u00e9sz m\u0171vet PDF-be is export\u00e1lhatjuk.<br \/>\n<img decoding=\"async\" loading=\"lazy\" alt=\"Sweet Home 3D PDF\" src=\"\/\/cuccokhalomban.csillagpor.hu\/pict\/sweethome3d-screenshot-2.jpg\" width=\"819\" height=\"500\" \/>\n<\/p>\n<p>Be\u00e1ll\u00edt\u00e1sok, nyelv, m\u00e9rt\u00e9kegys\u00e9g, vonalz\u00f3k, stb.<br \/>\n<img decoding=\"async\" loading=\"lazy\" alt=\"Sweet Home 3D be\u00e1ll\u00edt\u00e1s\" src=\"\/\/cuccokhalomban.csillagpor.hu\/pict\/sweethome3d-screenshot-3.jpg\" width=\"819\" height=\"500\" \/>\n<\/p>\n<p>B\u00fator, oszlopok megjelen\u00edt\u00e9se.<br \/>\n<img decoding=\"async\" loading=\"lazy\" alt=\"Sweet Home 3D b\u00fatorok\" src=\"\/\/cuccokhalomban.csillagpor.hu\/pict\/sweethome3d-screenshot-4.jpg\" width=\"819\" height=\"500\" \/>\n<\/p>\n<p>Alaprajz eszk\u00f6z\u00f6k, pl. falak- szob\u00e1k \u00e9p\u00edt\u00e9se.<br \/>\n<img decoding=\"async\" loading=\"lazy\" alt=\"Sweet Home 3D alaprajz\" src=\"\/\/cuccokhalomban.csillagpor.hu\/pict\/sweethome3d-screenshot-5.jpg\" width=\"821\" height=\"500\" \/>\n<\/p>\n<p>K\u00fcl\u00f6nf\u00e9le 3D n\u00e9zetek, fot\u00f3 \u00e9s vide\u00f3 k\u00e9sz\u00edt\u00e9s, virtu\u00e1lis s\u00e9ta.<br \/>\n<img decoding=\"async\" loading=\"lazy\" alt=\"Sweet Home 3D n\u00e9zetek\" src=\"\/\/cuccokhalomban.csillagpor.hu\/pict\/sweethome3d-screenshot-6.jpg\" width=\"819\" height=\"500\" \/>\n<\/p>\n<p>Vide\u00f3 felv\u00e9tel k\u00e9sz\u00edt\u00e9se.<br \/>\n<img decoding=\"async\" loading=\"lazy\" alt=\"Sweet Home 3D vide\u00f3 felv\u00e9tel\" src=\"\/\/cuccokhalomban.csillagpor.hu\/pict\/sweethome3d-screenshot-7.jpg\" width=\"820\" height=\"500\" \/>\n<\/p>\n<p>Virtu\u00e1lis l\u00e1togat\u00e1s n\u00e9zet.<br \/>\n<img decoding=\"async\" loading=\"lazy\" alt=\"Sweet Home 3D virtu\u00e1lis l\u00e1togat\u00e1s\" src=\"\/\/cuccokhalomban.csillagpor.hu\/pict\/sweethome3d-screenshot-8.jpg\" width=\"821\" height=\"500\" \/>\n<\/p>\n<p>Kezdhet\u00fcnk tiszta lappal is.<br \/>\n<img decoding=\"async\" loading=\"lazy\" alt=\"Sweet Home 3D\" src=\"\/\/cuccokhalomban.csillagpor.hu\/pict\/sweethome3d-screenshot-9.jpg\" width=\"819\" height=\"500\" \/>\n<\/p>\n<p>Az els\u0151 fal megrajzolva.<br \/>\n<img decoding=\"async\" loading=\"lazy\" alt=\"Sweet Home 3D, egy fal\" src=\"\/\/cuccokhalomban.csillagpor.hu\/pict\/sweethome3d-screenshot-10.jpg\" width=\"819\" height=\"500\" \/><\/p>\n","protected":false},"excerpt":{"rendered":"<p><a target=\"_blank\" title=\"sweet home 3d k\u00e9perny\u0151k\u00e9pek\" href=\"\/\/csillagpor.hu\/remek\/programok\/sweet-home-3d-screenshot\" rel=\"noopener noreferrer\"><img decoding=\"async\" loading=\"lazy\" alt=\"SweetHome 3D\" src=\"\/\/cuccokhalomban.csillagpor.hu\/pict\/sweethome3d.jpg\" width=\"120\" height=\"90\" class=\"flr\" \/><\/a>Sweet Home 3D lak\u00e1stervez\u0151, lakberendez\u0151 program Windows 10-en. Megpr\u00f3b\u00e1lok egy csigal\u00e9pcs\u0151t betenni a szoba k\u00f6zep\u00e9re. Siker\u00fclt! Az asztalb\u00f3l r\u00f6gt\u00f6n felmehet\u00fcnk az emeletre! Mondjuk szerintem ez nem csigal\u00e9pcs\u0151 &#8230; most, de lehet, hogy alak\u00edthat\u00f3 m\u00e9g valami rajta. Azt\u00e1n most j\u00f6jj\u00f6n az emeletes \u00e1gy &#8230;<\/p>\n","protected":false},"author":1,"featured_media":0,"parent":0,"menu_order":0,"comment_status":"closed","ping_status":"closed","template":"","meta":{"footnotes":""},"_links":{"self":[{"href":"https:\/\/csillagpor.hu\/remek\/programok\/wp-json\/wp\/v2\/pages\/967"}],"collection":[{"href":"https:\/\/csillagpor.hu\/remek\/programok\/wp-json\/wp\/v2\/pages"}],"about":[{"href":"https:\/\/csillagpor.hu\/remek\/programok\/wp-json\/wp\/v2\/types\/page"}],"author":[{"embeddable":true,"href":"https:\/\/csillagpor.hu\/remek\/programok\/wp-json\/wp\/v2\/users\/1"}],"replies":[{"embeddable":true,"href":"https:\/\/csillagpor.hu\/remek\/programok\/wp-json\/wp\/v2\/comments?post=967"}],"version-history":[{"count":0,"href":"https:\/\/csillagpor.hu\/remek\/programok\/wp-json\/wp\/v2\/pages\/967\/revisions"}],"wp:attachment":[{"href":"https:\/\/csillagpor.hu\/remek\/programok\/wp-json\/wp\/v2\/media?parent=967"}],"curies":[{"name":"wp","href":"https:\/\/api.w.org\/{rel}","templated":true}]}}