{"id":970,"date":"2012-02-23T21:38:26","date_gmt":"2012-02-23T20:38:26","guid":{"rendered":"http:\/\/csillagpor.hu\/remek\/programok\/?page_id=970"},"modified":"2022-06-30T17:38:22","modified_gmt":"2022-06-30T15:38:22","slug":"wax-screenshot","status":"publish","type":"page","link":"https:\/\/csillagpor.hu\/remek\/programok\/wax-screenshot","title":{"rendered":"Wax k\u00e9perny\u0151k\u00e9pek"},"content":{"rendered":"<p><a target=\"_blank\" title=\"wax\" href=\"\/\/csillagpor.hu\/remek\/programok\/wax-letoltese\" rel=\"noopener noreferrer\">Wax vide\u00f3szerkeszt\u0151 \u00e9s effektez\u0151 program<\/a>. Telep\u00edt\u00e9s k\u00f6zben Sony Vegas, Adobe Premier, Pure Motion EditStudio pluginek is feltehet\u0151ek.<br \/>\n<img decoding=\"async\" loading=\"lazy\" alt=\"Wax telep\u00edthet\u0151 pluginek\" src=\"\/\/cuccokhalomban.csillagpor.hu\/pict\/wax-screenshot-1.jpg\" width=\"426\" height=\"291\" \/>\n<\/p>\n<p>M\u00e1r feltelep\u00edtett VirtualDub \u00e9s Windows Movie Maker pluginek is hozz\u00e1adhat\u00f3k.<br \/>\n<img decoding=\"async\" loading=\"lazy\" alt=\"Wax pluginek hozz\u00e1ad\u00e1sa\" src=\"\/\/cuccokhalomban.csillagpor.hu\/pict\/wax-screenshot-2.jpg\" width=\"425\" height=\"381\" \/>\n<\/p>\n<p>Be\u00e1ll\u00edt\u00e1sok a Start men\u00fcb\u0151l is el\u00e9rhet\u0151ek, pl. megadhat\u00f3k a plugin k\u00f6nyvt\u00e1rak.<br \/>\n<img decoding=\"async\" loading=\"lazy\" alt=\"Wax be\u00e1ll\u00edt\u00e1sok\" src=\"\/\/cuccokhalomban.csillagpor.hu\/pict\/wax-screenshot-3.jpg\" width=\"509\" height=\"486\" \/>\n<\/p>\n<p>Hozz\u00e1adhat\u00f3 m\u00e9dia f\u00e1jlok t\u00edpusai, wav, avi \u00e9s rengeteg k\u00e9pf\u00e1jl.<br \/>\n<img decoding=\"async\" loading=\"lazy\" alt=\"Wax m\u00e9dia f\u00e1jlt\u00edpusok\" src=\"\/\/cuccokhalomban.csillagpor.hu\/pict\/wax-screenshot-4.jpg\" width=\"775\" height=\"500\" \/>\n<\/p>\n<p>Egy minta f\u00e1jl megnyitva.<br \/>\n<img decoding=\"async\" loading=\"lazy\" alt=\"Wax minta\" src=\"\/\/cuccokhalomban.csillagpor.hu\/pict\/wax-screenshot-5.jpg\" width=\"775\" height=\"500\" \/>\n<\/p>\n<p>A projekt be\u00e1ll\u00edt\u00e1sai, bemeneti m\u00f3d be\u00e1ll\u00edt\u00e1sai, vide\u00f3 \/ audi\u00f3 f\u00e1jln\u00e9v &#8230;<br \/>\n<img decoding=\"async\" loading=\"lazy\" alt=\"Wax projekt\" src=\"\/\/cuccokhalomban.csillagpor.hu\/pict\/wax-screenshot-6.jpg\" width=\"774\" height=\"500\" \/>\n<\/p>\n<p>Vide\u00f3 pluginek: 2D \u00e9s 3D.<br \/>\n<img decoding=\"async\" loading=\"lazy\" alt=\"Wax vide\u00f3 plugin\" src=\"\/\/cuccokhalomban.csillagpor.hu\/pict\/wax-screenshot-7.jpg\" width=\"776\" height=\"500\" \/>\n<\/p>\n<p>Plugin el\u0151be\u00e1ll\u00edt\u00e1sok.<br \/>\n<img decoding=\"async\" loading=\"lazy\" alt=\"Wax plugin\" src=\"\/\/cuccokhalomban.csillagpor.hu\/pict\/wax-screenshot-8.jpg\" width=\"774\" height=\"500\" \/>\n<\/p>\n<p>\u00c1tmenet el\u0151be\u00e1ll\u00edt\u00e1sok.<br \/>\n<img decoding=\"async\" loading=\"lazy\" alt=\"Wax \u00e1tmenet\" src=\"\/\/cuccokhalomban.csillagpor.hu\/pict\/wax-screenshot-9.jpg\" width=\"773\" height=\"500\" \/>\n<\/p>\n<p>DirectX pluginek.<br \/>\n<img decoding=\"async\" loading=\"lazy\" alt=\"Wax directx plugin\" src=\"\/\/cuccokhalomban.csillagpor.hu\/pict\/wax-screenshot-10.jpg\" width=\"775\" height=\"500\" \/><\/p>\n","protected":false},"excerpt":{"rendered":"<p><a target=\"_blank\" title=\"Wax k\u00e9perny\u0151k\u00e9pek\" href=\"\/\/csillagpor.hu\/remek\/programok\/wax-screenshot\" rel=\"noopener noreferrer\"><img decoding=\"async\" loading=\"lazy\" alt=\"Wax\" src=\"\/\/cuccokhalomban.csillagpor.hu\/pict\/wax-kicsi.jpg\" width=\"100\" height=\"79\" class=\"flr\" \/><\/a>Wax vide\u00f3szerkeszt\u0151 \u00e9s effektez\u0151 program. Telep\u00edt\u00e9s k\u00f6zben Sony Vegas, Adobe Premier, Pure Motion EditStudio pluginek is feltehet\u0151ek. M\u00e1r feltelep\u00edtett VirtualDub \u00e9s Windows Movie Maker pluginek is hozz\u00e1adhat\u00f3k. Be\u00e1ll\u00edt\u00e1sok a Start men\u00fcb\u0151l is el\u00e9rhet\u0151ek, pl. megadhat\u00f3k a plugin k\u00f6nyvt\u00e1rak&#8230;<\/p>\n","protected":false},"author":1,"featured_media":0,"parent":0,"menu_order":0,"comment_status":"closed","ping_status":"closed","template":"","meta":{"footnotes":""},"_links":{"self":[{"href":"https:\/\/csillagpor.hu\/remek\/programok\/wp-json\/wp\/v2\/pages\/970"}],"collection":[{"href":"https:\/\/csillagpor.hu\/remek\/programok\/wp-json\/wp\/v2\/pages"}],"about":[{"href":"https:\/\/csillagpor.hu\/remek\/programok\/wp-json\/wp\/v2\/types\/page"}],"author":[{"embeddable":true,"href":"https:\/\/csillagpor.hu\/remek\/programok\/wp-json\/wp\/v2\/users\/1"}],"replies":[{"embeddable":true,"href":"https:\/\/csillagpor.hu\/remek\/programok\/wp-json\/wp\/v2\/comments?post=970"}],"version-history":[{"count":0,"href":"https:\/\/csillagpor.hu\/remek\/programok\/wp-json\/wp\/v2\/pages\/970\/revisions"}],"wp:attachment":[{"href":"https:\/\/csillagpor.hu\/remek\/programok\/wp-json\/wp\/v2\/media?parent=970"}],"curies":[{"name":"wp","href":"https:\/\/api.w.org\/{rel}","templated":true}]}}